{"id":2195,"date":"2023-05-11T13:24:49","date_gmt":"2023-05-11T13:24:49","guid":{"rendered":"https:\/\/istopmotion.com\/pie-de-imprenta-impressum\/"},"modified":"2024-11-14T10:25:18","modified_gmt":"2024-11-14T10:25:18","slug":"%e5%8d%b0%e6%a8%a1","status":"publish","type":"page","link":"https:\/\/istopmotion.com\/zh\/%e5%8d%b0%e6%a8%a1\/","title":{"rendered":"Pie de imprenta \/ Impressum"},"content":{"rendered":"<h2 class=\"wp-block-heading\">Boinx \u8f6f\u4ef6\u56fd\u9645\u6709\u9650\u516c\u53f8<\/h2>\n\n<p>Josef-Kistler Str.<br\/>82110 Germering<br\/>\u5fb7\u56fd<br\/>Tel\u00e9fono y l\u00ednea directa t\u00e9cnica\uff1a<br\/>+1 855 264 6979\uff08\u82f1\u8bed\uff09<br\/>\u4f20\u771f<br\/>+49 89 84 00 55 55<br\/>\u4f20\u771f EE.UU\uff1a<br\/>1-866-GOBOINX\uff08\u514d\u8d39\uff09<\/p>\n\n<h2 class=\"wp-block-heading\">\u8054\u7cfb\u6211\u4eec<\/h2>\n\n<p>\u6211\u4eec\u5728\u8fd9\u91cc\u4e3a\u60a8\u63d0\u4f9b\u5e2e\u52a9\u3002\u8bf7\u4f7f\u7528\u672c\u9875\u7684\u7535\u5b50\u90ae\u7bb1\u4e0e\u6211\u4eec\u8054\u7cfb\u3002Boinx Software \u7684\u603b\u90e8\u4f4d\u4e8e\u5fb7\u56fd\u3002\u8bf7\u6ce8\u610f\u53ef\u80fd\u53d1\u751f\u7684\u65f6\u95f4\u53d8\u5316\uff0c\u6b63\u5e38\u60c5\u51b5\u4e0b\uff0c\u60a8\u53ef\u4ee5\u5728\u4e00\u5929\u5185\u6536\u5230\u6211\u4eec\u7684\u56de\u590d\u3002<\/p>\n\n<p>\u901a\u98ce\u90e8<br\/><a href=\"mailto:sales@boinx.com\">\u5173\u4e8e\u8bb8\u53ef\u3001\u4fee\u8ba2\u548c\u8bc4\u8bba\u65b9\u9762\u7684\u7279\u6b8a\u9700\u6c42\u548c\u95ee\u9898\u3002<\/a><\/p>\n\n<p>\u6559\u80b2\u901a\u98ce\u90e8<br\/><a href=\"mailto:sales@boinx.com\">Para solicitar presupuestos de licencias por volumen para uso educativo.<\/a><\/p>\n\n<p>\u63f4\u52a9\u90e8<br\/><a href=\"https:\/\/boinx.com\/support\/\" target=\"_blank\" rel=\"noopener\">\u5982\u9700\u6280\u672f\u63f4\u52a9\uff0c\u8bf7\u8bbf\u95ee\u63f4\u52a9\u7f51\u7ad9\u3002<\/a><\/p>\n\n<p>\u516c\u5171\u5173\u7cfb\u90e8<br\/><a href=\"mailto:pr@boinx.com\">\u4f9b\u8bb0\u8005\u3001\u8bc4\u8bba\u5bb6\u548c\u65b0\u95fb\u754c\u4eba\u58eb\u4f7f\u7528\u3002<\/a><\/p>\n\n<h2 class=\"wp-block-heading\">\u6cd5\u5f8b<\/h2>\n\n<h3 class=\"wp-block-heading\">\u5546\u4e1a\u767b\u8bb0\/\u7a0e\u52a1\u767b\u8bb0<\/h3>\n\n<p>Gesch\u00e4ftsf\u00fchrer (Director General)\uff1a\u5965\u5229\u5f17-\u5e03\u96f7\u767b\u5df4\u8d6b<br\/>\u6155\u5c3c\u9ed1\u6ce8\u518c\u767b\u8bb0\u5904\uff0cHRB 247307<\/p>\n\n<h3 class=\"wp-block-heading\">\u4f5c\u8005\u6743\u5229<\/h3>\n\n<p>\u672c\u7f51\u7ad9\u6240\u6709\u5185\u5bb9\u5747\u4e3a Boinx Software International GmbH \u7248\u6743\u6240\u6709 \u00a9 2023\u3002<br\/>\u4fdd\u7559\u6240\u6709\u6743\u5229\u3002<\/p>\n\n<h3 class=\"wp-block-heading\">\u9a6c\u5361\u65af<\/h3>\n\n<p>Boinx Software \u548c Boinx Software \u5fbd\u6807\u662f Boinx Software International GmbH \u7684\u6ce8\u518c\u5546\u6807\u3002Mac \u548c Mac \u5fbd\u6807\u662f\u82f9\u679c\u7535\u8111\u516c\u53f8\u5728\u7f8e\u56fd\u548c\u5176\u4ed6\u56fd\u5bb6\u6ce8\u518c\u7684\u5546\u6807\u3002Apple \u548c Apple \u5fbd\u6807\u662f\u5728\u7f8e\u56fd\u548c\u5176\u4ed6\u56fd\u5bb6\u6ce8\u518c\u7684 Apple Computer, Inc.<\/p>\n\n<h2 class=\"wp-block-heading\">\u5b9e\u73b0\u4e0e\u6784\u60f3<\/h2>\n\n<h3 class=\"wp-block-heading\">\u7f51\u9875<\/h3>\n\n<p>Steffen Skopp por <a href=\"https:\/\/klartext-tacheles.de\/\" target=\"_blank\" rel=\"noopener\">klartext-tacheles.de<\/a><\/p>","protected":false},"excerpt":{"rendered":"<p>Boinx Software International GmbH Josef-Kistler Str. 1282110 GermeringAlemaniaTel\u00e9fono y l\u00ednea directa t\u00e9cnica:+1 855 264 6979 (ingl\u00e9s)Fax:+49 89 84 00 55 55Fax EE.UU.:1-866-GOBOINX (gratuito) Contacta con nosotros Estamos aqu\u00ed para ayudarte. Utiliza los enlaces de correo electr\u00f3nico de esta p\u00e1gina para ponerte en contacto con nosotros. Boinx Software tiene su sede en Alemania. Por favor, ten [&hellip;]<\/p>\n","protected":false},"author":1,"featured_media":0,"parent":0,"menu_order":0,"comment_status":"closed","ping_status":"closed","template":"","meta":{"footnotes":""},"class_list":["post-2195","page","type-page","status-publish","hentry"],"_links":{"self":[{"href":"https:\/\/istopmotion.com\/zh\/wp-json\/wp\/v2\/pages\/2195","targetHints":{"allow":["GET"]}}],"collection":[{"href":"https:\/\/istopmotion.com\/zh\/wp-json\/wp\/v2\/pages"}],"about":[{"href":"https:\/\/istopmotion.com\/zh\/wp-json\/wp\/v2\/types\/page"}],"author":[{"embeddable":true,"href":"https:\/\/istopmotion.com\/zh\/wp-json\/wp\/v2\/users\/1"}],"replies":[{"embeddable":true,"href":"https:\/\/istopmotion.com\/zh\/wp-json\/wp\/v2\/comments?post=2195"}],"version-history":[{"count":1,"href":"https:\/\/istopmotion.com\/zh\/wp-json\/wp\/v2\/pages\/2195\/revisions"}],"predecessor-version":[{"id":2196,"href":"https:\/\/istopmotion.com\/zh\/wp-json\/wp\/v2\/pages\/2195\/revisions\/2196"}],"wp:attachment":[{"href":"https:\/\/istopmotion.com\/zh\/wp-json\/wp\/v2\/media?parent=2195"}],"curies":[{"name":"wp","href":"https:\/\/api.w.org\/{rel}","templated":true}]}}