{"id":2192,"date":"2023-05-11T13:24:49","date_gmt":"2023-05-11T13:24:49","guid":{"rendered":"https:\/\/istopmotion.com\/impressum-impressum\/"},"modified":"2024-11-14T10:25:16","modified_gmt":"2024-11-14T10:25:16","slug":"%e5%8d%b0%e8%ae%b0-2","status":"publish","type":"page","link":"https:\/\/istopmotion.com\/zh\/%e5%8d%b0%e8%ae%b0-2\/","title":{"rendered":"Impressum \/ Impressum"},"content":{"rendered":"<h2 class=\"wp-block-heading\">Boinx \u8f6f\u4ef6\u56fd\u9645\u6709\u9650\u516c\u53f8<\/h2>\n\n<p>Josef-Kistler Str.<br\/>82110 Germering<br\/>\u5fb7\u56fd<br\/>\u7535\u8bdd\u548c\u6280\u672f\u70ed\u7ebf\uff1a<br\/>+1 855 264 6979 (Englisch)<br\/>\u4f20\u771f<br\/>+49 89 84 00 55 55<br\/>\u7f8e\u56fd\u4f20\u771f<br\/>1-866-GOBOINX (geb\u00fchrenfrei) <\/p>\n\n<h2 class=\"wp-block-heading\">\u8054\u7cfb\u6211\u4eec<\/h2>\n\n<p>\u6211\u4eec\u5728\u6b64\u4e3a\u60a8\u63d0\u4f9b\u5e2e\u52a9\u3002\u8bf7\u4f7f\u7528\u672c\u7f51\u7ad9\u4e0a\u7684\u7535\u5b50\u90ae\u4ef6\u94fe\u63a5\uff0c\u4ee5\u4fbf\u4e0e\u6211\u4eec\u4fdd\u6301\u8054\u7cfb\u3002Boinx Software \u4f4d\u4e8e\u5fb7\u56fd\u3002\u8bf7\u6ce8\u610f\u60a8\u53ef\u80fd\u4f1a\u9047\u5230\u7684\u95ee\u9898\u3002\u5728\u6b64\u60c5\u51b5\u4e0b\uff0c\u60a8\u53ef\u4ee5\u5728\u5de5\u4f5c\u9636\u6bb5\u5185\u6536\u5230\u6211\u4eec\u7684\u56de\u590d\u3002   <\/p>\n\n<p>\u9500\u552e\u90e8<br\/><a href=\"mailto:sales@boinx.com\">\u5173\u4e8e\u7279\u6b8a\u7684\u8d28\u91cf\u8981\u6c42\u548c\u95ee\u9898\u3001\u670d\u52a1\u63d0\u4f9b\u5546\u548c\u53cd\u9988\u610f\u89c1\u3002<\/a><\/p>\n\n<p>\u6559\u80b2\u9500\u552e\u90e8<br\/><a href=\"mailto:sales@boinx.com\">F\u00fcr die Anforderung von Angeboten f\u00fcr Volumenlizenzen f\u00fcr den Einsatz im Bildungsbereich.<\/a><\/p>\n\n<p>\u652f\u6301\u90e8\u95e8<br\/><a href=\"https:\/\/boinx.com\/support\/\" target=\"_blank\" rel=\"noopener\">\u5982\u9700\u6280\u672f\u5e2e\u52a9\uff0c\u8bf7\u8bbf\u95ee\u6280\u672f\u652f\u6301\u7f51\u7ad9\u3002<\/a><\/p>\n\n<p>PR-Abteilung<br\/><a href=\"mailto:pr@boinx.com\">\u9002\u7528\u4e8e\u8bb0\u8005\u3001\u8bfb\u8005\u548c\u5de5\u4f5c\u4f19\u4f34\u3002<\/a><\/p>\n\n<h2 class=\"wp-block-heading\">\u6cd5\u5f8b<\/h2>\n\n<h3 class=\"wp-block-heading\">\u8d38\u6613\u767b\u8bb0\u518c<\/h3>\n\n<p>Gesch\u00e4ftsf\u00fchrer (CEO)\uff1a\u5965\u5229\u5f17-\u5e03\u96f7\u767b\u5df4\u8d6b<br\/>\u6155\u5c3c\u9ed1\u6ce8\u518c\u767b\u8bb0\u5904\uff0cHRB 247307<\/p>\n\n<h3 class=\"wp-block-heading\">\u7248\u6743<\/h3>\n\n<p>\u672c\u7f51\u7ad9\u4e0a\u7684\u6240\u6709\u8d44\u6599\u7248\u6743\u5f52 Boinx Software International GmbH \u6240\u6709\u3002<br\/>All Rechte vorbehalten.<\/p>\n\n<h3 class=\"wp-block-heading\">\u6807\u8bb0<\/h3>\n\n<p>Boinx Software \u548c Boinx Software \u5fbd\u6807\u662f Boinx Software International GmbH \u7684\u5546\u6807\u3002Mac \u548c Mac \u5fbd\u6807\u662f Apple Computer, Inc.Apple \u548c Apple \u5fbd\u6807\u662f\u82f9\u679c\u7535\u8111\u516c\u53f8\u7684\u5546\u6807\uff0c\u5728\u7f8e\u56fd\u53ca\u5176\u4ed6\u5730\u533a\u5747\u53ef\u4f7f\u7528\u3002  <\/p>\n\n<h2 class=\"wp-block-heading\">\u5b9e\u73b0\u4e0e\u65b9\u6cd5<\/h2>\n\n<h3 class=\"wp-block-heading\">\u7f51\u7ad9<\/h3>\n\n<p>Steffen Skopp bei <a href=\"https:\/\/klartext-tacheles.de\/\" target=\"_blank\" rel=\"noopener\">klartext-tacheles.de<\/a><\/p>","protected":false},"excerpt":{"rendered":"<p>Boinx Software International GmbH Josef-Kistler Str. 1282110 GermeringDeutschlandTelefon &amp; Technische Hotline:+1 855 264 6979 (Englisch)Fax:+49 89 84 00 55 55Fax US:1-866-GOBOINX (geb\u00fchrenfrei) Kontaktieren Sie uns Wir sind hier, um Ihnen zu helfen. Bitte verwenden Sie die E-Mail-Links auf dieser Seite, um mit uns in Kontakt zu treten. Boinx Software ist in Deutschland ans\u00e4ssig. Bitte ber\u00fccksichtigen [&hellip;]<\/p>\n","protected":false},"author":1,"featured_media":0,"parent":0,"menu_order":0,"comment_status":"closed","ping_status":"closed","template":"","meta":{"footnotes":""},"class_list":["post-2192","page","type-page","status-publish","hentry"],"_links":{"self":[{"href":"https:\/\/istopmotion.com\/zh\/wp-json\/wp\/v2\/pages\/2192","targetHints":{"allow":["GET"]}}],"collection":[{"href":"https:\/\/istopmotion.com\/zh\/wp-json\/wp\/v2\/pages"}],"about":[{"href":"https:\/\/istopmotion.com\/zh\/wp-json\/wp\/v2\/types\/page"}],"author":[{"embeddable":true,"href":"https:\/\/istopmotion.com\/zh\/wp-json\/wp\/v2\/users\/1"}],"replies":[{"embeddable":true,"href":"https:\/\/istopmotion.com\/zh\/wp-json\/wp\/v2\/comments?post=2192"}],"version-history":[{"count":1,"href":"https:\/\/istopmotion.com\/zh\/wp-json\/wp\/v2\/pages\/2192\/revisions"}],"predecessor-version":[{"id":2194,"href":"https:\/\/istopmotion.com\/zh\/wp-json\/wp\/v2\/pages\/2192\/revisions\/2194"}],"wp:attachment":[{"href":"https:\/\/istopmotion.com\/zh\/wp-json\/wp\/v2\/media?parent=2192"}],"curies":[{"name":"wp","href":"https:\/\/api.w.org\/{rel}","templated":true}]}}