{"id":2188,"date":"2023-05-11T13:24:49","date_gmt":"2023-05-11T13:24:49","guid":{"rendered":"https:\/\/istopmotion.com\/mentions-legales-impressum\/"},"modified":"2024-11-14T10:25:15","modified_gmt":"2024-11-14T10:25:15","slug":"%e6%8f%90%e5%8f%8a%e6%b3%95%e5%be%8b%e5%8d%b0%e8%b1%a1","status":"publish","type":"page","link":"https:\/\/istopmotion.com\/zh\/%e6%8f%90%e5%8f%8a%e6%b3%95%e5%be%8b%e5%8d%b0%e8%b1%a1\/","title":{"rendered":"\u4e00\u822c\u610f\u89c1 \/ Impressum"},"content":{"rendered":"<h2 class=\"wp-block-heading\">Boinx \u8f6f\u4ef6\u56fd\u9645\u6709\u9650\u516c\u53f8<\/h2>\n\n<p>Josef-Kistler Str.<br\/>82110 Germering<br\/>\u5fb7\u56fd<br\/>\u7535\u8bdd\u548c\u6280\u672f\u70ed\u7ebf \uff1a<br\/>+1 855 264 6979 (anglais)<br\/>\u4f20\u771f \uff1a<br\/>+49 89 84 00 55 55<br\/>\u7f8e\u56fd\u4f20\u771f \uff1a<br\/>1-866-GOBOINX\uff08\u514d\u8d39\uff09<\/p>\n\n<h2 class=\"wp-block-heading\">\u8054\u7cfb\u6211\u4eec<\/h2>\n\n<p>\u6211\u4eec\u968f\u65f6\u51c6\u5907\u4e3a\u60a8\u63d0\u4f9b\u5e2e\u52a9\u3002\u8bf7\u4f7f\u7528\u672c\u9875\u7684\u7535\u5b50\u90ae\u4ef6\u94fe\u63a5\u4e0e\u6211\u4eec\u8054\u7cfb\u3002Boinx Software \u603b\u90e8\u4f4d\u4e8e\u5fb7\u56fd\u3002\u8bf7\u6ce8\u610f\u53ef\u80fd\u51fa\u73b0\u7684\u65f6\u95f4\u5ef6\u8bef\u3002\u4e00\u822c\u60c5\u51b5\u4e0b\uff0c\u60a8\u53ef\u4ee5\u5728\u4e00\u5929\u5185\u6536\u5230\u6211\u4eec\u7684\u56de\u590d\u3002<\/p>\n\n<p>\u9500\u552e\u90e8<br\/><a href=\"mailto:sales@boinx.com\">\u5173\u4e8e\u6267\u7167\u3001\u62a5\u5173\u5458\u548c\u4fe1\u606f\u53cd\u9988\u65b9\u9762\u7684\u95ee\u9898\u548c\u9700\u6c42\u3002.<\/a><\/p>\n\n<p>D\u00e9partement des ventes pour l'\u00e9ducation<br\/><a href=\"mailto:sales@boinx.com\">Pour demander des devis de licences en volume \u00e0 des fins \u00e9ducatives.<\/a><\/p>\n\n<p>\u63f4\u52a9\u670d\u52a1<br\/><a href=\"https:\/\/boinx.com\/support\/\" target=\"_blank\" rel=\"noopener\">\u5982\u9700\u6280\u672f\u5e2e\u52a9\uff0c\u8bf7\u67e5\u9605\u5e2e\u52a9\u7f51\u7ad9\u3002.<\/a><\/p>\n\n<p>\u516c\u5171\u5173\u7cfb\u90e8<br\/><a href=\"mailto:pr@boinx.com\">\u4f9b\u8bb0\u8005\u3001\u8bc4\u8bba\u5bb6\u548c\u5a92\u4f53\u5408\u4f5c\u4f19\u4f34\u4f7f\u7528\u3002.<\/a><\/p>\n\n<h2 class=\"wp-block-heading\">\u6cd5\u5f8b<\/h2>\n\n<h3 class=\"wp-block-heading\">\u5546\u4e1a\u767b\u8bb0\/\u5546\u4e1a\u6ce8\u518c<\/h3>\n\n<p>Gesch\u00e4ftsf\u00fchrer (CEO) \uff1a\u5965\u5229\u5f17-\u5e03\u96f7\u767b\u5df4\u8d6b<br\/>\u6155\u5c3c\u9ed1\u6ce8\u518c\u767b\u8bb0\u5904\uff0cHRB 247307<\/p>\n\n<h3 class=\"wp-block-heading\">\u8457\u4f5c\u6743\u6cd5<\/h3>\n\n<p>\u672c\u7f51\u7ad9\u6240\u6709\u5185\u5bb9\u53d7\u7248\u6743\u4fdd\u62a4 \u00a9 2023 de Boinx Software International GmbH\u3002.<br\/>\u4fdd\u7559\u6240\u6709\u6743\u5229\u3002.<\/p>\n\n<h3 class=\"wp-block-heading\">\u54c1\u724c<\/h3>\n\n<p>Boinx Software \u548c Boinx Software \u5fbd\u6807\u662f Boinx Software International GmbH \u7684\u5546\u6807\u3002Mac \u548c Mac \u5fbd\u6807\u662f\u82f9\u679c\u7535\u8111\u516c\u53f8\u5728\u7f8e\u56fd\u548c\u5176\u4ed6\u56fd\u5bb6\u7684\u5546\u6807\u3002Apple \u548c Apple \u5fbd\u6807\u662f\u82f9\u679c\u7535\u8111\u516c\u53f8\u5728\u7f8e\u56fd\u548c\u5176\u4ed6\u56fd\u5bb6\u7684\u5546\u6807\uff0c\u7ecf\u6388\u6743\u4f7f\u7528\u3002<\/p>\n\n<h2 class=\"wp-block-heading\">\u5b9e\u73b0\u4e0e\u6982\u5ff5<\/h2>\n\n<h3 class=\"wp-block-heading\">\u7f51\u7ad9\u7f51\u7edc<\/h3>\n\n<p>Steffen Skopp par <a href=\"https:\/\/klartext-tacheles.de\/\" target=\"_blank\" rel=\"noopener\">klartext-tacheles.de<\/a><\/p>","protected":false},"excerpt":{"rendered":"<p>Boinx Software International GmbH Josef-Kistler Str. 1282110 GermeringAllemagneT\u00e9l\u00e9phone et hotline technique :+1 855 264 6979 (anglais)Fax :+49 89 84 00 55 55Fax US :1-866-GOBOINX (gratuit) Contactez nous Nous sommes l\u00e0 pour vous aider. Veuillez utiliser les liens e-mail de cette page pour nous contacter. Boinx Software est bas\u00e9 en Allemagne. Veuillez tenir compte d&#8217;un \u00e9ventuel [&hellip;]<\/p>\n","protected":false},"author":1,"featured_media":0,"parent":0,"menu_order":0,"comment_status":"closed","ping_status":"closed","template":"","meta":{"footnotes":""},"class_list":["post-2188","page","type-page","status-publish","hentry"],"_links":{"self":[{"href":"https:\/\/istopmotion.com\/zh\/wp-json\/wp\/v2\/pages\/2188","targetHints":{"allow":["GET"]}}],"collection":[{"href":"https:\/\/istopmotion.com\/zh\/wp-json\/wp\/v2\/pages"}],"about":[{"href":"https:\/\/istopmotion.com\/zh\/wp-json\/wp\/v2\/types\/page"}],"author":[{"embeddable":true,"href":"https:\/\/istopmotion.com\/zh\/wp-json\/wp\/v2\/users\/1"}],"replies":[{"embeddable":true,"href":"https:\/\/istopmotion.com\/zh\/wp-json\/wp\/v2\/comments?post=2188"}],"version-history":[{"count":1,"href":"https:\/\/istopmotion.com\/zh\/wp-json\/wp\/v2\/pages\/2188\/revisions"}],"predecessor-version":[{"id":2190,"href":"https:\/\/istopmotion.com\/zh\/wp-json\/wp\/v2\/pages\/2188\/revisions\/2190"}],"wp:attachment":[{"href":"https:\/\/istopmotion.com\/zh\/wp-json\/wp\/v2\/media?parent=2188"}],"curies":[{"name":"wp","href":"https:\/\/api.w.org\/{rel}","templated":true}]}}