{"id":2186,"date":"2023-05-11T13:24:49","date_gmt":"2023-05-11T13:24:49","guid":{"rendered":"https:\/\/istopmotion.com\/impressao-impressum\/"},"modified":"2024-11-14T10:25:15","modified_gmt":"2024-11-14T10:25:15","slug":"%e5%bc%ba%e5%be%81","status":"publish","type":"page","link":"https:\/\/istopmotion.com\/zh\/%e5%bc%ba%e5%be%81\/","title":{"rendered":"Impress\u00e3o \/ Impressum"},"content":{"rendered":"<h2 class=\"wp-block-heading\">Boinx \u8f6f\u4ef6\u56fd\u9645\u6709\u9650\u516c\u53f8<\/h2>\n\n<p>Josef-Kistler Str.<br\/>82110 Germering<br\/>Alemanha<br\/>\u7535\u8bdd\u548c\u6280\u672f\u652f\u6301\u70ed\u7ebf\uff1a<br\/>+1 855 264 6979 (English)<br\/>\u4f20\u771f<br\/>+49 89 84 00 55 55<br\/>\u7f8e\u56fd\u4f20\u771f<br\/>1-866-GOBOINX\uff08\u514d\u8d39\uff09 <\/p>\n\n<h2 class=\"wp-block-heading\">\u8054\u7cfb\u6211\u4eec<\/h2>\n\n<p>\u6211\u4eec\u5728\u8fd9\u91cc\u4e3a\u60a8\u63d0\u4f9b\u5e2e\u52a9\u3002\u8bf7\u4f7f\u7528\u672c\u9875\u4e2d\u7684\u7535\u5b50\u90ae\u4ef6\u94fe\u63a5\u4e0e\u6211\u4eec\u53d6\u5f97\u8054\u7cfb\u3002Boinx Software \u4f4d\u4e8e\u5fb7\u56fd\u3002\u8bf7\u8003\u8651\u53ef\u80fd\u53d1\u751f\u7684\u65f6\u95f4\u53d8\u66f4\u3002\u6b63\u5e38\u60c5\u51b5\u4e0b\uff0c\u60a8\u53ef\u4ee5\u5728\u4e00\u5929\u5185\u6536\u5230\u6211\u4eec\u7684\u56de\u590d\u3002   <\/p>\n\n<p>\u9500\u552e\u90e8<br\/><a href=\"mailto:sales@boinx.com\">\u5173\u4e8e\u8bb8\u53ef\u3001\u4fee\u8ba2\u548c\u53cd\u9988\u7684\u7279\u6b8a\u9700\u6c42\u548c\u95ee\u9898\u3002<\/a><\/p>\n\n<p>\u6559\u80b2\u9500\u552e\u90e8<br\/><a href=\"mailto:sales@boinx.com\">\u7528\u4e8e\u6559\u80b2\u7528\u9014\u7684\u97f3\u91cf\u8bb8\u53ef\u7533\u8bf7\u4e66\u3002<\/a><\/p>\n\n<p>\u652f\u6301\u90e8\u95e8<br\/><a href=\"https:\/\/boinx.com\/support\/\" target=\"_blank\" rel=\"noopener\">\u5982\u9700\u83b7\u5f97\u6280\u672f\u652f\u6301\uff0c\u8bf7\u54a8\u8be2\u6280\u672f\u652f\u6301\u670d\u52a1\u3002<\/a><\/p>\n\n<p>RP \u90e8<br\/><a href=\"mailto:pr@boinx.com\">\u4f9b\u8bb0\u8005\u3001\u8bc4\u8bba\u5458\u548c\u65b0\u95fb\u8bb0\u8005\u4f7f\u7528\u3002<\/a><\/p>\n\n<h2 class=\"wp-block-heading\">\u6cd5\u5f8b<\/h2>\n\n<h3 class=\"wp-block-heading\">\u5546\u4e1a\u767b\u8bb0\/\u5de5\u5546\u767b\u8bb0<\/h3>\n\n<p>Gesch\u00e4ftsf\u00fchrer (Diretor Executivo): Oliver Breidenbach<br\/>\u6155\u5c3c\u9ed1\u6ce8\u518c\u767b\u8bb0\u5904\uff0cHRB 247307<\/p>\n\n<h3 class=\"wp-block-heading\">\u4f5c\u8005\u8d23\u4efb<\/h3>\n\n<p>\u672c\u624b\u518c\u7684\u6240\u6709\u8d44\u6599\u53d7\u4f5c\u8005\u7248\u6743\u4fdd\u62a4 \u00a9 2023 da Boinx Software International GmbH\u3002<br\/>\u4fdd\u7559\u6240\u6709\u6743\u5229\u3002<\/p>\n\n<h3 class=\"wp-block-heading\">\u5df2\u767b\u8bb0\u7684\u5546\u6807<\/h3>\n\n<p>Boinx Software \u548c Boinx Software \u5fbd\u6807\u662f Boinx Software International GmbH \u7684\u5546\u6807\u3002Mac \u548c Mac \u5fbd\u6807\u662f\u5728\u6b27\u76df\u548c\u5176\u4ed6\u56fd\u5bb6\u6ce8\u518c\u7684 Apple Computer, Inc.Apple \u548c Apple \u5fbd\u6807\u662f\u5728\u6b27\u76df\u548c\u5176\u4ed6\u56fd\u5bb6\u6ce8\u518c\u7684 Apple Computer, Inc.  <\/p>\n\n<h2 class=\"wp-block-heading\">\u5b9e\u73b0\u4e0e\u6784\u60f3<\/h2>\n\n<h3 class=\"wp-block-heading\">\u7f51\u7ad9<\/h3>\n\n<p>Steffen Skopp por <a href=\"https:\/\/klartext-tacheles.de\/\" target=\"_blank\" rel=\"noopener\">klartext-tacheles.de<\/a><\/p>","protected":false},"excerpt":{"rendered":"<p>Boinx Software International GmbH Josef-Kistler Str. 1282110 GermeringAlemanhaTelefone e linha de apoio t\u00e9cnico:+1 855 264 6979 (ingl\u00eas)Fax:+49 89 84 00 55 55Fax US:1-866-GOBOINX (gratuito) Contacta-nos Estamos aqui para te ajudar. Utiliza as liga\u00e7\u00f5es de e-mail nesta p\u00e1gina para entrares em contacto connosco. A Boinx Software est\u00e1 sediada na Alemanha. Por favor, tem em considera\u00e7\u00e3o uma [&hellip;]<\/p>\n","protected":false},"author":1,"featured_media":0,"parent":0,"menu_order":0,"comment_status":"closed","ping_status":"closed","template":"","meta":{"footnotes":""},"class_list":["post-2186","page","type-page","status-publish","hentry"],"_links":{"self":[{"href":"https:\/\/istopmotion.com\/zh\/wp-json\/wp\/v2\/pages\/2186","targetHints":{"allow":["GET"]}}],"collection":[{"href":"https:\/\/istopmotion.com\/zh\/wp-json\/wp\/v2\/pages"}],"about":[{"href":"https:\/\/istopmotion.com\/zh\/wp-json\/wp\/v2\/types\/page"}],"author":[{"embeddable":true,"href":"https:\/\/istopmotion.com\/zh\/wp-json\/wp\/v2\/users\/1"}],"replies":[{"embeddable":true,"href":"https:\/\/istopmotion.com\/zh\/wp-json\/wp\/v2\/comments?post=2186"}],"version-history":[{"count":1,"href":"https:\/\/istopmotion.com\/zh\/wp-json\/wp\/v2\/pages\/2186\/revisions"}],"predecessor-version":[{"id":2189,"href":"https:\/\/istopmotion.com\/zh\/wp-json\/wp\/v2\/pages\/2186\/revisions\/2189"}],"wp:attachment":[{"href":"https:\/\/istopmotion.com\/zh\/wp-json\/wp\/v2\/media?parent=2186"}],"curies":[{"name":"wp","href":"https:\/\/api.w.org\/{rel}","templated":true}]}}