{"id":2195,"date":"2023-05-11T13:24:49","date_gmt":"2023-05-11T13:24:49","guid":{"rendered":"https:\/\/istopmotion.com\/pie-de-imprenta-impressum\/"},"modified":"2024-11-14T10:25:18","modified_gmt":"2024-11-14T10:25:18","slug":"pie-de-imprenta-impressum","status":"publish","type":"page","link":"https:\/\/istopmotion.com\/sv\/pie-de-imprenta-impressum\/","title":{"rendered":"Pie de imprenta \/ Impressum"},"content":{"rendered":"<h2 class=\"wp-block-heading\">Boinx Software International GmbH<\/h2>\n\n<p>Josef-Kistler Str. 12<br\/>82110 Germering<br\/>Alemanien<br\/>Tel\u00e9fono y l\u00ednea directa t\u00e9cnica:<br\/>+1 855 264 6979 (engelska)<br\/>Fax:<br\/>+49 89 84 00 55 55<br\/>Fax EE.UU..:<br\/>1-866-GOBOINX (kostnadsfritt)<\/p>\n\n<h2 class=\"wp-block-heading\">Ta kontakt med oss<\/h2>\n\n<p>Vi finns h\u00e4r f\u00f6r att hj\u00e4lpa dig. Anv\u00e4nd de elektroniska kontaktuppgifterna p\u00e5 denna sida f\u00f6r att komma i kontakt med oss. Boinx Software har sitt s\u00e4te i Alemania. Por favor, ten en cuenta un posible cambio de zona horaria, normalmente puedes esperar una respuesta nuestra en el plazo de un d\u00eda laborable.<\/p>\n\n<p>Ventilationsavdelningen<br\/><a href=\"mailto:sales@boinx.com\">F\u00f6r s\u00e4rskilda behov och fr\u00e5gor om licenser, \u00e4ndringar och kommentarer.<\/a><\/p>\n\n<p>Avdelningen f\u00f6r utbildningsavdelningar<br\/><a href=\"mailto:sales@boinx.com\">Para solicitar presupuestos de licencias por volumen para uso educativo.<\/a><\/p>\n\n<p>Avdelning f\u00f6r assistans<br\/><a href=\"https:\/\/boinx.com\/support\/\" target=\"_blank\" rel=\"noopener\">F\u00f6r att f\u00e5 teknisk hj\u00e4lp, se sidan f\u00f6r teknisk hj\u00e4lp.<\/a><\/p>\n\n<p>Avdelningen f\u00f6r offentliga relationer (Departamento de Relaciones P\u00fablicas)<br\/><a href=\"mailto:pr@boinx.com\">F\u00f6r periodister, kr\u00f6nik\u00f6rer och publicister.<\/a><\/p>\n\n<h2 class=\"wp-block-heading\">Juridisk<\/h2>\n\n<h3 class=\"wp-block-heading\">Registro Mercantil \/ Handelsregister<\/h3>\n\n<p>Gesch\u00e4ftsf\u00fchrer (Generaldirekt\u00f6r): Oliver Breidenbach<br\/>Registergericht M\u00fcnchen, HRB 247307<\/p>\n\n<h3 class=\"wp-block-heading\">Autorens r\u00e4ttigheter<\/h3>\n\n<p>Allt material p\u00e5 denna webbplats \u00e4r Copyright \u00a9 2023 de Boinx Software International GmbH.<br\/>Alla r\u00e4ttigheter f\u00f6rbeh\u00e5lls.<\/p>\n\n<h3 class=\"wp-block-heading\">Marcas<\/h3>\n\n<p>Boinx Software y el logotipo de Boinx Software son marcas registradas de Boinx Software International GmbH. Mac y el logotipo Mac son marcas comerciales de Apple Computer, Inc. registradas en EE.UU. y otros pa\u00edses. Apple y el logotipo de Apple son marcas comerciales de Apple Computer, Inc. registradas en EE.UU. y otros pa\u00edses, utilizadas con permiso.<\/p>\n\n<h2 class=\"wp-block-heading\">Genomf\u00f6rande och koncept<\/h2>\n\n<h3 class=\"wp-block-heading\">Webbsida<\/h3>\n\n<p>Steffen Skopp por <a href=\"https:\/\/klartext-tacheles.de\/\" target=\"_blank\" rel=\"noopener\">klartext-tacheles.de<\/a><\/p>","protected":false},"excerpt":{"rendered":"<p>Boinx Software International GmbH Josef-Kistler Str. 1282110 GermeringAlemaniaTel\u00e9fono y l\u00ednea directa t\u00e9cnica:+1 855 264 6979 (ingl\u00e9s)Fax:+49 89 84 00 55 55Fax EE.UU.:1-866-GOBOINX (gratuito) Contacta con nosotros Estamos aqu\u00ed para ayudarte. Utiliza los enlaces de correo electr\u00f3nico de esta p\u00e1gina para ponerte en contacto con nosotros. Boinx Software tiene su sede en Alemania. Por favor, ten [&hellip;]<\/p>\n","protected":false},"author":1,"featured_media":0,"parent":0,"menu_order":0,"comment_status":"closed","ping_status":"closed","template":"","meta":{"footnotes":""},"class_list":["post-2195","page","type-page","status-publish","hentry"],"_links":{"self":[{"href":"https:\/\/istopmotion.com\/sv\/wp-json\/wp\/v2\/pages\/2195","targetHints":{"allow":["GET"]}}],"collection":[{"href":"https:\/\/istopmotion.com\/sv\/wp-json\/wp\/v2\/pages"}],"about":[{"href":"https:\/\/istopmotion.com\/sv\/wp-json\/wp\/v2\/types\/page"}],"author":[{"embeddable":true,"href":"https:\/\/istopmotion.com\/sv\/wp-json\/wp\/v2\/users\/1"}],"replies":[{"embeddable":true,"href":"https:\/\/istopmotion.com\/sv\/wp-json\/wp\/v2\/comments?post=2195"}],"version-history":[{"count":1,"href":"https:\/\/istopmotion.com\/sv\/wp-json\/wp\/v2\/pages\/2195\/revisions"}],"predecessor-version":[{"id":2196,"href":"https:\/\/istopmotion.com\/sv\/wp-json\/wp\/v2\/pages\/2195\/revisions\/2196"}],"wp:attachment":[{"href":"https:\/\/istopmotion.com\/sv\/wp-json\/wp\/v2\/media?parent=2195"}],"curies":[{"name":"wp","href":"https:\/\/api.w.org\/{rel}","templated":true}]}}