{"id":2192,"date":"2023-05-11T13:24:49","date_gmt":"2023-05-11T13:24:49","guid":{"rendered":"https:\/\/istopmotion.com\/impressum-impressum\/"},"modified":"2024-11-14T10:25:16","modified_gmt":"2024-11-14T10:25:16","slug":"impressum-impressum","status":"publish","type":"page","link":"https:\/\/istopmotion.com\/sv\/impressum-impressum\/","title":{"rendered":"Impressum \/ Impressum"},"content":{"rendered":"<h2 class=\"wp-block-heading\">Boinx Software International GmbH<\/h2>\n\n<p>Josef-Kistler Str. 12<br\/>82110 Germering<br\/>Tyskland<br\/>Telefon &amp; Teknisk Hotline:<br\/>+1 855 264 6979 (engelska)<br\/>Fax:<br\/>+49 89 84 00 55 55<br\/>Faxa till oss:<br\/>1-866-GOBOINX (geb\u00fchrenfrei) <\/p>\n\n<h2 class=\"wp-block-heading\">Kontakta oss<\/h2>\n\n<p>Vi \u00e4r h\u00e4r f\u00f6r att hj\u00e4lpa dig. V\u00e4nligen anv\u00e4nd e-postl\u00e4nkarna p\u00e5 denna sida f\u00f6r att komma i kontakt med oss. Boinx Software \u00e4r i Tyskland ans\u00e4ssig. V\u00e4nligen beakta en m\u00f6jlig Zeitzonenverschiebung. Enligt denna regel kan du inom ett arbetsst\u00e4lle beg\u00e4ra ett svar fr\u00e5n oss.   <\/p>\n\n<p>F\u00f6rs\u00e4ljningsavdelningen<br\/><a href=\"mailto:sales@boinx.com\">F\u00f6r s\u00e4rskilda licensieringsbehov och fr\u00e5gor, \u00e5terk\u00f6pare och feedback.<\/a><\/p>\n\n<p>F\u00f6rs\u00e4ljningsavdelningen f\u00f6r utbildning<br\/><a href=\"mailto:sales@boinx.com\">F\u00fcr die Anforderung von Angeboten f\u00fcr Volumenlizenzen f\u00fcr den Einsatz im Bildungsbereich.<\/a><\/p>\n\n<p>Support-avdelning<br\/><a href=\"https:\/\/boinx.com\/support\/\" target=\"_blank\" rel=\"noopener\">F\u00f6r teknisk support, v\u00e4nligen kontakta supportsidan.<\/a><\/p>\n\n<p>PR-avdelningen<br\/><a href=\"mailto:pr@boinx.com\">F\u00f6r Journalister, Rezensenten och Werbepartner.<\/a><\/p>\n\n<h2 class=\"wp-block-heading\">Juridisk<\/h2>\n\n<h3 class=\"wp-block-heading\">Handelsregister \/ Trade Register<\/h3>\n\n<p>Gesch\u00e4ftsf\u00fchrer (VD): Oliver Breidenbach<br\/>Registergericht M\u00fcnchen, HRB 247307<\/p>\n\n<h3 class=\"wp-block-heading\">Upphovsr\u00e4tt<\/h3>\n\n<p>Det samlade materialet p\u00e5 denna webbplats \u00e4r Copyright \u00a9 2023 av Boinx Software International GmbH.<br\/>Alla r\u00e4ttigheter f\u00f6rbeh\u00e5lls.<\/p>\n\n<h3 class=\"wp-block-heading\">M\u00e4rkesbeteckning<\/h3>\n\n<p>Boinx Software och Boinx Software-logotypen \u00e4r varum\u00e4rken som tillh\u00f6r Boinx Software International GmbH. Mac och Mac-logotypen \u00e4r varum\u00e4rken som tillh\u00f6r Apple Computer, Inc. och som i USA och andra l\u00e4nder \u00e4r registrerade. Apple och Apple-logotypen \u00e4r i USA och andra l\u00e4nder registrerade varum\u00e4rken som tillh\u00f6r Apple Computer, Inc. och kommer att anv\u00e4ndas med tillst\u00e5nd.  <\/p>\n\n<h2 class=\"wp-block-heading\">F\u00f6rverkligande och koncept<\/h2>\n\n<h3 class=\"wp-block-heading\">Webbplats<\/h3>\n\n<p>Steffen Skopp hos <a href=\"https:\/\/klartext-tacheles.de\/\" target=\"_blank\" rel=\"noopener\">klartext-tacheles.de<\/a><\/p>","protected":false},"excerpt":{"rendered":"<p>Boinx Software International GmbH Josef-Kistler Str. 1282110 GermeringDeutschlandTelefon &amp; Technische Hotline:+1 855 264 6979 (Englisch)Fax:+49 89 84 00 55 55Fax US:1-866-GOBOINX (geb\u00fchrenfrei) Kontaktieren Sie uns Wir sind hier, um Ihnen zu helfen. Bitte verwenden Sie die E-Mail-Links auf dieser Seite, um mit uns in Kontakt zu treten. Boinx Software ist in Deutschland ans\u00e4ssig. Bitte ber\u00fccksichtigen [&hellip;]<\/p>\n","protected":false},"author":1,"featured_media":0,"parent":0,"menu_order":0,"comment_status":"closed","ping_status":"closed","template":"","meta":{"footnotes":""},"class_list":["post-2192","page","type-page","status-publish","hentry"],"_links":{"self":[{"href":"https:\/\/istopmotion.com\/sv\/wp-json\/wp\/v2\/pages\/2192","targetHints":{"allow":["GET"]}}],"collection":[{"href":"https:\/\/istopmotion.com\/sv\/wp-json\/wp\/v2\/pages"}],"about":[{"href":"https:\/\/istopmotion.com\/sv\/wp-json\/wp\/v2\/types\/page"}],"author":[{"embeddable":true,"href":"https:\/\/istopmotion.com\/sv\/wp-json\/wp\/v2\/users\/1"}],"replies":[{"embeddable":true,"href":"https:\/\/istopmotion.com\/sv\/wp-json\/wp\/v2\/comments?post=2192"}],"version-history":[{"count":1,"href":"https:\/\/istopmotion.com\/sv\/wp-json\/wp\/v2\/pages\/2192\/revisions"}],"predecessor-version":[{"id":2194,"href":"https:\/\/istopmotion.com\/sv\/wp-json\/wp\/v2\/pages\/2192\/revisions\/2194"}],"wp:attachment":[{"href":"https:\/\/istopmotion.com\/sv\/wp-json\/wp\/v2\/media?parent=2192"}],"curies":[{"name":"wp","href":"https:\/\/api.w.org\/{rel}","templated":true}]}}