{"id":2188,"date":"2023-05-11T13:24:49","date_gmt":"2023-05-11T13:24:49","guid":{"rendered":"https:\/\/istopmotion.com\/mentions-legales-impressum\/"},"modified":"2024-11-14T10:25:15","modified_gmt":"2024-11-14T10:25:15","slug":"mentions-legales-impressum","status":"publish","type":"page","link":"https:\/\/istopmotion.com\/sv\/mentions-legales-impressum\/","title":{"rendered":"Mentions l\u00e9gales \/ Impressum"},"content":{"rendered":"<h2 class=\"wp-block-heading\">Boinx Software International GmbH<\/h2>\n\n<p>Josef-Kistler Str. 12<br\/>82110 Germering<br\/>Tyskland<br\/>Telefon och teknisk hotline :<br\/>+1 855 264 6979 (engelska)<br\/>Fax :<br\/>+49 89 84 00 55 55<br\/>Faxa USA :<br\/>1-866-GOBOINX (kostnadsfritt)<\/p>\n\n<h2 class=\"wp-block-heading\">Kontakta oss<\/h2>\n\n<p>Vi \u00e4r d\u00e4r f\u00f6r att hj\u00e4lpa dig. V\u00e4nligen anv\u00e4nd l\u00e4nkarna till e-post p\u00e5 denna sida f\u00f6r att kontakta oss. Boinx Software \u00e4r baserat i Tyskland. V\u00e4nligen notera eventuella avvikelser i tidtabellen. Du kan vanligtvis f\u00f6rv\u00e4nta dig ett svar fr\u00e5n v\u00e5r sida inom en tidsfrist p\u00e5 en dag eller mer.<\/p>\n\n<p>D\u00e9partement des ventes<br\/><a href=\"mailto:sales@boinx.com\">F\u00f6r fr\u00e5gor och s\u00e4rskilda behov i fr\u00e5ga om licenser, \u00e5terbetalning och informationsutbyte.<\/a><\/p>\n\n<p>D\u00e9partement des ventes pour l'\u00e9ducation<br\/><a href=\"mailto:sales@boinx.com\">Pour demander des devis de licences en volume \u00e0 des fins \u00e9ducatives.<\/a><\/p>\n\n<p>Assistansservice<br\/><a href=\"https:\/\/boinx.com\/support\/\" target=\"_blank\" rel=\"noopener\">F\u00f6r teknisk assistans, v\u00e4nligen konsultera webbplatsen f\u00f6r assistans.<\/a><\/p>\n\n<p>Avdelningen f\u00f6r offentliga relationer<br\/><a href=\"mailto:pr@boinx.com\">F\u00f6r journalister, kritiker och publicistiska samarbetspartners.<\/a><\/p>\n\n<h2 class=\"wp-block-heading\">Juridik<\/h2>\n\n<h3 class=\"wp-block-heading\">Registre du commerce \/ Handelsregister<\/h3>\n\n<p>Gesch\u00e4ftsf\u00fchrer (VD) : Oliver Breidenbach<br\/>Registergericht M\u00fcnchen, HRB 247307<\/p>\n\n<h3 class=\"wp-block-heading\">F\u00f6rfattarr\u00e4tt<\/h3>\n\n<p>Alla element p\u00e5 denna webbplats \u00e4r skyddade av upphovsr\u00e4tten \u00a9 2023 de Boinx Software International GmbH.<br\/>Alla r\u00e4ttigheter \u00e4r f\u00f6rbeh\u00e5llna.<\/p>\n\n<h3 class=\"wp-block-heading\">Deponerade m\u00e4rken<\/h3>\n\n<p>Boinx Software et le logo Boinx Software sont des marques d\u00e9pos\u00e9es de Boinx Software International GmbH. Mac et le logo Mac sont des marques d\u00e9pos\u00e9es d'Apple Computer, Inc. aux \u00c9tats-Unis et dans d'autres pays. Apple och logotypen Apple \u00e4r varum\u00e4rken som tillh\u00f6r Apple Computer, Inc. i USA och i andra l\u00e4nder, anv\u00e4nds med tillst\u00e5nd.<\/p>\n\n<h2 class=\"wp-block-heading\">Genomf\u00f6rande och koncept<\/h2>\n\n<h3 class=\"wp-block-heading\">Webbplats webb<\/h3>\n\n<p>Steffen Skopp par <a href=\"https:\/\/klartext-tacheles.de\/\" target=\"_blank\" rel=\"noopener\">klartext-tacheles.de<\/a><\/p>","protected":false},"excerpt":{"rendered":"<p>Boinx Software International GmbH Josef-Kistler Str. 1282110 GermeringAllemagneT\u00e9l\u00e9phone et hotline technique :+1 855 264 6979 (anglais)Fax :+49 89 84 00 55 55Fax US :1-866-GOBOINX (gratuit) Contactez nous Nous sommes l\u00e0 pour vous aider. Veuillez utiliser les liens e-mail de cette page pour nous contacter. Boinx Software est bas\u00e9 en Allemagne. Veuillez tenir compte d&#8217;un \u00e9ventuel [&hellip;]<\/p>\n","protected":false},"author":1,"featured_media":0,"parent":0,"menu_order":0,"comment_status":"closed","ping_status":"closed","template":"","meta":{"footnotes":""},"class_list":["post-2188","page","type-page","status-publish","hentry"],"_links":{"self":[{"href":"https:\/\/istopmotion.com\/sv\/wp-json\/wp\/v2\/pages\/2188","targetHints":{"allow":["GET"]}}],"collection":[{"href":"https:\/\/istopmotion.com\/sv\/wp-json\/wp\/v2\/pages"}],"about":[{"href":"https:\/\/istopmotion.com\/sv\/wp-json\/wp\/v2\/types\/page"}],"author":[{"embeddable":true,"href":"https:\/\/istopmotion.com\/sv\/wp-json\/wp\/v2\/users\/1"}],"replies":[{"embeddable":true,"href":"https:\/\/istopmotion.com\/sv\/wp-json\/wp\/v2\/comments?post=2188"}],"version-history":[{"count":1,"href":"https:\/\/istopmotion.com\/sv\/wp-json\/wp\/v2\/pages\/2188\/revisions"}],"predecessor-version":[{"id":2190,"href":"https:\/\/istopmotion.com\/sv\/wp-json\/wp\/v2\/pages\/2188\/revisions\/2190"}],"wp:attachment":[{"href":"https:\/\/istopmotion.com\/sv\/wp-json\/wp\/v2\/media?parent=2188"}],"curies":[{"name":"wp","href":"https:\/\/api.w.org\/{rel}","templated":true}]}}