{"id":2181,"date":"2023-05-11T13:24:49","date_gmt":"2023-05-11T13:24:49","guid":{"rendered":"https:\/\/istopmotion.com\/%e7%89%88%e6%9c%ac%e8%af%b4%e6%98%8e\/"},"modified":"2024-11-14T10:25:12","modified_gmt":"2024-11-14T10:25:12","slug":"%e7%89%88%e6%9c%ac%e8%af%b4%e6%98%8e","status":"publish","type":"page","link":"https:\/\/istopmotion.com\/sv\/%e7%89%88%e6%9c%ac%e8%af%b4%e6%98%8e\/","title":{"rendered":"\u7248\u672c\u8bf4\u660e"},"content":{"rendered":"<h2 class=\"wp-block-heading\">Boinx \u8f6f\u4ef6\u56fd\u9645\u6709\u9650\u516c\u53f8<\/h2>\n\n<p>Josef-Kistler Str. 12<br\/>82110 Germering<br\/>\u5fb7\u56fd<br\/>\u7535\u8bdd\u548c\u6280\u672f\u70ed\u7ebf\uff1a<br\/>+1 855 264 6979 (\u82f1\u8bed)<br\/>SKOLB\u00d6CKER: VERKLIGEN<br\/>+49 89 84 00 55 55<br\/>\u7f8e\u56fd\u4f20\u771f\uff1a<br\/>1-866-GOBOINX (\u514d\u8d39) <\/p>\n\n<h2 class=\"wp-block-heading\">DET \u00c4R JAG<\/h2>\n\n<p>Jag \u00e4r inte s\u00e4ker p\u00e5 att du har r\u00e4tt att anv\u00e4nda den h\u00e4r typen av programvara, men det \u00e4r inte s\u00e4kert att du har r\u00e4tt att anv\u00e4nda den h\u00e4r typen av programvara.   <\/p>\n\n<p>\u9500\u552e\u90e8<br\/><a href=\"mailto:sales@boinx.com\">DET H\u00c4R \u00c4R EN AV DE B\u00c4STA PLATSERNA I V\u00c4RLDEN.<\/a><\/p>\n\n<p>\u6559\u80b2\u9500\u552e\u90e8<br\/><a href=\"mailto:sales@boinx.com\">DET H\u00c4R \u00c4R DEN B\u00c4STA L\u00d6SNINGEN.<\/a><\/p>\n\n<p>\u652f\u6301\u90e8\u95e8<br\/><a href=\"https:\/\/boinx.com\/support\/\" target=\"_blank\" rel=\"noopener\">\u6709\u5173\u6280\u672f\u652f\u6301\uff0c\u8bf7\u8bbf\u95ee\u652f\u6301\u7f51\u7ad9\u3002<\/a><\/p>\n\n<p>\u516c\u5173\u90e8<br\/><a href=\"mailto:pr@boinx.com\">DET H\u00c4R \u00c4R EN AV DE B\u00c4STA PLATSERNA I V\u00c4RLDEN.<\/a><\/p>\n\n<h2 class=\"wp-block-heading\">\u6cd5\u5f8b<\/h2>\n\n<h3 class=\"wp-block-heading\">\u8d38\u6613\u767b\u8bb0\u7c3f \/ Handelsregister<\/h3>\n\n<p>VD (Gesch\u00e4ftsf\u00fchrer)\uff1aOliver Breidenbach<br\/>Registergericht M\u00fcnchen, HRB 247307<\/p>\n\n<h3 class=\"wp-block-heading\">\u7248\u6743<\/h3>\n\n<p>\u672c\u7f51\u7ad9\u4e0a\u7684\u6240\u6709\u8d44\u6599\u7248\u6743\u5f52 Boinx Software International GmbH \u6240\u6709\u3002<br\/>\u4fdd\u7559\u6240\u6709\u6743\u5229\u3002<\/p>\n\n<h3 class=\"wp-block-heading\">\u5546\u6807<\/h3>\n\n<p>Boinx Software \u548c Boinx Software \u5fbd\u6807\u662f Boinx Software International GmbH \u7684\u5546\u6807\u3002Mac \u548c Mac \u5fbd\u6807\u662f\u82f9\u679c\u7535\u8111\u516c\u53f8\u5728\u7f8e\u56fd\u548c\u5176\u4ed6\u56fd\u5bb6\u6ce8\u518c\u7684\u5546\u6807\u3002Apple \u548c Apple \u5fbd\u6807\u662f Apple Computer, Inc.  <\/p>\n\n<h2 class=\"wp-block-heading\">\u5b9e\u73b0\u4e0e\u6982\u5ff5<\/h2>\n\n<h3 class=\"wp-block-heading\">\u7f51\u7ad9<\/h3>\n\n<p>Steffen Skopp av<a href=\"https:\/\/klartext-tacheles.de\/\" target=\"_blank\" rel=\"noopener\">klartext-tacheles.de<\/a><\/p>","protected":false},"excerpt":{"rendered":"<p>Boinx \u8f6f\u4ef6\u56fd\u9645\u6709\u9650\u516c\u53f8 Josef-Kistler Str. 1282110 Germering\u5fb7\u56fd\u7535\u8bdd\u548c\u6280\u672f\u70ed\u7ebf\uff1a+1 855 264 6979 (\u82f1\u8bed)\u4f20\u771f\uff1a+49 89 84 00 55 55\u7f8e\u56fd\u4f20\u771f\uff1a1-866-GOBOINX (\u514d\u8d39) \u8054\u7cfb\u6211\u4eec \u6211\u4eec\u7aed\u8bda\u4e3a\u60a8\u670d\u52a1\u3002\u8bf7\u4f7f\u7528\u672c\u9875\u7684\u7535\u5b50\u90ae\u4ef6\u94fe\u63a5\u4e0e\u6211\u4eec\u8054\u7cfb\u3002Boinx Software \u603b\u90e8\u4f4d\u4e8e\u5fb7\u56fd\u3002\u8bf7\u8003\u8651\u5230\u53ef\u80fd\u7684\u65f6\u533a\u8f6c\u6362\uff0c\u901a\u5e38\u6211\u4eec\u4f1a\u5728\u4e00\u4e2a\u5de5\u4f5c\u65e5\u5185\u7ed9\u60a8\u7b54\u590d\u3002 \u9500\u552e\u90e8\u7528\u4e8e\u7279\u6b8a\u8bb8\u53ef\u9700\u6c42\u548c\u95ee\u9898\u3001\u7ecf\u9500\u5546\u548c\u53cd\u9988\u3002 \u6559\u80b2\u9500\u552e\u90e8\u7528\u4e8e\u7533\u8bf7\u6559\u80b2\u7528\u9014\u7684\u6279\u91cf\u8bb8\u53ef\u62a5\u4ef7\u3002 \u652f\u6301\u90e8\u95e8\u6709\u5173\u6280\u672f\u652f\u6301\uff0c\u8bf7\u8bbf\u95ee\u652f\u6301\u7f51\u7ad9\u3002 \u516c\u5173\u90e8\u4f9b\u8bb0\u8005\u3001\u8bc4\u8bba\u5458\u548c\u5e7f\u544a\u5408\u4f5c\u4f19\u4f34\u4f7f\u7528\u3002 \u6cd5\u5f8b \u8d38\u6613\u767b\u8bb0\u7c3f \/ Handelsregister Gesch\u00e4ftsf\u00fchrer (CEO)\uff1aOliver BreidenbachRegistergericht M\u00fcnchen, HRB 247307 \u7248\u6743 \u672c\u7f51\u7ad9\u4e0a\u7684\u6240\u6709\u8d44\u6599\u7248\u6743\u5f52 Boinx Software International GmbH \u6240\u6709\u3002\u4fdd\u7559\u6240\u6709\u6743\u5229\u3002 \u5546\u6807 Boinx Software \u548c Boinx Software \u5fbd\u6807\u662f Boinx Software International GmbH \u7684\u5546\u6807\u3002Mac \u548c Mac [&hellip;]<\/p>\n","protected":false},"author":1,"featured_media":0,"parent":0,"menu_order":0,"comment_status":"closed","ping_status":"closed","template":"","meta":{"footnotes":""},"class_list":["post-2181","page","type-page","status-publish","hentry"],"_links":{"self":[{"href":"https:\/\/istopmotion.com\/sv\/wp-json\/wp\/v2\/pages\/2181","targetHints":{"allow":["GET"]}}],"collection":[{"href":"https:\/\/istopmotion.com\/sv\/wp-json\/wp\/v2\/pages"}],"about":[{"href":"https:\/\/istopmotion.com\/sv\/wp-json\/wp\/v2\/types\/page"}],"author":[{"embeddable":true,"href":"https:\/\/istopmotion.com\/sv\/wp-json\/wp\/v2\/users\/1"}],"replies":[{"embeddable":true,"href":"https:\/\/istopmotion.com\/sv\/wp-json\/wp\/v2\/comments?post=2181"}],"version-history":[{"count":1,"href":"https:\/\/istopmotion.com\/sv\/wp-json\/wp\/v2\/pages\/2181\/revisions"}],"predecessor-version":[{"id":2184,"href":"https:\/\/istopmotion.com\/sv\/wp-json\/wp\/v2\/pages\/2181\/revisions\/2184"}],"wp:attachment":[{"href":"https:\/\/istopmotion.com\/sv\/wp-json\/wp\/v2\/media?parent=2181"}],"curies":[{"name":"wp","href":"https:\/\/api.w.org\/{rel}","templated":true}]}}