{"id":2180,"date":"2023-05-11T13:24:49","date_gmt":"2023-05-11T13:24:49","guid":{"rendered":"https:\/\/istopmotion.com\/afdruk-impressum\/"},"modified":"2024-11-14T10:25:12","modified_gmt":"2024-11-14T10:25:12","slug":"avtryckressum","status":"publish","type":"page","link":"https:\/\/istopmotion.com\/sv\/avtryckressum\/","title":{"rendered":"Avtryck \/ Impressum"},"content":{"rendered":"<h2 class=\"wp-block-heading\">Boinx Software GmbH<\/h2>\n\n<p>Josef-Kistler Str. 12<br\/>82110 Germering<br\/>Duitsland<br\/>Telefoon &amp; Technische hotline:<br\/>+1 855 264 6979 (Engels)<br\/>Fax:<br\/>+49 89 84 00 55<br\/>Fax VS:<br\/>1-866-GOBOINX (gratis) <\/p>\n\n<h2 class=\"wp-block-heading\">Neem kontakt met ons op<\/h2>\n\n<p>Vi \u00e4r h\u00e4r f\u00f6r att hj\u00e4lpa dig. Anv\u00e4nd e-postl\u00e4nkarna p\u00e5 denna sida f\u00f6r att ta kontakt med oss. Boinx Software \u00e4r etablerat i Tyskland. Houd rekening met mogelijke tijdsverschuivingen, meestal kun je binnen een werkdag een antwoord van ons verwachten.   <\/p>\n\n<p>Verkoopafdeling<br\/><a href=\"mailto:sales@boinx.com\">Voor speciale licentiebehoeften en vragen, wederverkopers en feedback.<\/a><\/p>\n\n<p>Afdeling Verkoop Onderwijs<br\/><a href=\"mailto:sales@boinx.com\">Voor het aanvragen van offertes voor volumelicenties voor educatief gebruik.<\/a><\/p>\n\n<p>Afdeling Ondersteuning<br\/><a href=\"https:\/\/boinx.com\/support\/\" target=\"_blank\" rel=\"noopener\">Raadpleeg voor technische ondersteuning de ondersteuningssite.<\/a><\/p>\n\n<p>PR-afdeling<br\/><a href=\"mailto:pr@boinx.com\">Voor journalisten, recensenten en reclamepartners.<\/a><\/p>\n\n<h2 class=\"wp-block-heading\">Wettelijk<\/h2>\n\n<h3 class=\"wp-block-heading\">Handelsregister<\/h3>\n\n<p>Gesch\u00e4ftsf\u00fchrer (VD): Oliver Breidenbach<br\/>Registergericht M\u00fcnchen, HRB 247307<\/p>\n\n<h3 class=\"wp-block-heading\">Upphovsr\u00e4tt<\/h3>\n\n<p>Al het materiaal op deze site is Copyright \u00a9 2023 door Boinx Software International GmbH.<br\/>Alle rechten voorbehouden.<\/p>\n\n<h3 class=\"wp-block-heading\">Handelsm\u00e4rken<\/h3>\n\n<p>Boinx Software och Boinx Software-logotypen \u00e4r handelsbeteckningar f\u00f6r Boinx Software International GmbH. Mac och Mac-logotypen \u00e4r handelsvaror som tillh\u00f6r Apple Computer, Inc. och som \u00e4r registrerade i USA och andra l\u00e4nder. Apple och Apple-logotypen \u00e4r handelsvaror tillh\u00f6rande Apple Computer, Inc. och \u00e4r registrerade i USA och andra l\u00e4nder, anv\u00e4nds med tillst\u00e5nd.  <\/p>\n\n<h2 class=\"wp-block-heading\">Realisering och koncept<\/h2>\n\n<h3 class=\"wp-block-heading\">Webbplats<\/h3>\n\n<p>Steffen Skopp door <a href=\"https:\/\/klartext-tacheles.de\/\" target=\"_blank\" rel=\"noopener\">klartext-tacheles.de<\/a><\/p>","protected":false},"excerpt":{"rendered":"<p>Boinx Software GmbH Josef-Kistler Str. 1282110 GermeringDuitslandTelefoon &amp; Technische hotline:+1 855 264 6979 (Engels)Fax:+49 89 84 00 55Fax VS:1-866-GOBOINX (gratis) Neem contact met ons op We zijn er om je te helpen. Gebruik de e-mail links op deze pagina om contact met ons op te nemen. Boinx Software is gevestigd in Duitsland. Houd rekening met [&hellip;]<\/p>\n","protected":false},"author":1,"featured_media":0,"parent":0,"menu_order":0,"comment_status":"closed","ping_status":"closed","template":"","meta":{"footnotes":""},"class_list":["post-2180","page","type-page","status-publish","hentry"],"_links":{"self":[{"href":"https:\/\/istopmotion.com\/sv\/wp-json\/wp\/v2\/pages\/2180","targetHints":{"allow":["GET"]}}],"collection":[{"href":"https:\/\/istopmotion.com\/sv\/wp-json\/wp\/v2\/pages"}],"about":[{"href":"https:\/\/istopmotion.com\/sv\/wp-json\/wp\/v2\/types\/page"}],"author":[{"embeddable":true,"href":"https:\/\/istopmotion.com\/sv\/wp-json\/wp\/v2\/users\/1"}],"replies":[{"embeddable":true,"href":"https:\/\/istopmotion.com\/sv\/wp-json\/wp\/v2\/comments?post=2180"}],"version-history":[{"count":1,"href":"https:\/\/istopmotion.com\/sv\/wp-json\/wp\/v2\/pages\/2180\/revisions"}],"predecessor-version":[{"id":2183,"href":"https:\/\/istopmotion.com\/sv\/wp-json\/wp\/v2\/pages\/2180\/revisions\/2183"}],"wp:attachment":[{"href":"https:\/\/istopmotion.com\/sv\/wp-json\/wp\/v2\/media?parent=2180"}],"curies":[{"name":"wp","href":"https:\/\/api.w.org\/{rel}","templated":true}]}}