{"id":18,"date":"2023-05-11T13:24:49","date_gmt":"2023-05-11T13:24:49","guid":{"rendered":"https:\/\/istopmotion.com\/?page_id=18"},"modified":"2025-06-27T11:03:51","modified_gmt":"2025-06-27T11:03:51","slug":"avtryck","status":"publish","type":"page","link":"https:\/\/istopmotion.com\/sv\/avtryck\/","title":{"rendered":"Avtryck \/ Impressum"},"content":{"rendered":"<h2 class=\"wp-block-heading\">Boinx Software International GmbH<\/h2>\n\n\n\n<p>Industriestr. 9<br>82110 Germering<br>Tyskland<\/p>\n\n\n\n<p>Telefon: +49 89 84 00 55 0 +49 89 84 00 55 0<br>Fax: +49 89 84 00 55 55<br>Fax US: 1-866-GOBOINX (avgiftsfritt)<\/p>\n\n\n\n<h2 class=\"wp-block-heading\">Kontakta oss<\/h2>\n\n\n\n<p>Vi \u00e4r h\u00e4r f\u00f6r att hj\u00e4lpa dig. Anv\u00e4nd e-postl\u00e4nkarna p\u00e5 den h\u00e4r sidan f\u00f6r att komma i kontakt med oss. Boinx Software \u00e4r baserat i Tyskland. V\u00e4nligen ta h\u00e4nsyn till en eventuell tidszonf\u00f6rskjutning, du kan vanligtvis f\u00f6rv\u00e4nta dig ett svar fr\u00e5n oss inom en arbetsdag.<\/p>\n\n\n\n<p>Support och allm\u00e4nna fr\u00e5gor: support@boinx.com<\/p>\n\n\n\n<p>F\u00f6rs\u00e4ljning: sales@boinx.com<\/p>\n\n\n\n<p>F\u00f6rs\u00e4ljning av utbildning: edu@boinx.com<\/p>\n\n\n\n<p><\/p>\n\n\n\n<h2 class=\"wp-block-heading\">Juridisk<\/h2>\n\n\n\n<h3 class=\"wp-block-heading\">Handelsregister \/ Trade Register<\/h3>\n\n\n\n<p>Gesch\u00e4ftsf\u00fchrer (VD): Oliver Breidenbach<br>Registergericht M\u00fcnchen, HRB 247307<\/p>\n\n\n\n<h3 class=\"wp-block-heading\">Upphovsr\u00e4tt<\/h3>\n\n\n\n<p>Allt material p\u00e5 denna webbplats \u00e4r Copyright \u00a9 2023 av Boinx Software International GmbH.<br>Alla r\u00e4ttigheter f\u00f6rbeh\u00e5llna.<\/p>\n\n\n\n<h3 class=\"wp-block-heading\">Varum\u00e4rken<\/h3>\n\n\n\n<p>Boinx Software och Boinx Software-logotypen \u00e4r varum\u00e4rken som tillh\u00f6r Boinx Software International GmbH. Mac och Mac-logotypen \u00e4r varum\u00e4rken som tillh\u00f6r Apple Computer, Inc. och som \u00e4r registrerade i USA och andra l\u00e4nder. Apple och Apple-logotypen \u00e4r varum\u00e4rken som tillh\u00f6r Apple Computer, Inc. och som \u00e4r registrerade i USA och andra l\u00e4nder och anv\u00e4nds med tillst\u00e5nd.<\/p>\n\n\n\n<h2 class=\"wp-block-heading\">F\u00f6rverkligande och koncept<\/h2>\n\n\n\n<h3 class=\"wp-block-heading\">Webbplats<\/h3>\n\n\n\n<p>Steffen Skopp av&nbsp;<a href=\"https:\/\/klartext-tacheles.de\/\" target=\"_blank\" rel=\"noopener\">klartext-tacheles.de<\/a><\/p>","protected":false},"excerpt":{"rendered":"<p>Boinx Software International GmbH Industriestr. 982110 GermeringGermany Phone: +49 89 84 00 55 0Fax: +49 89 84 00 55 55Fax US: 1-866-GOBOINX (toll free) Contact us We are here to help you. Please use the email links on this page to get in contact with us. Boinx Software is based in Germany. Please take a [&hellip;]<\/p>\n","protected":false},"author":1,"featured_media":0,"parent":0,"menu_order":0,"comment_status":"closed","ping_status":"closed","template":"","meta":{"footnotes":""},"class_list":["post-18","page","type-page","status-publish","hentry"],"_links":{"self":[{"href":"https:\/\/istopmotion.com\/sv\/wp-json\/wp\/v2\/pages\/18","targetHints":{"allow":["GET"]}}],"collection":[{"href":"https:\/\/istopmotion.com\/sv\/wp-json\/wp\/v2\/pages"}],"about":[{"href":"https:\/\/istopmotion.com\/sv\/wp-json\/wp\/v2\/types\/page"}],"author":[{"embeddable":true,"href":"https:\/\/istopmotion.com\/sv\/wp-json\/wp\/v2\/users\/1"}],"replies":[{"embeddable":true,"href":"https:\/\/istopmotion.com\/sv\/wp-json\/wp\/v2\/comments?post=18"}],"version-history":[{"count":1,"href":"https:\/\/istopmotion.com\/sv\/wp-json\/wp\/v2\/pages\/18\/revisions"}],"predecessor-version":[{"id":2558,"href":"https:\/\/istopmotion.com\/sv\/wp-json\/wp\/v2\/pages\/18\/revisions\/2558"}],"wp:attachment":[{"href":"https:\/\/istopmotion.com\/sv\/wp-json\/wp\/v2\/media?parent=18"}],"curies":[{"name":"wp","href":"https:\/\/api.w.org\/{rel}","templated":true}]}}