{"id":2195,"date":"2023-05-11T13:24:49","date_gmt":"2023-05-11T13:24:49","guid":{"rendered":"https:\/\/istopmotion.com\/pie-de-imprenta-impressum\/"},"modified":"2024-11-14T10:25:18","modified_gmt":"2024-11-14T10:25:18","slug":"impressum-taart","status":"publish","type":"page","link":"https:\/\/istopmotion.com\/nl\/impressum-taart\/","title":{"rendered":"Pie de imprenta \/ Impressum"},"content":{"rendered":"<h2 class=\"wp-block-heading\">Boinx Software GmbH<\/h2>\n\n<p>Josef-Kistler Str. 12<br\/>82110 Germering<br\/>Alemani\u00eb<br\/>Tel\u00e9fono y l\u00ednea directa t\u00e9cnica:<br\/>+1 855 264 6979 (Engels)<br\/>Fax:<br\/>+49 89 84 00 55 55<br\/>Fax EE.UU.:<br\/>1-866-GOBOINX (gratis)<\/p>\n\n<h2 class=\"wp-block-heading\">Neem contact op met nosotros<\/h2>\n\n<p>Wij zijn er om u te helpen. Gebruik de enlaces de correo electr\u00f3nico van deze pagina om contact met ons op te nemen. Boinx Software is gevestigd in Duitsland. Houd rekening met een mogelijke verandering in de tijdzone, normaal gesproken kun je binnen \u00e9\u00e9n werkdag een antwoord van ons verwachten.<\/p>\n\n<p>Ventilatieafdeling<br\/><a href=\"mailto:sales@boinx.com\">Para necesidades y preguntas especiales sobre licencias, revendedores y Comentarios.<\/a><\/p>\n\n<p>Departement Onderwijs<br\/><a href=\"mailto:sales@boinx.com\">Para solicitar presupuestos de licencias por volumen para uso educativo.<\/a><\/p>\n\n<p>Afdeling hulpverlening<br\/><a href=\"https:\/\/boinx.com\/support\/\" target=\"_blank\" rel=\"noopener\">Raadpleeg de website voor technische ondersteuning.<\/a><\/p>\n\n<p>Departamento de Relaciones P\u00fablicas<br\/><a href=\"mailto:pr@boinx.com\">Para periodistas, cr\u00edticos y socios publicitarios.<\/a><\/p>\n\n<h2 class=\"wp-block-heading\">Wettelijk<\/h2>\n\n<h3 class=\"wp-block-heading\">Handelsregister<\/h3>\n\n<p>Gesch\u00e4ftsf\u00fchrer (Algemeen directeur): Oliver Breidenbach<br\/>Registratiekantoor M\u00fcnchen, HRB 247307<\/p>\n\n<h3 class=\"wp-block-heading\">Rechten van de auteur<\/h3>\n\n<p>Al het materiaal op deze site is Copyright \u00a9 2023 van Boinx Software International GmbH.<br\/>Alle rechten voorbehouden.<\/p>\n\n<h3 class=\"wp-block-heading\">Marcas<\/h3>\n\n<p>Boinx Software y el logotipo de Boinx Software son marcas registradas de Boinx Software International GmbH. Mac y el logotipo Mac son marcas comerciales de Apple Computer, Inc. registradas en EE.UU. y otros pa\u00edses. Apple y el logotipo de Apple son marcas comerciales de Apple Computer, Inc. registradas en EE.UU. y otros pa\u00edses, utilizadas con permiso.<\/p>\n\n<h2 class=\"wp-block-heading\">Realisatie en concept<\/h2>\n\n<h3 class=\"wp-block-heading\">Webpagina<\/h3>\n\n<p>Steffen Skopp por <a href=\"https:\/\/klartext-tacheles.de\/\" target=\"_blank\" rel=\"noopener\">klartext-tacheles.de<\/a><\/p>","protected":false},"excerpt":{"rendered":"<p>Boinx Software International GmbH Josef-Kistler Str. 1282110 GermeringAlemaniaTel\u00e9fono y l\u00ednea directa t\u00e9cnica:+1 855 264 6979 (ingl\u00e9s)Fax:+49 89 84 00 55 55Fax EE.UU.:1-866-GOBOINX (gratuito) Contacta con nosotros Estamos aqu\u00ed para ayudarte. Utiliza los enlaces de correo electr\u00f3nico de esta p\u00e1gina para ponerte en contacto con nosotros. Boinx Software tiene su sede en Alemania. Por favor, ten [&hellip;]<\/p>\n","protected":false},"author":1,"featured_media":0,"parent":0,"menu_order":0,"comment_status":"closed","ping_status":"closed","template":"","meta":{"footnotes":""},"class_list":["post-2195","page","type-page","status-publish","hentry"],"_links":{"self":[{"href":"https:\/\/istopmotion.com\/nl\/wp-json\/wp\/v2\/pages\/2195","targetHints":{"allow":["GET"]}}],"collection":[{"href":"https:\/\/istopmotion.com\/nl\/wp-json\/wp\/v2\/pages"}],"about":[{"href":"https:\/\/istopmotion.com\/nl\/wp-json\/wp\/v2\/types\/page"}],"author":[{"embeddable":true,"href":"https:\/\/istopmotion.com\/nl\/wp-json\/wp\/v2\/users\/1"}],"replies":[{"embeddable":true,"href":"https:\/\/istopmotion.com\/nl\/wp-json\/wp\/v2\/comments?post=2195"}],"version-history":[{"count":1,"href":"https:\/\/istopmotion.com\/nl\/wp-json\/wp\/v2\/pages\/2195\/revisions"}],"predecessor-version":[{"id":2196,"href":"https:\/\/istopmotion.com\/nl\/wp-json\/wp\/v2\/pages\/2195\/revisions\/2196"}],"wp:attachment":[{"href":"https:\/\/istopmotion.com\/nl\/wp-json\/wp\/v2\/media?parent=2195"}],"curies":[{"name":"wp","href":"https:\/\/api.w.org\/{rel}","templated":true}]}}