{"id":2192,"date":"2023-05-11T13:24:49","date_gmt":"2023-05-11T13:24:49","guid":{"rendered":"https:\/\/istopmotion.com\/impressum-impressum\/"},"modified":"2024-11-14T10:25:16","modified_gmt":"2024-11-14T10:25:16","slug":"impressum-impressum","status":"publish","type":"page","link":"https:\/\/istopmotion.com\/nl\/impressum-impressum\/","title":{"rendered":"Impressum \/ Impressum"},"content":{"rendered":"<h2 class=\"wp-block-heading\">Boinx Software GmbH<\/h2>\n\n<p>Josef-Kistler Str. 12<br\/>82110 Germering<br\/>Duitsland<br\/>Telefoon &amp; Technische hotline:<br\/>+1 855 264 6979 (Engels)<br\/>Fax:<br\/>+49 89 84 00 55 55<br\/>Fax ons:<br\/>1-866-GOBOINX (geb\u00fchrenfrei) <\/p>\n\n<h2 class=\"wp-block-heading\">Contact met ons opnemen<\/h2>\n\n<p>Wij zijn hier om u te helpen. Gebruik de e-mailadressen op deze pagina om met ons in contact te komen. Boinx Software is in Duitsland ans\u00e4ssig. Houd er rekening mee dat je een goede zeitzonenverschiebung hebt. In dit geval kunt u binnen een werkdag een antwoord van ons verwachten.   <\/p>\n\n<p>Vertriebsabteilung<br\/><a href=\"mailto:sales@boinx.com\">F\u00fcr spezielle Lizenzierungsanforderungen und Fragen, Wiederverk\u00e4ufer und Feedback.<\/a><\/p>\n\n<p>Verkoopafdeling Onderwijs<br\/><a href=\"mailto:sales@boinx.com\">F\u00fcr die Anforderung von Angeboten f\u00fcr Volumenlizenzen f\u00fcr den Einsatz im Bildungsbereich.<\/a><\/p>\n\n<p>Ondersteuning<br\/><a href=\"https:\/\/boinx.com\/support\/\" target=\"_blank\" rel=\"noopener\">Voor technische ondersteuning kunt u terecht op de ondersteuningssite.<\/a><\/p>\n\n<p>PR-Abteilung<br\/><a href=\"mailto:pr@boinx.com\">F\u00fcr Journalisten, Rezensenten und Werbepartner.<\/a><\/p>\n\n<h2 class=\"wp-block-heading\">Wettelijk<\/h2>\n\n<h3 class=\"wp-block-heading\">Handelsregister<\/h3>\n\n<p>Gesch\u00e4ftsf\u00fchrer (CEO): Oliver Breidenbach<br\/>Registratiekantoor M\u00fcnchen, HRB 247307<\/p>\n\n<h3 class=\"wp-block-heading\">Copyright<\/h3>\n\n<p>Het volledige materiaal op deze website is auteursrechtelijk beschermd \u00a9 2023 door Boinx Software International GmbH.<br\/>Alle rechten voorbehouden.<\/p>\n\n<h3 class=\"wp-block-heading\">Markenzeichen<\/h3>\n\n<p>Boinx Software en het Boinx Software logo zijn merken van Boinx Software International GmbH. Mac en het Mac-logo zijn merken van Apple Computer, Inc. en worden in de Verenigde Staten en andere landen gebruikt. Apple en het Apple-logo zijn in de Verenigde Staten en andere landen merken van Apple Computer, Inc. en worden met Genehmigung gebruikt.  <\/p>\n\n<h2 class=\"wp-block-heading\">Realisatie en concept<\/h2>\n\n<h3 class=\"wp-block-heading\">Website<\/h3>\n\n<p>Steffen Skopp bij <a href=\"https:\/\/klartext-tacheles.de\/\" target=\"_blank\" rel=\"noopener\">klartext-tacheles.de<\/a><\/p>","protected":false},"excerpt":{"rendered":"<p>Boinx Software International GmbH Josef-Kistler Str. 1282110 GermeringDeutschlandTelefon &amp; Technische Hotline:+1 855 264 6979 (Englisch)Fax:+49 89 84 00 55 55Fax US:1-866-GOBOINX (geb\u00fchrenfrei) Kontaktieren Sie uns Wir sind hier, um Ihnen zu helfen. Bitte verwenden Sie die E-Mail-Links auf dieser Seite, um mit uns in Kontakt zu treten. Boinx Software ist in Deutschland ans\u00e4ssig. Bitte ber\u00fccksichtigen [&hellip;]<\/p>\n","protected":false},"author":1,"featured_media":0,"parent":0,"menu_order":0,"comment_status":"closed","ping_status":"closed","template":"","meta":{"footnotes":""},"class_list":["post-2192","page","type-page","status-publish","hentry"],"_links":{"self":[{"href":"https:\/\/istopmotion.com\/nl\/wp-json\/wp\/v2\/pages\/2192","targetHints":{"allow":["GET"]}}],"collection":[{"href":"https:\/\/istopmotion.com\/nl\/wp-json\/wp\/v2\/pages"}],"about":[{"href":"https:\/\/istopmotion.com\/nl\/wp-json\/wp\/v2\/types\/page"}],"author":[{"embeddable":true,"href":"https:\/\/istopmotion.com\/nl\/wp-json\/wp\/v2\/users\/1"}],"replies":[{"embeddable":true,"href":"https:\/\/istopmotion.com\/nl\/wp-json\/wp\/v2\/comments?post=2192"}],"version-history":[{"count":1,"href":"https:\/\/istopmotion.com\/nl\/wp-json\/wp\/v2\/pages\/2192\/revisions"}],"predecessor-version":[{"id":2194,"href":"https:\/\/istopmotion.com\/nl\/wp-json\/wp\/v2\/pages\/2192\/revisions\/2194"}],"wp:attachment":[{"href":"https:\/\/istopmotion.com\/nl\/wp-json\/wp\/v2\/media?parent=2192"}],"curies":[{"name":"wp","href":"https:\/\/api.w.org\/{rel}","templated":true}]}}