{"id":2188,"date":"2023-05-11T13:24:49","date_gmt":"2023-05-11T13:24:49","guid":{"rendered":"https:\/\/istopmotion.com\/mentions-legales-impressum\/"},"modified":"2024-11-14T10:25:15","modified_gmt":"2024-11-14T10:25:15","slug":"vermeldingen-legales-impressum","status":"publish","type":"page","link":"https:\/\/istopmotion.com\/nl\/vermeldingen-legales-impressum\/","title":{"rendered":"Vermeldingen \/ Impressum"},"content":{"rendered":"<h2 class=\"wp-block-heading\">Boinx Software GmbH<\/h2>\n\n<p>Josef-Kistler Str. 12<br\/>82110 Germering<br\/>Allemagne<br\/>Telefoon en hotline techniek :<br\/>+1 855 264 6979 (Engels)<br\/>Fax :<br\/>+49 89 84 00 55 55<br\/>Fax ons :<br\/>1-866-GOBOINX (gratis)<\/p>\n\n<h2 class=\"wp-block-heading\">Contacteer ons<\/h2>\n\n<p>We zijn er voor u. Gebruik de e-mailadressen op deze pagina om contact met ons op te nemen. Boinx Software is gevestigd in Belgi\u00eb. Houd rekening met een eventuele vertraging. U kunt over het algemeen een antwoord van onze kant verwachten binnen een tijdslimiet van \u00e9\u00e9n uur.<\/p>\n\n<p>Afdeling verkoop<br\/><a href=\"mailto:sales@boinx.com\">Voor vragen en speciale behoeften op het gebied van licenties, inkomsten en informatie.<\/a><\/p>\n\n<p>Afdeling Onderwijs<br\/><a href=\"mailto:sales@boinx.com\">Pour demander des d\u00e9vis de licences en volume \u00e0 des fins \u00e9ducatives.<\/a><\/p>\n\n<p>Hulpdienst<br\/><a href=\"https:\/\/boinx.com\/support\/\" target=\"_blank\" rel=\"noopener\">Raadpleeg de website voor technische ondersteuning.<\/a><\/p>\n\n<p>Departement openbare betrekkingen<br\/><a href=\"mailto:pr@boinx.com\">Voor journalisten, critici en publiciteitsmedewerkers.<\/a><\/p>\n\n<h2 class=\"wp-block-heading\">Juridisch<\/h2>\n\n<h3 class=\"wp-block-heading\">Handelsregister<\/h3>\n\n<p>Gesch\u00e4ftsf\u00fchrer (CEO) : Oliver Breidenbach<br\/>Registratiekantoor M\u00fcnchen, HRB 247307<\/p>\n\n<h3 class=\"wp-block-heading\">Auteursrecht<\/h3>\n\n<p>Alle onderdelen van deze site zijn beschermd door het auteursrecht \u00a9 2023 van Boinx Software International GmbH.<br\/>Alle rechten voorbehouden.<\/p>\n\n<h3 class=\"wp-block-heading\">Gedeponeerde merken<\/h3>\n\n<p>Boinx Software en het logo Boinx Software zijn gedeponeerde merken van Boinx Software International GmbH. Mac et le logo Mac sont des marques d\u00e9pos\u00e9es d'Apple Computer, Inc. aux \u00c9tats-Unis et dans d'autres pays. Apple et le logo Apple sont des marques d\u00e9pos\u00e9es d'Apple Computer, Inc. aux \u00c9tats-Unis et dans d'autres pays, utilis\u00e9es avec autorisation.<\/p>\n\n<h2 class=\"wp-block-heading\">Realisatie en concept<\/h2>\n\n<h3 class=\"wp-block-heading\">Website<\/h3>\n\n<p>Steffen Skopp par <a href=\"https:\/\/klartext-tacheles.de\/\" target=\"_blank\" rel=\"noopener\">klartext-tacheles.de<\/a><\/p>","protected":false},"excerpt":{"rendered":"<p>Boinx Software International GmbH Josef-Kistler Str. 1282110 GermeringAllemagneT\u00e9l\u00e9phone et hotline technique :+1 855 264 6979 (anglais)Fax :+49 89 84 00 55 55Fax US :1-866-GOBOINX (gratuit) Contactez nous Nous sommes l\u00e0 pour vous aider. Veuillez utiliser les liens e-mail de cette page pour nous contacter. Boinx Software est bas\u00e9 en Allemagne. Veuillez tenir compte d&#8217;un \u00e9ventuel [&hellip;]<\/p>\n","protected":false},"author":1,"featured_media":0,"parent":0,"menu_order":0,"comment_status":"closed","ping_status":"closed","template":"","meta":{"footnotes":""},"class_list":["post-2188","page","type-page","status-publish","hentry"],"_links":{"self":[{"href":"https:\/\/istopmotion.com\/nl\/wp-json\/wp\/v2\/pages\/2188","targetHints":{"allow":["GET"]}}],"collection":[{"href":"https:\/\/istopmotion.com\/nl\/wp-json\/wp\/v2\/pages"}],"about":[{"href":"https:\/\/istopmotion.com\/nl\/wp-json\/wp\/v2\/types\/page"}],"author":[{"embeddable":true,"href":"https:\/\/istopmotion.com\/nl\/wp-json\/wp\/v2\/users\/1"}],"replies":[{"embeddable":true,"href":"https:\/\/istopmotion.com\/nl\/wp-json\/wp\/v2\/comments?post=2188"}],"version-history":[{"count":1,"href":"https:\/\/istopmotion.com\/nl\/wp-json\/wp\/v2\/pages\/2188\/revisions"}],"predecessor-version":[{"id":2190,"href":"https:\/\/istopmotion.com\/nl\/wp-json\/wp\/v2\/pages\/2188\/revisions\/2190"}],"wp:attachment":[{"href":"https:\/\/istopmotion.com\/nl\/wp-json\/wp\/v2\/media?parent=2188"}],"curies":[{"name":"wp","href":"https:\/\/api.w.org\/{rel}","templated":true}]}}