{"id":2186,"date":"2023-05-11T13:24:49","date_gmt":"2023-05-11T13:24:49","guid":{"rendered":"https:\/\/istopmotion.com\/impressao-impressum\/"},"modified":"2024-11-14T10:25:15","modified_gmt":"2024-11-14T10:25:15","slug":"impressao-impressum","status":"publish","type":"page","link":"https:\/\/istopmotion.com\/nl\/impressao-impressum\/","title":{"rendered":"Impress\u00e3o \/ Impressum"},"content":{"rendered":"<h2 class=\"wp-block-heading\">Boinx Software GmbH<\/h2>\n\n<p>Josef-Kistler Str. 12<br\/>82110 Germering<br\/>Alemanha<br\/>Telefoon en telefoonlijn:<br\/>+1 855 264 6979 (Engels)<br\/>Fax:<br\/>+49 89 84 00 55 55<br\/>Fax ons:<br\/>1-866-GOBOINX (gratis) <\/p>\n\n<h2 class=\"wp-block-heading\">Contact op<\/h2>\n\n<p>Wij zijn er om u te helpen. Gebruik de e-mailadressen op deze pagina om contact met ons op te nemen. A Boinx Software est\u00e1 sediada na Alemanha. Por favor, tem em considera\u00e7\u00e3o uma poss\u00edvel mudan\u00e7a de fuso hor\u00e1rio. Normaal gesproken kunt u een antwoord verwachten van ons op een bepaalde dag.   <\/p>\n\n<p>Verkoopafdeling<br\/><a href=\"mailto:sales@boinx.com\">Voor specifieke vragen over licenties, revendedores en feedback.<\/a><\/p>\n\n<p>Departamento de Vendas para a Educa\u00e7\u00e3o<br\/><a href=\"mailto:sales@boinx.com\">Para solicitar or\u00e7amentos de licenciamento por volume para utiliza\u00e7\u00e3o educativa.<\/a><\/p>\n\n<p>Ondersteuning<br\/><a href=\"https:\/\/boinx.com\/support\/\" target=\"_blank\" rel=\"noopener\">Raadpleeg de voorwaarden voor technische ondersteuning.<\/a><\/p>\n\n<p>Departement RP<br\/><a href=\"mailto:pr@boinx.com\">Voor journalisten, recensenten en parceiros publicit\u00e1rios.<\/a><\/p>\n\n<h2 class=\"wp-block-heading\">Wettelijk<\/h2>\n\n<h3 class=\"wp-block-heading\">Handelsregister<\/h3>\n\n<p>Gesch\u00e4ftsf\u00fchrer (Diretor Executivo): Oliver Breidenbach<br\/>Registratiekantoor M\u00fcnchen, HRB 247307<\/p>\n\n<h3 class=\"wp-block-heading\">Autoriteitsvoorwaarden<\/h3>\n\n<p>Al het materiaal in deze brochure is beschermd door de auteursrechten \u00a9 2023 van Boinx Software International GmbH.<br\/>Alle rechten voorbehouden.<\/p>\n\n<h3 class=\"wp-block-heading\">Geregistreerde Marcas<\/h3>\n\n<p>Boinx Software en o log\u00f3tipo Boinx Software zijn handelsmerken van Boinx Software International GmbH. Mac e o log\u00f3tipo Mac zijn handelsmerken van Apple Computer, Inc., geregistreerd in de E.U.A. en andere landen. Apple e o log\u00f3tipo Apple s\u00e3o comerciais marcas da Apple Computer, Inc., registadas nos E.U.A. e noutros pa\u00edses, utilizadas com autoriza\u00e7\u00e3o.  <\/p>\n\n<h2 class=\"wp-block-heading\">Realisatie en ontwerp<\/h2>\n\n<h3 class=\"wp-block-heading\">Web<\/h3>\n\n<p>Steffen Skopp por <a href=\"https:\/\/klartext-tacheles.de\/\" target=\"_blank\" rel=\"noopener\">klartext-tacheles.de<\/a><\/p>","protected":false},"excerpt":{"rendered":"<p>Boinx Software International GmbH Josef-Kistler Str. 1282110 GermeringAlemanhaTelefone e linha de apoio t\u00e9cnico:+1 855 264 6979 (ingl\u00eas)Fax:+49 89 84 00 55 55Fax US:1-866-GOBOINX (gratuito) Contacta-nos Estamos aqui para te ajudar. Utiliza as liga\u00e7\u00f5es de e-mail nesta p\u00e1gina para entrares em contacto connosco. A Boinx Software est\u00e1 sediada na Alemanha. Por favor, tem em considera\u00e7\u00e3o uma [&hellip;]<\/p>\n","protected":false},"author":1,"featured_media":0,"parent":0,"menu_order":0,"comment_status":"closed","ping_status":"closed","template":"","meta":{"footnotes":""},"class_list":["post-2186","page","type-page","status-publish","hentry"],"_links":{"self":[{"href":"https:\/\/istopmotion.com\/nl\/wp-json\/wp\/v2\/pages\/2186","targetHints":{"allow":["GET"]}}],"collection":[{"href":"https:\/\/istopmotion.com\/nl\/wp-json\/wp\/v2\/pages"}],"about":[{"href":"https:\/\/istopmotion.com\/nl\/wp-json\/wp\/v2\/types\/page"}],"author":[{"embeddable":true,"href":"https:\/\/istopmotion.com\/nl\/wp-json\/wp\/v2\/users\/1"}],"replies":[{"embeddable":true,"href":"https:\/\/istopmotion.com\/nl\/wp-json\/wp\/v2\/comments?post=2186"}],"version-history":[{"count":1,"href":"https:\/\/istopmotion.com\/nl\/wp-json\/wp\/v2\/pages\/2186\/revisions"}],"predecessor-version":[{"id":2189,"href":"https:\/\/istopmotion.com\/nl\/wp-json\/wp\/v2\/pages\/2186\/revisions\/2189"}],"wp:attachment":[{"href":"https:\/\/istopmotion.com\/nl\/wp-json\/wp\/v2\/media?parent=2186"}],"curies":[{"name":"wp","href":"https:\/\/api.w.org\/{rel}","templated":true}]}}