{"id":18,"date":"2023-05-11T13:24:49","date_gmt":"2023-05-11T13:24:49","guid":{"rendered":"https:\/\/istopmotion.com\/?page_id=18"},"modified":"2025-06-27T11:03:51","modified_gmt":"2025-06-27T11:03:51","slug":"opdruk","status":"publish","type":"page","link":"https:\/\/istopmotion.com\/nl\/opdruk\/","title":{"rendered":"Afdruk \/ Impressum"},"content":{"rendered":"<h2 class=\"wp-block-heading\">Boinx Software GmbH<\/h2>\n\n\n\n<p>Industriestr. 9<br>82110 Germering<br>Duitsland<\/p>\n\n\n\n<p>Telefoon: +49 89 84 00 55 0<br>Fax: +49 89 84 00 55 55<br>Fax ons: 1-866-GOBOINX (gratis)<\/p>\n\n\n\n<h2 class=\"wp-block-heading\">Neem contact met ons op<\/h2>\n\n\n\n<p>We zijn er om je te helpen. Gebruik de e-mail links op deze pagina om contact met ons op te nemen. Boinx Software is gevestigd in Duitsland. Houd rekening met mogelijke tijdsverschuivingen, meestal kun je binnen een werkdag een antwoord van ons verwachten.<\/p>\n\n\n\n<p>Ondersteuning en algemene vragen: support@boinx.com<\/p>\n\n\n\n<p>Verkoop: sales@boinx.com<\/p>\n\n\n\n<p>Verkoop onderwijs: edu@boinx.com<\/p>\n\n\n\n<p><\/p>\n\n\n\n<h2 class=\"wp-block-heading\">Wettelijk<\/h2>\n\n\n\n<h3 class=\"wp-block-heading\">Handelsregister<\/h3>\n\n\n\n<p>Gesch\u00e4ftsf\u00fchrer (CEO): Oliver Breidenbach<br>Registratiekantoor M\u00fcnchen, HRB 247307<\/p>\n\n\n\n<h3 class=\"wp-block-heading\">Copyright<\/h3>\n\n\n\n<p>Al het materiaal op deze site is Copyright \u00a9 2023 door Boinx Software International GmbH.<br>Alle rechten voorbehouden.<\/p>\n\n\n\n<h3 class=\"wp-block-heading\">Handelsmerken<\/h3>\n\n\n\n<p>Boinx Software en het Boinx Software logo zijn handelsmerken van Boinx Software International GmbH. Mac en het Mac-logo zijn handelsmerken van Apple Computer, Inc., geregistreerd in de VS en andere landen. Apple en het Apple logo zijn handelsmerken van Apple Computer, Inc., geregistreerd in de VS en andere landen, gebruikt met toestemming.<\/p>\n\n\n\n<h2 class=\"wp-block-heading\">Realisatie en concept<\/h2>\n\n\n\n<h3 class=\"wp-block-heading\">Website<\/h3>\n\n\n\n<p>Steffen Skopp door&nbsp;<a href=\"https:\/\/klartext-tacheles.de\/\" target=\"_blank\" rel=\"noopener\">klartext-tacheles.de<\/a><\/p>","protected":false},"excerpt":{"rendered":"<p>Boinx Software International GmbH Industriestr. 982110 GermeringGermany Phone: +49 89 84 00 55 0Fax: +49 89 84 00 55 55Fax US: 1-866-GOBOINX (toll free) Contact us We are here to help you. Please use the email links on this page to get in contact with us. Boinx Software is based in Germany. Please take a [&hellip;]<\/p>\n","protected":false},"author":1,"featured_media":0,"parent":0,"menu_order":0,"comment_status":"closed","ping_status":"closed","template":"","meta":{"footnotes":""},"class_list":["post-18","page","type-page","status-publish","hentry"],"_links":{"self":[{"href":"https:\/\/istopmotion.com\/nl\/wp-json\/wp\/v2\/pages\/18","targetHints":{"allow":["GET"]}}],"collection":[{"href":"https:\/\/istopmotion.com\/nl\/wp-json\/wp\/v2\/pages"}],"about":[{"href":"https:\/\/istopmotion.com\/nl\/wp-json\/wp\/v2\/types\/page"}],"author":[{"embeddable":true,"href":"https:\/\/istopmotion.com\/nl\/wp-json\/wp\/v2\/users\/1"}],"replies":[{"embeddable":true,"href":"https:\/\/istopmotion.com\/nl\/wp-json\/wp\/v2\/comments?post=18"}],"version-history":[{"count":1,"href":"https:\/\/istopmotion.com\/nl\/wp-json\/wp\/v2\/pages\/18\/revisions"}],"predecessor-version":[{"id":2558,"href":"https:\/\/istopmotion.com\/nl\/wp-json\/wp\/v2\/pages\/18\/revisions\/2558"}],"wp:attachment":[{"href":"https:\/\/istopmotion.com\/nl\/wp-json\/wp\/v2\/media?parent=18"}],"curies":[{"name":"wp","href":"https:\/\/api.w.org\/{rel}","templated":true}]}}