{"id":2192,"date":"2023-05-11T13:24:49","date_gmt":"2023-05-11T13:24:49","guid":{"rendered":"https:\/\/istopmotion.com\/impressum-impressum\/"},"modified":"2024-11-14T10:25:16","modified_gmt":"2024-11-14T10:25:16","slug":"impressum-impressum","status":"publish","type":"page","link":"https:\/\/istopmotion.com\/nb\/impressum-impressum\/","title":{"rendered":"Impressum \/ Impressum"},"content":{"rendered":"<h2 class=\"wp-block-heading\">Boinx Software International GmbH<\/h2>\n\n<p>Josef-Kistler Str. 12<br\/>82110 Germering<br\/>Tyskland<br\/>Telefon og teknisk hotline:<br\/>+1 855 264 6979 (engelsk)<br\/>Faks:<br\/>+49 89 84 00 55 55<br\/>Faks oss:<br\/>1-866-GOBOINX (geb\u00fchrenfrei) <\/p>\n\n<h2 class=\"wp-block-heading\">Kontakt oss<\/h2>\n\n<p>Vi er her for \u00e5 hjelpe deg. Vennligst bruk e-postlenkene p\u00e5 denne siden for \u00e5 komme i kontakt med oss. Boinx Software er tilgjengelig i Tyskland. Vennligst ta hensyn til en eventuell Zeitzonenverschiebung. I slike tilfeller kan du forvente et svar fra oss i l\u00f8pet av en arbeidsfase.   <\/p>\n\n<p>Vertriebsabteilung<br\/><a href=\"mailto:sales@boinx.com\">For spesielle lisensieringsbehov og sp\u00f8rsm\u00e5l, gjenkj\u00f8pere og tilbakemeldinger.<\/a><\/p>\n\n<p>Salgsavdelingen for utdanning<br\/><a href=\"mailto:sales@boinx.com\">For die Anforderung von Angeboten f\u00fcr Volumenlizenzen f\u00fcr den Einsatz im Bildungsbereich.<\/a><\/p>\n\n<p>Support-Abteilung<br\/><a href=\"https:\/\/boinx.com\/support\/\" target=\"_blank\" rel=\"noopener\">For teknisk st\u00f8tte, vennligst bes\u00f8k supportsiden.<\/a><\/p>\n\n<p>PR-Abteilung<br\/><a href=\"mailto:pr@boinx.com\">For journalister, lesere og reklamepartnere.<\/a><\/p>\n\n<h2 class=\"wp-block-heading\">Juridisk<\/h2>\n\n<h3 class=\"wp-block-heading\">Handelsregister \/ Trade Register<\/h3>\n\n<p>Gesch\u00e4ftsf\u00fchrer (administrerende direkt\u00f8r): Oliver Breidenbach<br\/>Registergericht M\u00fcnchen, HRB 247307<\/p>\n\n<h3 class=\"wp-block-heading\">Opphavsrett<\/h3>\n\n<p>Alt materiale p\u00e5 dette nettstedet er opphavsrettslig beskyttet \u00a9 2023 av Boinx Software International GmbH.<br\/>Alle rettigheter forbeholdes.<\/p>\n\n<h3 class=\"wp-block-heading\">Markenzeichen<\/h3>\n\n<p>Boinx Software og Boinx Software-logoen er merker som tilh\u00f8rer Boinx Software International GmbH. Mac og Mac-logoen er merker av Apple Computer, Inc. og er registrert i USA og andre land. Apple og Apple-logoen er i USA og andre land registrerte merker av Apple Computer, Inc. og vil bli brukt med tillatelse.  <\/p>\n\n<h2 class=\"wp-block-heading\">Realisering og konsept<\/h2>\n\n<h3 class=\"wp-block-heading\">Nettsted<\/h3>\n\n<p>Steffen Skopp bei <a href=\"https:\/\/klartext-tacheles.de\/\" target=\"_blank\" rel=\"noopener\">klartext-tacheles.de<\/a><\/p>","protected":false},"excerpt":{"rendered":"<p>Boinx Software International GmbH Josef-Kistler Str. 1282110 GermeringDeutschlandTelefon &amp; Technische Hotline:+1 855 264 6979 (Englisch)Fax:+49 89 84 00 55 55Fax US:1-866-GOBOINX (geb\u00fchrenfrei) Kontaktieren Sie uns Wir sind hier, um Ihnen zu helfen. Bitte verwenden Sie die E-Mail-Links auf dieser Seite, um mit uns in Kontakt zu treten. Boinx Software ist in Deutschland ans\u00e4ssig. Bitte ber\u00fccksichtigen [&hellip;]<\/p>\n","protected":false},"author":1,"featured_media":0,"parent":0,"menu_order":0,"comment_status":"closed","ping_status":"closed","template":"","meta":{"footnotes":""},"class_list":["post-2192","page","type-page","status-publish","hentry"],"_links":{"self":[{"href":"https:\/\/istopmotion.com\/nb\/wp-json\/wp\/v2\/pages\/2192","targetHints":{"allow":["GET"]}}],"collection":[{"href":"https:\/\/istopmotion.com\/nb\/wp-json\/wp\/v2\/pages"}],"about":[{"href":"https:\/\/istopmotion.com\/nb\/wp-json\/wp\/v2\/types\/page"}],"author":[{"embeddable":true,"href":"https:\/\/istopmotion.com\/nb\/wp-json\/wp\/v2\/users\/1"}],"replies":[{"embeddable":true,"href":"https:\/\/istopmotion.com\/nb\/wp-json\/wp\/v2\/comments?post=2192"}],"version-history":[{"count":1,"href":"https:\/\/istopmotion.com\/nb\/wp-json\/wp\/v2\/pages\/2192\/revisions"}],"predecessor-version":[{"id":2194,"href":"https:\/\/istopmotion.com\/nb\/wp-json\/wp\/v2\/pages\/2192\/revisions\/2194"}],"wp:attachment":[{"href":"https:\/\/istopmotion.com\/nb\/wp-json\/wp\/v2\/media?parent=2192"}],"curies":[{"name":"wp","href":"https:\/\/api.w.org\/{rel}","templated":true}]}}