{"id":2188,"date":"2023-05-11T13:24:49","date_gmt":"2023-05-11T13:24:49","guid":{"rendered":"https:\/\/istopmotion.com\/mentions-legales-impressum\/"},"modified":"2024-11-14T10:25:15","modified_gmt":"2024-11-14T10:25:15","slug":"mentions-legales-impressum","status":"publish","type":"page","link":"https:\/\/istopmotion.com\/nb\/mentions-legales-impressum\/","title":{"rendered":"Mentions l\u00e9gales \/ Impressum"},"content":{"rendered":"<h2 class=\"wp-block-heading\">Boinx Software International GmbH<\/h2>\n\n<p>Josef-Kistler Str. 12<br\/>82110 Germering<br\/>Tyskland<br\/>T\u00e9l\u00e9phone et hotline technique :<br\/>+1 855 264 6979 (engelsk)<br\/>Faks :<br\/>+49 89 84 00 55 55<br\/>Fax US :<br\/>1-866-GOBOINX (gratis)<\/p>\n\n<h2 class=\"wp-block-heading\">Kontakt oss<\/h2>\n\n<p>Nous sommes l\u00e0 pour vous aider. Vennligst bruk e-postlinkene p\u00e5 denne siden for \u00e5 kontakte oss. Boinx Software er basert i Tyskland. Vennligst ta hensyn til eventuelle forsinkelser. Du kan vanligvis f\u00e5 svar fra oss innen en tidsfrist p\u00e5 \u00e9n dag.<\/p>\n\n<p>D\u00e9partement des ventes<br\/><a href=\"mailto:sales@boinx.com\">For sp\u00f8rsm\u00e5l og behov knyttet til lisenser, leverand\u00f8rer og informasjonss\u00f8knader.<\/a><\/p>\n\n<p>D\u00e9partement des ventes pour l'\u00e9ducation<br\/><a href=\"mailto:sales@boinx.com\">Pour demander des devis de licences en volume \u00e0 des fins \u00e9ducatives.<\/a><\/p>\n\n<p>Service d'assistance<br\/><a href=\"https:\/\/boinx.com\/support\/\" target=\"_blank\" rel=\"noopener\">For teknisk assistanse, vennligst se nettstedet for assistanse.<\/a><\/p>\n\n<p>D\u00e9partement des relations publiques<br\/><a href=\"mailto:pr@boinx.com\">For journalister, kritikere og samarbeidspartnere.<\/a><\/p>\n\n<h2 class=\"wp-block-heading\">Juridisk<\/h2>\n\n<h3 class=\"wp-block-heading\">Registre du commerce \/ Handelsregister<\/h3>\n\n<p>Gesch\u00e4ftsf\u00fchrer (administrerende direkt\u00f8r) : Oliver Breidenbach<br\/>Registergericht M\u00fcnchen, HRB 247307<\/p>\n\n<h3 class=\"wp-block-heading\">Forfatterrett<\/h3>\n\n<p>Alle elementene p\u00e5 dette nettstedet er beskyttet av opphavsretten \u00a9 2023 av Boinx Software International GmbH.<br\/>Alle rettigheter er forbeholdt.<\/p>\n\n<h3 class=\"wp-block-heading\">Marques d\u00e9pos\u00e9es<\/h3>\n\n<p>Boinx Software og logoen Boinx Software er varemerker som tilh\u00f8rer Boinx Software International GmbH. Mac og logoen Mac er varemerker for Apple Computer, Inc. i USA og andre land. Apple og logoen Apple er merker som tilh\u00f8rer Apple Computer, Inc. i USA og andre land, brukt med tillatelse.<\/p>\n\n<h2 class=\"wp-block-heading\">Realisering og konsept<\/h2>\n\n<h3 class=\"wp-block-heading\">Nettsted web<\/h3>\n\n<p>Steffen Skopp par <a href=\"https:\/\/klartext-tacheles.de\/\" target=\"_blank\" rel=\"noopener\">klartext-tacheles.de<\/a><\/p>","protected":false},"excerpt":{"rendered":"<p>Boinx Software International GmbH Josef-Kistler Str. 1282110 GermeringAllemagneT\u00e9l\u00e9phone et hotline technique :+1 855 264 6979 (anglais)Fax :+49 89 84 00 55 55Fax US :1-866-GOBOINX (gratuit) Contactez nous Nous sommes l\u00e0 pour vous aider. Veuillez utiliser les liens e-mail de cette page pour nous contacter. Boinx Software est bas\u00e9 en Allemagne. Veuillez tenir compte d&#8217;un \u00e9ventuel [&hellip;]<\/p>\n","protected":false},"author":1,"featured_media":0,"parent":0,"menu_order":0,"comment_status":"closed","ping_status":"closed","template":"","meta":{"footnotes":""},"class_list":["post-2188","page","type-page","status-publish","hentry"],"_links":{"self":[{"href":"https:\/\/istopmotion.com\/nb\/wp-json\/wp\/v2\/pages\/2188","targetHints":{"allow":["GET"]}}],"collection":[{"href":"https:\/\/istopmotion.com\/nb\/wp-json\/wp\/v2\/pages"}],"about":[{"href":"https:\/\/istopmotion.com\/nb\/wp-json\/wp\/v2\/types\/page"}],"author":[{"embeddable":true,"href":"https:\/\/istopmotion.com\/nb\/wp-json\/wp\/v2\/users\/1"}],"replies":[{"embeddable":true,"href":"https:\/\/istopmotion.com\/nb\/wp-json\/wp\/v2\/comments?post=2188"}],"version-history":[{"count":1,"href":"https:\/\/istopmotion.com\/nb\/wp-json\/wp\/v2\/pages\/2188\/revisions"}],"predecessor-version":[{"id":2190,"href":"https:\/\/istopmotion.com\/nb\/wp-json\/wp\/v2\/pages\/2188\/revisions\/2190"}],"wp:attachment":[{"href":"https:\/\/istopmotion.com\/nb\/wp-json\/wp\/v2\/media?parent=2188"}],"curies":[{"name":"wp","href":"https:\/\/api.w.org\/{rel}","templated":true}]}}