{"id":2186,"date":"2023-05-11T13:24:49","date_gmt":"2023-05-11T13:24:49","guid":{"rendered":"https:\/\/istopmotion.com\/impressao-impressum\/"},"modified":"2024-11-14T10:25:15","modified_gmt":"2024-11-14T10:25:15","slug":"impressao-impressum","status":"publish","type":"page","link":"https:\/\/istopmotion.com\/nb\/impressao-impressum\/","title":{"rendered":"Impress\u00e3o \/ Impressum"},"content":{"rendered":"<h2 class=\"wp-block-heading\">Boinx Software International GmbH<\/h2>\n\n<p>Josef-Kistler Str. 12<br\/>82110 Germering<br\/>Alemanha<br\/>Telefon og teknisk hjelpelinje:<br\/>+1 855 264 6979 (ingl\u00eas)<br\/>Faks:<br\/>+49 89 84 00 55 55<br\/>Faks oss:<br\/>1-866-GOBOINX (gratuito) <\/p>\n\n<h2 class=\"wp-block-heading\">Contacta-nos<\/h2>\n\n<p>Vi er her for \u00e5 hjelpe deg. Bruk e-postadressen din p\u00e5 denne siden for \u00e5 komme i kontakt med oss. A Boinx Software holder til i Alemanha. Vennligst ta hensyn til en eventuell endring i tidsfrister. Normalt kan du forvente \u00e5 f\u00e5 svar innen en dag.   <\/p>\n\n<p>Departamento de Vendas<br\/><a href=\"mailto:sales@boinx.com\">For spesielle behov og sp\u00f8rsm\u00e5l om lisens, krav og tilbakemeldinger.<\/a><\/p>\n\n<p>Departamento de Vendas para a Educa\u00e7\u00e3o<br\/><a href=\"mailto:sales@boinx.com\">Para solicitar or\u00e7amentos de licenciamento por volume para utiliza\u00e7\u00e3o educativa.<\/a><\/p>\n\n<p>Departamento de apoio<br\/><a href=\"https:\/\/boinx.com\/support\/\" target=\"_blank\" rel=\"noopener\">For \u00e5 f\u00e5 teknisk hjelp, se apotio de apoio.<\/a><\/p>\n\n<p>Departamento de RP<br\/><a href=\"mailto:pr@boinx.com\">For journalister, revisorer og publisister.<\/a><\/p>\n\n<h2 class=\"wp-block-heading\">Juridisk<\/h2>\n\n<h3 class=\"wp-block-heading\">Registo comercial \/ Handelsregister<\/h3>\n\n<p>Gesch\u00e4ftsf\u00fchrer (Diretor Executivo): Oliver Breidenbach<br\/>Registergericht M\u00fcnchen, HRB 247307<\/p>\n\n<h3 class=\"wp-block-heading\">Direitos de autor<\/h3>\n\n<p>Alt materialet i dette dokumentet er beskyttet av forfatterrettigheter \u00a9 2023 da Boinx Software International GmbH.<br\/>Todos os direitos reservados.<\/p>\n\n<h3 class=\"wp-block-heading\">Marcas registadas<\/h3>\n\n<p>Boinx Software og logoen Boinx Software er varemerker for Boinx Software International GmbH. Mac og logoen Mac er varemerker for Apple Computer, Inc. registrert i EU og andre land. Apple og logoen Apple er varemerker for Apple Computer, Inc. registrert i EU og andre land, og brukes med tillatelse.  <\/p>\n\n<h2 class=\"wp-block-heading\">Realiza\u00e7\u00e3o e conceito<\/h2>\n\n<h3 class=\"wp-block-heading\">S\u00edtio Web<\/h3>\n\n<p>Steffen Skopp por <a href=\"https:\/\/klartext-tacheles.de\/\" target=\"_blank\" rel=\"noopener\">klartext-tacheles.de<\/a><\/p>","protected":false},"excerpt":{"rendered":"<p>Boinx Software International GmbH Josef-Kistler Str. 1282110 GermeringAlemanhaTelefone e linha de apoio t\u00e9cnico:+1 855 264 6979 (ingl\u00eas)Fax:+49 89 84 00 55 55Fax US:1-866-GOBOINX (gratuito) Contacta-nos Estamos aqui para te ajudar. Utiliza as liga\u00e7\u00f5es de e-mail nesta p\u00e1gina para entrares em contacto connosco. A Boinx Software est\u00e1 sediada na Alemanha. Por favor, tem em considera\u00e7\u00e3o uma [&hellip;]<\/p>\n","protected":false},"author":1,"featured_media":0,"parent":0,"menu_order":0,"comment_status":"closed","ping_status":"closed","template":"","meta":{"footnotes":""},"class_list":["post-2186","page","type-page","status-publish","hentry"],"_links":{"self":[{"href":"https:\/\/istopmotion.com\/nb\/wp-json\/wp\/v2\/pages\/2186","targetHints":{"allow":["GET"]}}],"collection":[{"href":"https:\/\/istopmotion.com\/nb\/wp-json\/wp\/v2\/pages"}],"about":[{"href":"https:\/\/istopmotion.com\/nb\/wp-json\/wp\/v2\/types\/page"}],"author":[{"embeddable":true,"href":"https:\/\/istopmotion.com\/nb\/wp-json\/wp\/v2\/users\/1"}],"replies":[{"embeddable":true,"href":"https:\/\/istopmotion.com\/nb\/wp-json\/wp\/v2\/comments?post=2186"}],"version-history":[{"count":1,"href":"https:\/\/istopmotion.com\/nb\/wp-json\/wp\/v2\/pages\/2186\/revisions"}],"predecessor-version":[{"id":2189,"href":"https:\/\/istopmotion.com\/nb\/wp-json\/wp\/v2\/pages\/2186\/revisions\/2189"}],"wp:attachment":[{"href":"https:\/\/istopmotion.com\/nb\/wp-json\/wp\/v2\/media?parent=2186"}],"curies":[{"name":"wp","href":"https:\/\/api.w.org\/{rel}","templated":true}]}}