{"id":2180,"date":"2023-05-11T13:24:49","date_gmt":"2023-05-11T13:24:49","guid":{"rendered":"https:\/\/istopmotion.com\/afdruk-impressum\/"},"modified":"2024-11-14T10:25:12","modified_gmt":"2024-11-14T10:25:12","slug":"afdruk-impressum","status":"publish","type":"page","link":"https:\/\/istopmotion.com\/nb\/afdruk-impressum\/","title":{"rendered":"Afdruk \/ Impressum"},"content":{"rendered":"<h2 class=\"wp-block-heading\">Boinx Software GmbH<\/h2>\n\n<p>Josef-Kistler Str. 12<br\/>82110 Germering<br\/>Tyskland<br\/>Telefon og teknisk hotline:<br\/>+1 855 264 6979 (Engels)<br\/>Faks:<br\/>+49 89 84 00 55<br\/>Faks VS:<br\/>1-866-GOBOINX (gratis) <\/p>\n\n<h2 class=\"wp-block-heading\">Ta kontakt med oss p\u00e5<\/h2>\n\n<p>Vi er her for \u00e5 hjelpe deg. Bruk e-postlenkene p\u00e5 denne siden for \u00e5 ta kontakt med oss. Boinx Software er etablert i Tyskland. Hold regning med mulige tidsforsinkelser, oftest kan du innen en arbeidsdag et svar fra oss forvente.   <\/p>\n\n<p>Salgsavdeling<br\/><a href=\"mailto:sales@boinx.com\">For spesielle lisensbehov og sp\u00f8rsm\u00e5l, videreformidling og tilbakemelding.<\/a><\/p>\n\n<p>Afdeling Verkoop Onderwijs<br\/><a href=\"mailto:sales@boinx.com\">For aanvragen van offertes voor volumelicenties voor educatief gebruik.<\/a><\/p>\n\n<p>Afdeling Ondersteuning<br\/><a href=\"https:\/\/boinx.com\/support\/\" target=\"_blank\" rel=\"noopener\">Raadpleeg voor technische ondersteuning de ondersteuningssite.<\/a><\/p>\n\n<p>PR-avdeling<br\/><a href=\"mailto:pr@boinx.com\">For journalister, recensenter og reklamepartnere.<\/a><\/p>\n\n<h2 class=\"wp-block-heading\">Wettelijk<\/h2>\n\n<h3 class=\"wp-block-heading\">Handelsregister<\/h3>\n\n<p>Gesch\u00e4ftsf\u00fchrer (administrerende direkt\u00f8r): Oliver Breidenbach<br\/>Registergericht M\u00fcnchen, HRB 247307<\/p>\n\n<h3 class=\"wp-block-heading\">Opphavsrett<\/h3>\n\n<p>Alt materialet p\u00e5 dette nettstedet er opphavsrettslig beskyttet \u00a9 2023 av Boinx Software International GmbH.<br\/>Alle rechten voorbehouden.<\/p>\n\n<h3 class=\"wp-block-heading\">Handelsmerken<\/h3>\n\n<p>Boinx Software og Boinx Software-logoen er handelsmerket til Boinx Software International GmbH. Mac og Mac-logoen er handelsmerker av Apple Computer, Inc., registrert i USA og andre land. Apple og Apple-logoen er handelsmerket til Apple Computer, Inc. registrert i USA og andre land, brukt med tillatelse.  <\/p>\n\n<h2 class=\"wp-block-heading\">Realisering og konsept<\/h2>\n\n<h3 class=\"wp-block-heading\">Nettsted<\/h3>\n\n<p>Steffen Skopp d\u00f8r <a href=\"https:\/\/klartext-tacheles.de\/\" target=\"_blank\" rel=\"noopener\">klartext-tacheles.de<\/a><\/p>","protected":false},"excerpt":{"rendered":"<p>Boinx Software GmbH Josef-Kistler Str. 1282110 GermeringDuitslandTelefoon &amp; Technische hotline:+1 855 264 6979 (Engels)Fax:+49 89 84 00 55Fax VS:1-866-GOBOINX (gratis) Neem contact met ons op We zijn er om je te helpen. Gebruik de e-mail links op deze pagina om contact met ons op te nemen. Boinx Software is gevestigd in Duitsland. Houd rekening met [&hellip;]<\/p>\n","protected":false},"author":1,"featured_media":0,"parent":0,"menu_order":0,"comment_status":"closed","ping_status":"closed","template":"","meta":{"footnotes":""},"class_list":["post-2180","page","type-page","status-publish","hentry"],"_links":{"self":[{"href":"https:\/\/istopmotion.com\/nb\/wp-json\/wp\/v2\/pages\/2180","targetHints":{"allow":["GET"]}}],"collection":[{"href":"https:\/\/istopmotion.com\/nb\/wp-json\/wp\/v2\/pages"}],"about":[{"href":"https:\/\/istopmotion.com\/nb\/wp-json\/wp\/v2\/types\/page"}],"author":[{"embeddable":true,"href":"https:\/\/istopmotion.com\/nb\/wp-json\/wp\/v2\/users\/1"}],"replies":[{"embeddable":true,"href":"https:\/\/istopmotion.com\/nb\/wp-json\/wp\/v2\/comments?post=2180"}],"version-history":[{"count":1,"href":"https:\/\/istopmotion.com\/nb\/wp-json\/wp\/v2\/pages\/2180\/revisions"}],"predecessor-version":[{"id":2183,"href":"https:\/\/istopmotion.com\/nb\/wp-json\/wp\/v2\/pages\/2180\/revisions\/2183"}],"wp:attachment":[{"href":"https:\/\/istopmotion.com\/nb\/wp-json\/wp\/v2\/media?parent=2180"}],"curies":[{"name":"wp","href":"https:\/\/api.w.org\/{rel}","templated":true}]}}