{"id":18,"date":"2023-05-11T13:24:49","date_gmt":"2023-05-11T13:24:49","guid":{"rendered":"https:\/\/istopmotion.com\/?page_id=18"},"modified":"2025-06-27T11:03:51","modified_gmt":"2025-06-27T11:03:51","slug":"avtrykk","status":"publish","type":"page","link":"https:\/\/istopmotion.com\/nb\/avtrykk\/","title":{"rendered":"Imprint \/ Impressum"},"content":{"rendered":"<h2 class=\"wp-block-heading\">Boinx Software International GmbH<\/h2>\n\n\n\n<p>Industriestr. 9<br>82110 Germering<br>Tyskland<\/p>\n\n\n\n<p>Telefon +49 89 84 00 55 0<br>Faks: +49 89 84 00 55 55<br>Fax US: 1-866-GOBOINX (gratis)<\/p>\n\n\n\n<h2 class=\"wp-block-heading\">Kontakt oss<\/h2>\n\n\n\n<p>Vi er her for \u00e5 hjelpe deg. Bruk e-postlenkene p\u00e5 denne siden for \u00e5 komme i kontakt med oss. Boinx Software er basert i Tyskland. Vennligst ta hensyn til en eventuell tidssoneforskyvning, men du kan vanligvis forvente svar fra oss innen \u00e9n arbeidsdag.<\/p>\n\n\n\n<p>Support og generelle henvendelser: support@boinx.com<\/p>\n\n\n\n<p>Salg: sales@boinx.com<\/p>\n\n\n\n<p>Salg av utdanning: edu@boinx.com<\/p>\n\n\n\n<p><\/p>\n\n\n\n<h2 class=\"wp-block-heading\">Juridisk<\/h2>\n\n\n\n<h3 class=\"wp-block-heading\">Handelsregister \/ Handelsregister<\/h3>\n\n\n\n<p>Gesch\u00e4ftsf\u00fchrer (administrerende direkt\u00f8r): Oliver Breidenbach<br>Registergericht M\u00fcnchen, HRB 247307<\/p>\n\n\n\n<h3 class=\"wp-block-heading\">Opphavsrett<\/h3>\n\n\n\n<p>Alt materiale p\u00e5 dette nettstedet er opphavsrettslig beskyttet \u00a9 2023 av Boinx Software International GmbH.<br>Alle rettigheter forbeholdt.<\/p>\n\n\n\n<h3 class=\"wp-block-heading\">Varemerker<\/h3>\n\n\n\n<p>Boinx Software og Boinx Software-logoen er varemerker som tilh\u00f8rer Boinx Software International GmbH. Mac og Mac-logoen er varemerker som tilh\u00f8rer Apple Computer, Inc. og er registrert i USA og andre land. Apple og Apple-logoen er varemerker som tilh\u00f8rer Apple Computer, Inc. og er registrert i USA og andre land, og brukes med tillatelse.<\/p>\n\n\n\n<h2 class=\"wp-block-heading\">Realisering og konsept<\/h2>\n\n\n\n<h3 class=\"wp-block-heading\">Nettsted<\/h3>\n\n\n\n<p>Steffen Skopp av&nbsp;<a href=\"https:\/\/klartext-tacheles.de\/\" target=\"_blank\" rel=\"noopener\">klartext-tacheles.de<\/a><\/p>","protected":false},"excerpt":{"rendered":"<p>Boinx Software International GmbH Industriestr. 982110 GermeringGermany Phone: +49 89 84 00 55 0Fax: +49 89 84 00 55 55Fax US: 1-866-GOBOINX (toll free) Contact us We are here to help you. Please use the email links on this page to get in contact with us. Boinx Software is based in Germany. Please take a [&hellip;]<\/p>\n","protected":false},"author":1,"featured_media":0,"parent":0,"menu_order":0,"comment_status":"closed","ping_status":"closed","template":"","meta":{"footnotes":""},"class_list":["post-18","page","type-page","status-publish","hentry"],"_links":{"self":[{"href":"https:\/\/istopmotion.com\/nb\/wp-json\/wp\/v2\/pages\/18","targetHints":{"allow":["GET"]}}],"collection":[{"href":"https:\/\/istopmotion.com\/nb\/wp-json\/wp\/v2\/pages"}],"about":[{"href":"https:\/\/istopmotion.com\/nb\/wp-json\/wp\/v2\/types\/page"}],"author":[{"embeddable":true,"href":"https:\/\/istopmotion.com\/nb\/wp-json\/wp\/v2\/users\/1"}],"replies":[{"embeddable":true,"href":"https:\/\/istopmotion.com\/nb\/wp-json\/wp\/v2\/comments?post=18"}],"version-history":[{"count":1,"href":"https:\/\/istopmotion.com\/nb\/wp-json\/wp\/v2\/pages\/18\/revisions"}],"predecessor-version":[{"id":2558,"href":"https:\/\/istopmotion.com\/nb\/wp-json\/wp\/v2\/pages\/18\/revisions\/2558"}],"wp:attachment":[{"href":"https:\/\/istopmotion.com\/nb\/wp-json\/wp\/v2\/media?parent=18"}],"curies":[{"name":"wp","href":"https:\/\/api.w.org\/{rel}","templated":true}]}}