{"id":2195,"date":"2023-05-11T13:24:49","date_gmt":"2023-05-11T13:24:49","guid":{"rendered":"https:\/\/istopmotion.com\/pie-de-imprenta-impressum\/"},"modified":"2024-11-14T10:25:18","modified_gmt":"2024-11-14T10:25:18","slug":"%e3%82%a4%e3%83%b3%e3%83%97%e3%83%ac%e3%83%83%e3%82%b5%e3%83%bb%e3%83%91%e3%82%a4","status":"publish","type":"page","link":"https:\/\/istopmotion.com\/ja\/%e3%82%a4%e3%83%b3%e3%83%97%e3%83%ac%e3%83%83%e3%82%b5%e3%83%bb%e3%83%91%e3%82%a4\/","title":{"rendered":"\u30a4\u30f3\u30d7\u30ec\u30c3\u30b5\uff0f\u30a4\u30f3\u30d7\u30ec\u30b9"},"content":{"rendered":"<h2 class=\"wp-block-heading\">\u30dc\u30a4\u30f3\u30af\u30b9\u30fb\u30bd\u30d5\u30c8\u30a6\u30a7\u30a2\u30fb\u30a4\u30f3\u30bf\u30fc\u30ca\u30b7\u30e7\u30ca\u30eb\u793e<\/h2>\n\n<p>\u30e8\u30fc\u30bc\u30d5\u30fb\u30ad\u30b9\u30e9\u30fc\u901a\u308a12<br\/>82110 \u30b2\u30eb\u30de\u30ea\u30f3\u30b0<br\/>\u30a2\u30ec\u30de\u30cb\u30a2<br\/>\u96fb\u8a71\u756a\u53f7\u3068\u76f4\u901a\u96fb\u8a71\uff1a<br\/>+1 855 264 6979\uff08\u82f1\u8a9e\uff09<br\/>\u30d5\u30a1\u30c3\u30af\u30b9\u3067\uff1a<br\/>+49 89 84 00 55 55<br\/>\u30d5\u30a1\u30c3\u30af\u30b9 EE.U\uff1a<br\/>1-866-GOBOINX\uff08\u7121\u6599\uff09<\/p>\n\n<h2 class=\"wp-block-heading\">\u304a\u554f\u3044\u5408\u308f\u305b<\/h2>\n\n<p>\u79c1\u305f\u3061\u304c\u304a\u624b\u4f1d\u3044\u3057\u307e\u3059\u3002\u3053\u306e\u30da\u30fc\u30b8\u306e\u96fb\u5b50\u30e1\u30fc\u30eb \u30a2\u30c9\u30ec\u30b9\u3092\u4f7f\u7528\u3057\u3066\u5f0a\u793e\u306b\u304a\u554f\u3044\u5408\u308f\u305b\u304f\u3060\u3055\u3044\u3002Boinx Software\u306e\u672c\u793e\u306f\u30c9\u30a4\u30c4\u306b\u3042\u308a\u307e\u3059\u3002\u6642\u9593\u5e2f\u306e\u5909\u66f4\u306e\u53ef\u80fd\u6027\u304c\u3042\u308b\u3053\u3068\u3092\u3054\u8003\u616e\u306e\u4e0a\u3001\u901a\u5e38\u306f1\u65e5\u4ee5\u5185\u306b\u3054\u8fd4\u7b54\u3044\u305f\u3057\u307e\u3059\u3002<\/p>\n\n<p>\u30d9\u30f3\u30c1\u30e3\u30fc\u90e8\u9580<br\/><a href=\"mailto:sales@boinx.com\">\u30e9\u30a4\u30bb\u30f3\u30b9\u3001\u6821\u6b63\u3001\u30b3\u30e1\u30f3\u30c8\u306b\u95a2\u3059\u308b\u7279\u5225\u306a\u30cb\u30fc\u30ba\u3084\u3054\u8cea\u554f\u306b\u3064\u3044\u3066\u306f\u3001\u3053\u3061\u3089\u3092\u3054\u89a7\u304f\u3060\u3055\u3044\u3002<\/a><\/p>\n\n<p>\u6559\u80b2\u4e8b\u696d\u90e8<br\/><a href=\"mailto:sales@boinx.com\">\u6559\u80b2\u76ee\u7684\u3067\u306e\u5229\u7528\u3092\u76ee\u7684\u3068\u3057\u305f\u3001\u30e9\u30a4\u30bb\u30f3\u30b9\u7533\u8acb\u66f8\u306e\u63d0\u51fa\u3092\u6c42\u3081\u308b\u5834\u5408\u3002<\/a><\/p>\n\n<p>\u30a2\u30b7\u30b9\u30bf\u30f3\u30c8\u90e8\u9580<br\/><a href=\"https:\/\/boinx.com\/support\/\" target=\"_blank\" rel=\"noopener\">\u6280\u8853\u7684\u306a\u30b5\u30dd\u30fc\u30c8\u304c\u5fc5\u8981\u306a\u5834\u5408\u306f\u3001\u30b5\u30dd\u30fc\u30c8\u30b5\u30a4\u30c8\u3092\u3054\u89a7\u304f\u3060\u3055\u3044\u3002<\/a><\/p>\n\n<p>\u516c\u5171\u95a2\u4fc2\u90e8<br\/><a href=\"mailto:pr@boinx.com\">\u30b8\u30e3\u30fc\u30ca\u30ea\u30b9\u30c8\u3001\u8a55\u8ad6\u5bb6\u3001\u5e83\u5831\u62c5\u5f53\u8005\u5411\u3051\u3002<\/a><\/p>\n\n<h2 class=\"wp-block-heading\">\u30ea\u30fc\u30ac\u30eb<\/h2>\n\n<h3 class=\"wp-block-heading\">\u5546\u696d\u767b\u8a18\u7c3f\uff0f\u5546\u696d\u767b\u8a18\u7c3f<\/h3>\n\n<p>Gesch\u00e4ftsf\u00fchrer\uff08\u4e8b\u52d9\u5c40\u9577\uff09\uff1a\u30aa\u30ea\u30d0\u30fc\u30fb\u30d6\u30e9\u30a4\u30c7\u30f3\u30d0\u30c3\u30cf<br\/>\u30df\u30e5\u30f3\u30d8\u30f3\u767b\u8a18\u6240\uff08HRB 247307<\/p>\n\n<h3 class=\"wp-block-heading\">\u8457\u4f5c\u8005\u306e\u6a29\u5229<\/h3>\n\n<p>\u3053\u306e\u30b5\u30a4\u30c8\u306e\u3059\u3079\u3066\u306e\u8cc7\u6599\u306e\u8457\u4f5c\u6a29\u306fBoinx Software International GmbH\u306b\u5e30\u5c5e\u3057\u307e\u3059\u3002<br\/>\u3059\u3079\u3066\u306e\u6a29\u5229\u306f\u7559\u4fdd\u3055\u308c\u3066\u3044\u308b\u3002<\/p>\n\n<h3 class=\"wp-block-heading\">\u30de\u30fc\u30ab\u30b9<\/h3>\n\n<p>Boinx Software\u304a\u3088\u3073Boinx Software\u306e\u30ed\u30b4\u306f\u3001Boinx Software International GmbH\u306e\u767b\u9332\u5546\u6a19\u3067\u3059\u3002Mac\u304a\u3088\u3073Mac\u306e\u30ed\u30b4\u306f\u3001\u7c73\u56fd\u304a\u3088\u3073\u305d\u306e\u4ed6\u306e\u56fd\u3005\u3067\u767b\u9332\u3055\u308c\u305fApple Computer, Inc.\u306e\u5546\u6a19\u3067\u3059\u3002Apple\u304a\u3088\u3073Apple\u306e\u30ed\u30b4\u306f\u3001\u7c73\u56fd\u304a\u3088\u3073\u305d\u306e\u4ed6\u306e\u56fd\u3005\u3067\u767b\u9332\u3055\u308c\u305fApple Computer, Inc.\u306e\u5546\u6a19\u3067\u3042\u308a\u3001\u8a31\u53ef\u3092\u5f97\u3066\u4f7f\u7528\u3057\u3066\u3044\u307e\u3059\u3002<\/p>\n\n<h2 class=\"wp-block-heading\">\u5b9f\u73fe\u3068\u30b3\u30f3\u30bb\u30d7\u30c8<\/h2>\n\n<h3 class=\"wp-block-heading\">\u30a6\u30a7\u30d6\u30da\u30fc\u30b8<\/h3>\n\n<p>\u30b7\u30e5\u30c6\u30d5\u30a7\u30f3\u30fb\u30b9\u30b3\u30c3\u30d7 <a href=\"https:\/\/klartext-tacheles.de\/\" target=\"_blank\" rel=\"noopener\">klartext-tacheles.de<\/a><\/p>","protected":false},"excerpt":{"rendered":"<p>Boinx Software International GmbH Josef-Kistler Str. 1282110 GermeringAlemaniaTel\u00e9fono y l\u00ednea directa t\u00e9cnica:+1 855 264 6979 (ingl\u00e9s)Fax:+49 89 84 00 55 55Fax EE.UU.:1-866-GOBOINX (gratuito) Contacta con nosotros Estamos aqu\u00ed para ayudarte. Utiliza los enlaces de correo electr\u00f3nico de esta p\u00e1gina para ponerte en contacto con nosotros. Boinx Software tiene su sede en Alemania. Por favor, ten en cuenta un posible cambio de zona horaria, normalmente puedes esperar una respuesta nuestra en el plazo de un d\u00eda laborable. Departamento de VentasPara necesidades y preguntas especiales sobre licencias, revendedores y Comentarios. Departamento de Ventas EducativasPara solicitar presupuestos de licencias por volumen para uso educativo. Departamento de asistenciaPara obtener asistencia t\u00e9cnica, consulta el sitio [&hellip;]<\/p>\n","protected":false},"author":1,"featured_media":0,"parent":0,"menu_order":0,"comment_status":"closed","ping_status":"closed","template":"","meta":{"footnotes":""},"class_list":["post-2195","page","type-page","status-publish","hentry"],"_links":{"self":[{"href":"https:\/\/istopmotion.com\/ja\/wp-json\/wp\/v2\/pages\/2195","targetHints":{"allow":["GET"]}}],"collection":[{"href":"https:\/\/istopmotion.com\/ja\/wp-json\/wp\/v2\/pages"}],"about":[{"href":"https:\/\/istopmotion.com\/ja\/wp-json\/wp\/v2\/types\/page"}],"author":[{"embeddable":true,"href":"https:\/\/istopmotion.com\/ja\/wp-json\/wp\/v2\/users\/1"}],"replies":[{"embeddable":true,"href":"https:\/\/istopmotion.com\/ja\/wp-json\/wp\/v2\/comments?post=2195"}],"version-history":[{"count":1,"href":"https:\/\/istopmotion.com\/ja\/wp-json\/wp\/v2\/pages\/2195\/revisions"}],"predecessor-version":[{"id":2196,"href":"https:\/\/istopmotion.com\/ja\/wp-json\/wp\/v2\/pages\/2195\/revisions\/2196"}],"wp:attachment":[{"href":"https:\/\/istopmotion.com\/ja\/wp-json\/wp\/v2\/media?parent=2195"}],"curies":[{"name":"wp","href":"https:\/\/api.w.org\/{rel}","templated":true}]}}