{"id":2192,"date":"2023-05-11T13:24:49","date_gmt":"2023-05-11T13:24:49","guid":{"rendered":"https:\/\/istopmotion.com\/impressum-impressum\/"},"modified":"2024-11-14T10:25:16","modified_gmt":"2024-11-14T10:25:16","slug":"%e3%82%a4%e3%83%b3%e3%83%91%e3%83%a0%e3%82%a4%e3%83%b3%e3%83%91%e3%83%a0","status":"publish","type":"page","link":"https:\/\/istopmotion.com\/ja\/%e3%82%a4%e3%83%b3%e3%83%91%e3%83%a0%e3%82%a4%e3%83%b3%e3%83%91%e3%83%a0\/","title":{"rendered":"\u30a4\u30f3\u30d7\u30ec\u30c3\u30b5\u30e0 \/ Impressum"},"content":{"rendered":"<h2 class=\"wp-block-heading\">\u30dc\u30a4\u30f3\u30af\u30b9\u30fb\u30bd\u30d5\u30c8\u30a6\u30a7\u30a2\u30fb\u30a4\u30f3\u30bf\u30fc\u30ca\u30b7\u30e7\u30ca\u30eb\u793e<\/h2>\n\n<p>\u30e8\u30fc\u30bc\u30d5\u30fb\u30ad\u30b9\u30e9\u30fc\u901a\u308a12<br\/>82110 \u30b2\u30eb\u30de\u30ea\u30f3\u30b0<br\/>\u30c9\u30a4\u30c4<br\/>\u96fb\u8a71\uff06\u6280\u8853\u30db\u30c3\u30c8\u30e9\u30a4\u30f3\uff1a<br\/>+1 855 264 6979\uff08\u82f1\u8a9e\uff09<br\/>\u30d5\u30a1\u30c3\u30af\u30b9\u3067\uff1a<br\/>+49 89 84 00 55 55<br\/>\u30d5\u30a1\u30c3\u30af\u30b9\u3067\uff1a<br\/>1-866-GOBOINX (\u7121\u6599) <\/p>\n\n<h2 class=\"wp-block-heading\">\u304a\u554f\u3044\u5408\u308f\u305b<\/h2>\n\n<p>\u79c1\u305f\u3061\u306f\u3001\u7686\u69d8\u306e\u304a\u5f79\u306b\u7acb\u3064\u305f\u3081\u306b\u3053\u3053\u306b\u3044\u307e\u3059\u3002\u79c1\u305f\u3061\u3068\u9023\u7d61\u3092\u53d6\u308a\u5408\u3046\u305f\u3081\u306b\u3001\u672c\u30b5\u30a4\u30c8\u306eE\u30e1\u30fc\u30eb\u30ea\u30f3\u30af\u3092\u3054\u5229\u7528\u304f\u3060\u3055\u3044\u3002Boinx Software\u306f\u3001\u30c9\u30a4\u30c4\u56fd\u5185\u3067\u306e\u30b5\u30fc\u30d3\u30b9\u3092\u63d0\u4f9b\u3057\u3066\u3044\u307e\u3059\u3002\u30c9\u30a4\u30c4\u56fd\u5185\u3067\u306e\u3054\u5229\u7528\u3092\u5e0c\u671b\u3055\u308c\u308b\u5834\u5408\u306f\u3001\u5f0a\u793e\u307e\u3067\u3054\u9023\u7d61\u304f\u3060\u3055\u3044\u3002\u3053\u306e\u5834\u5408\u3001\u4f5c\u696d\u4e2d\u306b\u5f53\u793e\u304b\u3089\u8fd4\u4fe1\u3059\u308b\u3053\u3068\u304c\u3067\u304d\u307e\u3059\u3002   <\/p>\n\n<p>\u8ca9\u58f2\u90e8\u9580<br\/><a href=\"mailto:sales@boinx.com\">\u7279\u5225\u306a\u304a\u554f\u3044\u5408\u308f\u305b\u3001\u3054\u610f\u898b\u3001\u3054\u611f\u60f3\u306f\u3053\u3061\u3089\u307e\u3067\u304a\u5bc4\u305b\u304f\u3060\u3055\u3044\u3002<\/a><\/p>\n\n<p>\u6559\u80b2\u55b6\u696d\u90e8<br\/><a href=\"mailto:sales@boinx.com\">\u6559\u80b2\u5206\u91ce\u3067\u306e\u4f7f\u7528\u3092\u76ee\u7684\u3068\u3057\u305f\u30dc\u30ea\u30e5\u30fc\u30e0\u306e\u6ce8\u6587\u306b\u3064\u3044\u3066\u3002<\/a><\/p>\n\n<p>\u30b5\u30dd\u30fc\u30c8\u30c1\u30fc\u30e0<br\/><a href=\"https:\/\/boinx.com\/support\/\" target=\"_blank\" rel=\"noopener\">\u6280\u8853\u30b5\u30dd\u30fc\u30c8\u306b\u3064\u3044\u3066\u306f\u3001\u30b5\u30dd\u30fc\u30c8\u30b5\u30a4\u30c8\u3092\u3054\u89a7\u304f\u3060\u3055\u3044\u3002<\/a><\/p>\n\n<p>\u5e83\u5831\u90e8<br\/><a href=\"mailto:pr@boinx.com\">\u30b8\u30e3\u30fc\u30ca\u30ea\u30b9\u30c8\u3001\u5831\u9053\u95a2\u4fc2\u8005\u3001\u4f01\u696d\u95a2\u4fc2\u8005\u5411\u3051\u3002<\/a><\/p>\n\n<h2 class=\"wp-block-heading\">\u30ea\u30fc\u30ac\u30eb<\/h2>\n\n<h3 class=\"wp-block-heading\">\u5546\u696d\u767b\u8a18\u7c3f<\/h3>\n\n<p>\u30b2\u30b7\u30a7\u30d5\u30c4\u30d5\u30e5\u30fc\u30e9\u30fc\uff08CEO\uff09\uff1a\u30aa\u30ea\u30d0\u30fc\u30fb\u30d6\u30e9\u30a4\u30c7\u30f3\u30d0\u30c3\u30cf<br\/>\u30df\u30e5\u30f3\u30d8\u30f3\u767b\u8a18\u6240\uff08HRB 247307<\/p>\n\n<h3 class=\"wp-block-heading\">\u8457\u4f5c\u6a29<\/h3>\n\n<p>\u3053\u306e\u30a6\u30a7\u30d6\u30b5\u30a4\u30c8\u4e0a\u306e\u3059\u3079\u3066\u306e\u8cc7\u6599\u306e\u8457\u4f5c\u6a29\u306f\u3001Boinx Software International GmbH\u306b\u5e30\u5c5e\u3057\u307e\u3059\u3002<br\/>\u3059\u3079\u3066\u306e\u6a29\u5229\u3092\u7559\u4fdd\u3057\u307e\u3059\u3002<\/p>\n\n<h3 class=\"wp-block-heading\">\u30de\u30fc\u30ad\u30f3\u30b0<\/h3>\n\n<p>Boinx Software\u304a\u3088\u3073Boinx Software\u30ed\u30b4\u306fBoinx Software International GmbH\u306e\u5546\u6a19\u3067\u3059\u3002Mac \u304a\u3088\u3073 Mac \u30ed\u30b4\u306f\u3001\u7c73\u56fd\u304a\u3088\u3073\u305d\u306e\u4ed6\u306e\u56fd\u3005\u3067\u767b\u9332\u3055\u308c\u305f Apple Computer, Inc.Apple \u304a\u3088\u3073 Apple \u30ed\u30b4\u306f\u3001\u7c73\u56fd\u304a\u3088\u3073\u305d\u306e\u4ed6\u306e\u56fd\u3005\u3067\u767b\u9332\u3055\u308c\u305f Apple Computer, Inc.  <\/p>\n\n<h2 class=\"wp-block-heading\">\u5b9f\u73fe\u3068\u30b3\u30f3\u30bb\u30d7\u30c8<\/h2>\n\n<h3 class=\"wp-block-heading\">\u30a6\u30a7\u30d6\u30b5\u30a4\u30c8<\/h3>\n\n<p>\u30b7\u30e5\u30c6\u30d5\u30a7\u30f3\u30fb\u30b9\u30b3\u30c3\u30d7 <a href=\"https:\/\/klartext-tacheles.de\/\" target=\"_blank\" rel=\"noopener\">klartext-tacheles.de<\/a><\/p>","protected":false},"excerpt":{"rendered":"<p>Boinx Software International GmbH Josef-Kistler Str. 1282110 GermeringDeutschlandTelefon &amp; Technische Hotline:+1 855 264 6979 (Englisch)Fax:+49 89 84 00 55 55Fax US:1-866-GOBOINX (geb\u00fchrenfrei) Kontaktieren Sie uns Wir sind hier, um Ihnen zu helfen. Bitte verwenden Sie die E-Mail-Links auf dieser Seite, um mit uns in Kontakt zu treten. Boinx Software ist in Deutschland ans\u00e4ssig. Bitte ber\u00fccksichtigen Sie eine m\u00f6gliche Zeitzonenverschiebung. In der Regel k\u00f6nnen Sie innerhalb eines Arbeitstages eine Antwort von uns erwarten. VertriebsabteilungF\u00fcr spezielle Lizenzierungsanforderungen und Fragen, Wiederverk\u00e4ufer und Feedback. Education Sales DepartmentF\u00fcr die Anforderung von Angeboten f\u00fcr Volumenlizenzen f\u00fcr den Einsatz im Bildungsbereich. Support-AbteilungF\u00fcr technische Unterst\u00fctzung besuchen Sie bitte die Support-Site. PR-AbteilungF\u00fcr Journalisten, Rezensenten und Werbepartner. Legal Handelsregister \/ [&hellip;]<\/p>\n","protected":false},"author":1,"featured_media":0,"parent":0,"menu_order":0,"comment_status":"closed","ping_status":"closed","template":"","meta":{"footnotes":""},"class_list":["post-2192","page","type-page","status-publish","hentry"],"_links":{"self":[{"href":"https:\/\/istopmotion.com\/ja\/wp-json\/wp\/v2\/pages\/2192","targetHints":{"allow":["GET"]}}],"collection":[{"href":"https:\/\/istopmotion.com\/ja\/wp-json\/wp\/v2\/pages"}],"about":[{"href":"https:\/\/istopmotion.com\/ja\/wp-json\/wp\/v2\/types\/page"}],"author":[{"embeddable":true,"href":"https:\/\/istopmotion.com\/ja\/wp-json\/wp\/v2\/users\/1"}],"replies":[{"embeddable":true,"href":"https:\/\/istopmotion.com\/ja\/wp-json\/wp\/v2\/comments?post=2192"}],"version-history":[{"count":1,"href":"https:\/\/istopmotion.com\/ja\/wp-json\/wp\/v2\/pages\/2192\/revisions"}],"predecessor-version":[{"id":2194,"href":"https:\/\/istopmotion.com\/ja\/wp-json\/wp\/v2\/pages\/2192\/revisions\/2194"}],"wp:attachment":[{"href":"https:\/\/istopmotion.com\/ja\/wp-json\/wp\/v2\/media?parent=2192"}],"curies":[{"name":"wp","href":"https:\/\/api.w.org\/{rel}","templated":true}]}}