{"id":2188,"date":"2023-05-11T13:24:49","date_gmt":"2023-05-11T13:24:49","guid":{"rendered":"https:\/\/istopmotion.com\/mentions-legales-impressum\/"},"modified":"2024-11-14T10:25:15","modified_gmt":"2024-11-14T10:25:15","slug":"%e6%b3%95%e7%9a%84%e8%a8%98%e8%bc%89%e4%ba%8b%e9%a0%85","status":"publish","type":"page","link":"https:\/\/istopmotion.com\/ja\/%e6%b3%95%e7%9a%84%e8%a8%98%e8%bc%89%e4%ba%8b%e9%a0%85\/","title":{"rendered":"\u30b3\u30e1\u30f3\u30c8 \/ \u30a4\u30f3\u30d7\u30ec\u30c3\u30b7\u30e7\u30f3"},"content":{"rendered":"<h2 class=\"wp-block-heading\">\u30dc\u30a4\u30f3\u30af\u30b9\u30fb\u30bd\u30d5\u30c8\u30a6\u30a7\u30a2\u30fb\u30a4\u30f3\u30bf\u30fc\u30ca\u30b7\u30e7\u30ca\u30eb\u793e<\/h2>\n\n<p>\u30e8\u30fc\u30bc\u30d5\u30fb\u30ad\u30b9\u30e9\u30fc\u901a\u308a12<br\/>82110 \u30b2\u30eb\u30de\u30ea\u30f3\u30b0<br\/>Allemagne<br\/>T\u00e9l\u00e9phone et hotline technique :<br\/>+1 855 264 6979 (anglais)<br\/>Fax :<br\/>+49 89 84 00 55 55<br\/>Fax US :<br\/>1-866-GOBOINX (gratuit)<\/p>\n\n<h2 class=\"wp-block-heading\">\u304a\u554f\u3044\u5408\u308f\u305b<\/h2>\n\n<p>\u304a\u624b\u4f1d\u3044\u3044\u305f\u3057\u307e\u3059\u3002\u3053\u306e\u30da\u30fc\u30b8\u306e\u96fb\u5b50\u30e1\u30fc\u30eb\u306e\u30ea\u30f3\u30af\u3092\u4f7f\u7528\u3057\u3066\u304a\u554f\u3044\u5408\u308f\u305b\u304f\u3060\u3055\u3044\u3002Boinx Software\u306f\u30c9\u30a4\u30c4\u306b\u62e0\u70b9\u3092\u7f6e\u3044\u3066\u3044\u307e\u3059\u3002\u6642\u9593\u5e2f\u306e\u5909\u66f4\u306b\u3054\u6ce8\u610f\u304f\u3060\u3055\u3044\u3002\u901a\u5e38\u3001\u5f0a\u793e\u304b\u3089\u306e\u56de\u7b54\u306f1\u65e5\u4ee5\u5185\u306b\u8fd4\u4fe1\u3044\u305f\u3057\u307e\u3059\u3002<\/p>\n\n<p>D\u00e9partement des ventes<br\/><a href=\"mailto:sales@boinx.com\">Pour les questions et les besoins particuliers en mati\u00e8re de licences, les revendeurs et les retours d&#8217;information.<\/a><\/p>\n\n<p>D\u00e9partement des ventes pour l&#8217;\u00e9ducation<br\/><a href=\"mailto:sales@boinx.com\">Pour demander des devis de licences en volume \u00e0 des fins \u00e9ducatives.<\/a><\/p>\n\n<p>Service d&#8217;assistance<br\/><a href=\"https:\/\/boinx.com\/support\/\" target=\"_blank\" rel=\"noopener\">Pour l&#8217;assistance technique, veuillez consulter le site d&#8217;assistance.<\/a><\/p>\n\n<p>D\u00e9partement des relations publiques<br\/><a href=\"mailto:pr@boinx.com\">Pour les journalistes, les critiques et les partenaires publicitaires.<\/a><\/p>\n\n<h2 class=\"wp-block-heading\">\u30b8\u30e5\u30ea\u30c7\u30a3\u30c3\u30af<\/h2>\n\n<h3 class=\"wp-block-heading\">\u5546\u696d\u767b\u8a18\u7c3f<\/h3>\n\n<p>Gesch\u00e4ftsf\u00fchrer (CEO) : Oliver Breidenbach<br\/>\u30df\u30e5\u30f3\u30d8\u30f3\u767b\u8a18\u6240\uff08HRB 247307<\/p>\n\n<h3 class=\"wp-block-heading\">\u4f5c\u5bb6\u6cd5<\/h3>\n\n<p>Tous les \u00e9l\u00e9ments de ce site sont prot\u00e9g\u00e9s par le droit d&#8217;auteur \u00a9 2023 de Boinx Software International GmbH.<br\/>Tous les droits sont r\u00e9serv\u00e9s.<\/p>\n\n<h3 class=\"wp-block-heading\">\u8ca9\u58f2\u30d6\u30e9\u30f3\u30c9<\/h3>\n\n<p>Boinx Software \u304a\u3088\u3073 Boinx Software \u306e\u30ed\u30b4\u306f Boinx Software International GmbH \u306e\u5546\u6a19\u3067\u3059\u3002Mac\u304a\u3088\u3073Mac\u306e\u30ed\u30b4\u306f\u3001\u7c73\u56fd\u304a\u3088\u3073\u305d\u306e\u4ed6\u306e\u56fd\u3005\u3067\u767b\u9332\u3055\u308c\u305fApple Computer, Inc.\u306e\u5546\u6a19\u3067\u3059\u3002Apple\u304a\u3088\u3073Apple\u306e\u30ed\u30b4\u306f\u3001\u7c73\u56fd\u304a\u3088\u3073\u305d\u306e\u4ed6\u306e\u56fd\u3005\u3067\u767b\u9332\u3055\u308c\u305fApple Computer, Inc.\u306e\u5546\u6a19\u3067\u3059\u3002<\/p>\n\n<h2 class=\"wp-block-heading\">\u5b9f\u73fe\u3068\u30b3\u30f3\u30bb\u30d7\u30c8<\/h2>\n\n<h3 class=\"wp-block-heading\">\u30b5\u30a4\u30c8\u30a6\u30a7\u30d6<\/h3>\n\n<p>Steffen Skopp par <a href=\"https:\/\/klartext-tacheles.de\/\" target=\"_blank\" rel=\"noopener\">klartext-tacheles.de<\/a><\/p>","protected":false},"excerpt":{"rendered":"<p>Boinx Software International GmbH Josef-Kistler Str. 1282110 GermeringAllemagneT\u00e9l\u00e9phone et hotline technique :+1 855 264 6979 (anglais)Fax :+49 89 84 00 55 55Fax US :1-866-GOBOINX (gratuit) Contactez nous Nous sommes l\u00e0 pour vous aider. Veuillez utiliser les liens e-mail de cette page pour nous contacter. Boinx Software est bas\u00e9 en Allemagne. Veuillez tenir compte d&#8217;un \u00e9ventuel d\u00e9calage horaire. Vous pouvez g\u00e9n\u00e9ralement attendre une r\u00e9ponse de notre part dans un d\u00e9lai d&#8217;un jour ouvrable. D\u00e9partement des ventesPour les questions et les besoins particuliers en mati\u00e8re de licences, les revendeurs et les retours d&#8217;information. D\u00e9partement des ventes pour l&#8217;\u00e9ducationPour demander des devis de licences en volume \u00e0 des fins \u00e9ducatives. Service d&#8217;assistancePour l&#8217;assistance [&hellip;]<\/p>\n","protected":false},"author":1,"featured_media":0,"parent":0,"menu_order":0,"comment_status":"closed","ping_status":"closed","template":"","meta":{"footnotes":""},"class_list":["post-2188","page","type-page","status-publish","hentry"],"_links":{"self":[{"href":"https:\/\/istopmotion.com\/ja\/wp-json\/wp\/v2\/pages\/2188","targetHints":{"allow":["GET"]}}],"collection":[{"href":"https:\/\/istopmotion.com\/ja\/wp-json\/wp\/v2\/pages"}],"about":[{"href":"https:\/\/istopmotion.com\/ja\/wp-json\/wp\/v2\/types\/page"}],"author":[{"embeddable":true,"href":"https:\/\/istopmotion.com\/ja\/wp-json\/wp\/v2\/users\/1"}],"replies":[{"embeddable":true,"href":"https:\/\/istopmotion.com\/ja\/wp-json\/wp\/v2\/comments?post=2188"}],"version-history":[{"count":1,"href":"https:\/\/istopmotion.com\/ja\/wp-json\/wp\/v2\/pages\/2188\/revisions"}],"predecessor-version":[{"id":2190,"href":"https:\/\/istopmotion.com\/ja\/wp-json\/wp\/v2\/pages\/2188\/revisions\/2190"}],"wp:attachment":[{"href":"https:\/\/istopmotion.com\/ja\/wp-json\/wp\/v2\/media?parent=2188"}],"curies":[{"name":"wp","href":"https:\/\/api.w.org\/{rel}","templated":true}]}}