{"id":2186,"date":"2023-05-11T13:24:49","date_gmt":"2023-05-11T13:24:49","guid":{"rendered":"https:\/\/istopmotion.com\/impressao-impressum\/"},"modified":"2024-11-14T10:25:15","modified_gmt":"2024-11-14T10:25:15","slug":"%e3%82%a4%e3%83%b3%e3%83%97%e3%83%ac%e3%83%83%e3%82%b5%e3%83%bb%e3%82%a4%e3%83%b3%e3%83%97%e3%83%ac%e3%83%83%e3%82%b5","status":"publish","type":"page","link":"https:\/\/istopmotion.com\/ja\/%e3%82%a4%e3%83%b3%e3%83%97%e3%83%ac%e3%83%83%e3%82%b5%e3%83%bb%e3%82%a4%e3%83%b3%e3%83%97%e3%83%ac%e3%83%83%e3%82%b5\/","title":{"rendered":"\u30a4\u30f3\u30d7\u30ec\u30c3\u30b5\u30aa\uff0f\u30a4\u30f3\u30d7\u30ec\u30c3\u30b5\u30e0"},"content":{"rendered":"<h2 class=\"wp-block-heading\">\u30dc\u30a4\u30f3\u30af\u30b9\u30fb\u30bd\u30d5\u30c8\u30a6\u30a7\u30a2\u30fb\u30a4\u30f3\u30bf\u30fc\u30ca\u30b7\u30e7\u30ca\u30eb\u793e<\/h2>\n\n<p>\u30e8\u30fc\u30bc\u30d5\u30fb\u30ad\u30b9\u30e9\u30fc\u901a\u308a12<br\/>82110 \u30b2\u30eb\u30de\u30ea\u30f3\u30b0<br\/>\u30a2\u30ec\u30de\u30fc\u30cb\u30e3<br\/>\u96fb\u8a71\u756a\u53f7\u3068\u30c6\u30af\u30cb\u30ab\u30eb\u30b5\u30dd\u30fc\u30c8\u30fb\u30e9\u30a4\u30f3\uff1a<br\/>+1 855 264 6979\uff08\u82f1\u8a9e\uff09<br\/>\u30d5\u30a1\u30c3\u30af\u30b9\u3067\uff1a<br\/>+49 89 84 00 55 55<br\/>\u30d5\u30a1\u30c3\u30af\u30b9\u3067\uff1a<br\/>1-866-GOBOINX\uff08\u7121\u6599\uff09 <\/p>\n\n<h2 class=\"wp-block-heading\">\u30b3\u30f3\u30bf\u30af\u30c8<\/h2>\n\n<p>\u304a\u624b\u4f1d\u3044\u3044\u305f\u3057\u307e\u3059\u3002\u5f0a\u793e\u3068\u306e\u30b3\u30f3\u30bf\u30af\u30c8\u3092\u3054\u5e0c\u671b\u306e\u65b9\u306f\u3001\u3053\u306e\u30da\u30fc\u30b8\u306eE\u30e1\u30fc\u30eb\u30fb\u30ea\u30f3\u30af\u3092\u3054\u5229\u7528\u304f\u3060\u3055\u3044\u3002Boinx Software\u306f\u30a2\u30a4\u30eb\u30e9\u30f3\u30c9\u306b\u3042\u308a\u307e\u3059\u3002\u3054\u8ff7\u60d1\u3092\u304a\u304b\u3051\u3044\u305f\u3057\u307e\u3059\u304c\u3001\u6642\u9593\u5e2f\u306e\u5909\u66f4\u3092\u3054\u691c\u8a0e\u304f\u3060\u3055\u3044\u307e\u3059\u3088\u3046\u304a\u9858\u3044\u3044\u305f\u3057\u307e\u3059\u3002\u901a\u5e38\u30011\u65e5\u4ee5\u5185\u306b\u304a\u8fd4\u4e8b\u3092\u5dee\u3057\u4e0a\u3052\u307e\u3059\u3002   <\/p>\n\n<p>\u8ca9\u58f2\u90e8\u9580<br\/><a href=\"mailto:sales@boinx.com\">\u30e9\u30a4\u30bb\u30f3\u30b9\u3001\u30ea\u30d3\u30b8\u30e7\u30f3\u30a2\u30c3\u30d7\u3001\u30d5\u30a3\u30fc\u30c9\u30d0\u30c3\u30af\u306b\u95a2\u3059\u308b\u7279\u5225\u306a\u3054\u8cea\u554f\u306f\u3053\u3061\u3089\u3002<\/a><\/p>\n\n<p>\u8ca9\u58f2\u6559\u80b2\u90e8\u9580<br\/><a href=\"mailto:sales@boinx.com\">\u6559\u80b2\u7528\u3068\u3057\u3066\u4f7f\u7528\u3059\u308b\u305f\u3081\u306e\u5dfb\u6570\u306b\u3088\u308b\u30e9\u30a4\u30bb\u30f3\u30b9\u53d6\u5f97\u3092\u5e0c\u671b\u3059\u308b\u5834\u5408\u3002<\/a><\/p>\n\n<p>\u652f\u63f4\u90e8\u9580<br\/><a href=\"https:\/\/boinx.com\/support\/\" target=\"_blank\" rel=\"noopener\">\u6280\u8853\u7684\u306a\u30b5\u30dd\u30fc\u30c8\u304c\u5fc5\u8981\u306a\u5834\u5408\u306f\u3001\u30b5\u30dd\u30fc\u30c8\u30bb\u30f3\u30bf\u30fc\u306b\u3054\u76f8\u8ac7\u304f\u3060\u3055\u3044\u3002<\/a><\/p>\n\n<p>RP\u90e8\u9580<br\/><a href=\"mailto:pr@boinx.com\">\u30b8\u30e3\u30fc\u30ca\u30ea\u30b9\u30c8\u3001\u65b0\u805e\u8a18\u8005\u3001\u30d1\u30d6\u30ea\u30b7\u30c6\u30a3\u95a2\u4fc2\u8005\u5411\u3051\u3002<\/a><\/p>\n\n<h2 class=\"wp-block-heading\">\u30ea\u30fc\u30ac\u30eb<\/h2>\n\n<h3 class=\"wp-block-heading\">\u5546\u696d\u767b\u8a18\u7c3f\uff0f\u5546\u696d\u767b\u8a18\u7c3f<\/h3>\n\n<p>\u53d6\u7de0\u5f79\uff1a\u30aa\u30ea\u30d0\u30fc\u30fb\u30d6\u30e9\u30a4\u30c7\u30f3\u30d0\u30c3\u30cf<br\/>\u30df\u30e5\u30f3\u30d8\u30f3\u767b\u8a18\u6240\uff08HRB 247307<\/p>\n\n<h3 class=\"wp-block-heading\">\u8457\u4f5c\u8005\u4eba\u683c\u6a29<\/h3>\n\n<p>\u3053\u306e\u8cc7\u6599\u306f\u3059\u3079\u3066\u3001Boinx Software International GmbH \u306e\u8457\u4f5c\u6a29 \u00a9 2023 \u306b\u3088\u3063\u3066\u4fdd\u8b77\u3055\u308c\u3066\u3044\u307e\u3059\u3002<br\/>\u3059\u3079\u3066\u306e\u6a29\u5229\u3092\u7559\u4fdd\u3059\u308b\u3002<\/p>\n\n<h3 class=\"wp-block-heading\">\u767b\u9332\u5546\u6a19<\/h3>\n\n<p>Boinx Software\u304a\u3088\u3073Boinx Software\u30ed\u30b4\u306fBoinx Software International GmbH\u306e\u5546\u6a19\u3067\u3059\u3002Mac\u304a\u3088\u3073Mac\u30ed\u30b4\u306f\u3001\u7c73\u56fd\u304a\u3088\u3073\u305d\u306e\u4ed6\u306e\u56fd\u3005\u3067\u767b\u9332\u3055\u308c\u305fApple Computer, Inc.\u306e\u5546\u6a19\u3067\u3059\u3002Apple\u304a\u3088\u3073Apple\u30ed\u30b4\u306f\u3001\u7c73\u56fd\u304a\u3088\u3073\u305d\u306e\u4ed6\u306e\u56fd\u3005\u3067\u767b\u9332\u3055\u308c\u305fApple Computer, Inc.\u306e\u5546\u6a19\u3067\u3042\u308a\u3001\u305d\u306e\u4f7f\u7528\u306f\u8a31\u53ef\u3055\u308c\u3066\u3044\u307e\u3059\u3002  <\/p>\n\n<h2 class=\"wp-block-heading\">\u5b9f\u73fe\u3068\u69cb\u60f3<\/h2>\n\n<h3 class=\"wp-block-heading\">\u30a6\u30a7\u30d6\u30b5\u30a4\u30c8<\/h3>\n\n<p>\u30b7\u30e5\u30c6\u30d5\u30a7\u30f3\u30fb\u30b9\u30b3\u30c3\u30d7 <a href=\"https:\/\/klartext-tacheles.de\/\" target=\"_blank\" rel=\"noopener\">klartext-tacheles.de<\/a><\/p>","protected":false},"excerpt":{"rendered":"<p>Boinx Software International GmbH Josef-Kistler Str. 1282110 GermeringAlemanhaTelefone e linha de apoio t\u00e9cnico:+1 855 264 6979 (ingl\u00eas)Fax:+49 89 84 00 55 55Fax US:1-866-GOBOINX (gratuito) Contacta-nos Estamos aqui para te ajudar. Utiliza as liga\u00e7\u00f5es de e-mail nesta p\u00e1gina para entrares em contacto connosco. A Boinx Software est\u00e1 sediada na Alemanha. Por favor, tem em considera\u00e7\u00e3o uma poss\u00edvel mudan\u00e7a de fuso hor\u00e1rio. Normalmente, podes esperar uma resposta nossa no prazo de um dia \u00fatil. Departamento de VendasPara necessidades e quest\u00f5es especiais de licenciamento, revendedores e Feedback. Departamento de Vendas para a Educa\u00e7\u00e3oPara solicitar or\u00e7amentos de licenciamento por volume para utiliza\u00e7\u00e3o educativa. Departamento de apoioPara obter apoio t\u00e9cnico, consulta o s\u00edtio de apoio. [&hellip;]<\/p>\n","protected":false},"author":1,"featured_media":0,"parent":0,"menu_order":0,"comment_status":"closed","ping_status":"closed","template":"","meta":{"footnotes":""},"class_list":["post-2186","page","type-page","status-publish","hentry"],"_links":{"self":[{"href":"https:\/\/istopmotion.com\/ja\/wp-json\/wp\/v2\/pages\/2186","targetHints":{"allow":["GET"]}}],"collection":[{"href":"https:\/\/istopmotion.com\/ja\/wp-json\/wp\/v2\/pages"}],"about":[{"href":"https:\/\/istopmotion.com\/ja\/wp-json\/wp\/v2\/types\/page"}],"author":[{"embeddable":true,"href":"https:\/\/istopmotion.com\/ja\/wp-json\/wp\/v2\/users\/1"}],"replies":[{"embeddable":true,"href":"https:\/\/istopmotion.com\/ja\/wp-json\/wp\/v2\/comments?post=2186"}],"version-history":[{"count":1,"href":"https:\/\/istopmotion.com\/ja\/wp-json\/wp\/v2\/pages\/2186\/revisions"}],"predecessor-version":[{"id":2189,"href":"https:\/\/istopmotion.com\/ja\/wp-json\/wp\/v2\/pages\/2186\/revisions\/2189"}],"wp:attachment":[{"href":"https:\/\/istopmotion.com\/ja\/wp-json\/wp\/v2\/media?parent=2186"}],"curies":[{"name":"wp","href":"https:\/\/api.w.org\/{rel}","templated":true}]}}