{"id":18,"date":"2023-05-11T13:24:49","date_gmt":"2023-05-11T13:24:49","guid":{"rendered":"https:\/\/istopmotion.com\/?page_id=18"},"modified":"2025-06-27T11:03:51","modified_gmt":"2025-06-27T11:03:51","slug":"%e6%ae%8b%e5%83%8f","status":"publish","type":"page","link":"https:\/\/istopmotion.com\/ja\/%e6%ae%8b%e5%83%8f\/","title":{"rendered":"\u30a4\u30f3\u30d7\u30ea\u30f3\u30c8"},"content":{"rendered":"<h2 class=\"wp-block-heading\">\u30dc\u30a4\u30f3\u30af\u30b9\u30fb\u30bd\u30d5\u30c8\u30a6\u30a7\u30a2\u30fb\u30a4\u30f3\u30bf\u30fc\u30ca\u30b7\u30e7\u30ca\u30eb\u793e<\/h2>\n\n\n\n<p>Industriestr.9<br>82110 \u30b2\u30eb\u30de\u30ea\u30f3\u30b0<br>\u30c9\u30a4\u30c4<\/p>\n\n\n\n<p>\u96fb\u8a71 +49 89 84 00 55 0+49 89 84 00 55 0<br>\u30d5\u30a1\u30c3\u30af\u30b9\uff1a +49 89 84 00 55 55<br>\u30d5\u30a1\u30c3\u30af\u30b91-866-GOBOINX\uff08\u30d5\u30ea\u30fc\u30c0\u30a4\u30e4\u30eb\uff09<\/p>\n\n\n\n<h2 class=\"wp-block-heading\">\u304a\u554f\u3044\u5408\u308f\u305b<\/h2>\n\n\n\n<p>\u79c1\u305f\u3061\u304c\u304a\u624b\u4f1d\u3044\u3057\u307e\u3059\u3002\u3053\u306e\u30da\u30fc\u30b8\u306eE\u30e1\u30fc\u30eb\u30ea\u30f3\u30af\u304b\u3089\u3054\u9023\u7d61\u304f\u3060\u3055\u3044\u3002Boinx Software\u306f\u30c9\u30a4\u30c4\u306b\u62e0\u70b9\u3092\u7f6e\u3044\u3066\u3044\u307e\u3059\u3002\u901a\u5e381\u55b6\u696d\u65e5\u4ee5\u5185\u306b\u304a\u8fd4\u4e8b\u3092\u5dee\u3057\u4e0a\u3052\u307e\u3059\u3002<\/p>\n\n\n\n<p>\u30b5\u30dd\u30fc\u30c8\u304a\u3088\u3073\u4e00\u822c\u7684\u306a\u304a\u554f\u3044\u5408\u308f\u305b\uff1asupport@boinx.com<\/p>\n\n\n\n<p>\u30bb\u30fc\u30eb\u30b9\uff1asales@boinx.com<\/p>\n\n\n\n<p>\u6559\u80b2\u30bb\u30fc\u30eb\u30b9\uff1aedu@boinx.com<\/p>\n\n\n\n<p><\/p>\n\n\n\n<h2 class=\"wp-block-heading\">\u30ea\u30fc\u30ac\u30eb<\/h2>\n\n\n\n<h3 class=\"wp-block-heading\">\u8cbf\u6613\u767b\u9332 \/ Handelsregister<\/h3>\n\n\n\n<p>\u30b2\u30b7\u30a7\u30d5\u30c4\u30d5\u30e5\u30fc\u30e9\u30fc\uff08CEO\uff09\uff1a\u30aa\u30ea\u30d0\u30fc\u30fb\u30d6\u30e9\u30a4\u30c7\u30f3\u30d0\u30c3\u30cf<br>\u30df\u30e5\u30f3\u30d8\u30f3\u767b\u8a18\u6240\uff08HRB 247307<\/p>\n\n\n\n<h3 class=\"wp-block-heading\">\u8457\u4f5c\u6a29<\/h3>\n\n\n\n<p>\u3053\u306e\u30b5\u30a4\u30c8\u4e0a\u306e\u3059\u3079\u3066\u306e\u8cc7\u6599\u306e\u8457\u4f5c\u6a29\u306fBoinx Software International GmbH\u306b\u5e30\u5c5e\u3057\u307e\u3059\u3002<br>\u7121\u65ad\u8ee2\u8f09\u3092\u7981\u3058\u307e\u3059\u3002<\/p>\n\n\n\n<h3 class=\"wp-block-heading\">\u5546\u6a19<\/h3>\n\n\n\n<p>Boinx Software\u304a\u3088\u3073Boinx Software\u30ed\u30b4\u306fBoinx Software International GmbH\u306e\u5546\u6a19\u3067\u3059\u3002Mac\u304a\u3088\u3073Mac\u30ed\u30b4\u306f\u3001\u7c73\u56fd\u304a\u3088\u3073\u305d\u306e\u4ed6\u306e\u56fd\u3005\u3067\u767b\u9332\u3055\u308c\u305fApple Computer, Inc.\u306e\u5546\u6a19\u3067\u3059\u3002Apple\u304a\u3088\u3073Apple\u306e\u30ed\u30b4\u306f\u3001\u7c73\u56fd\u304a\u3088\u3073\u305d\u306e\u4ed6\u306e\u56fd\u3005\u3067\u767b\u9332\u3055\u308c\u305fApple Computer, Inc.\u306e\u5546\u6a19\u3067\u3042\u308a\u3001\u8a31\u53ef\u3092\u5f97\u3066\u4f7f\u7528\u3057\u3066\u3044\u307e\u3059\u3002<\/p>\n\n\n\n<h2 class=\"wp-block-heading\">\u5b9f\u73fe\u3068\u30b3\u30f3\u30bb\u30d7\u30c8<\/h2>\n\n\n\n<h3 class=\"wp-block-heading\">\u30a6\u30a7\u30d6\u30b5\u30a4\u30c8<\/h3>\n\n\n\n<p>\u30b7\u30e5\u30c6\u30d5\u30a7\u30f3\u30fb\u30b9\u30b3\u30c3\u30d7&nbsp;<a href=\"https:\/\/klartext-tacheles.de\/\" target=\"_blank\" rel=\"noopener\">klartext-tacheles.de<\/a><\/p>","protected":false},"excerpt":{"rendered":"<p>Boinx Software International GmbH Industriestr. 982110 GermeringGermany Phone: +49 89 84 00 55 0Fax: +49 89 84 00 55 55Fax US: 1-866-GOBOINX (toll free) Contact us We are here to help you. Please use the email links on this page to get in contact with us. Boinx Software is based in Germany. Please take a potential time zone shift into consideration, you can usually expect an answer from us within one work day. Support and general enquiries: support@boinx.com Sales: sales@boinx.com Education Sales: edu@boinx.com Legal Trade Register \/ Handelsregister Gesch\u00e4ftsf\u00fchrer (CEO): Oliver BreidenbachRegistergericht M\u00fcnchen, HRB 247307 Copyright All material on this site is Copyright \u00a9 2023 by Boinx Software International GmbH.All [&hellip;]<\/p>\n","protected":false},"author":1,"featured_media":0,"parent":0,"menu_order":0,"comment_status":"closed","ping_status":"closed","template":"","meta":{"footnotes":""},"class_list":["post-18","page","type-page","status-publish","hentry"],"_links":{"self":[{"href":"https:\/\/istopmotion.com\/ja\/wp-json\/wp\/v2\/pages\/18","targetHints":{"allow":["GET"]}}],"collection":[{"href":"https:\/\/istopmotion.com\/ja\/wp-json\/wp\/v2\/pages"}],"about":[{"href":"https:\/\/istopmotion.com\/ja\/wp-json\/wp\/v2\/types\/page"}],"author":[{"embeddable":true,"href":"https:\/\/istopmotion.com\/ja\/wp-json\/wp\/v2\/users\/1"}],"replies":[{"embeddable":true,"href":"https:\/\/istopmotion.com\/ja\/wp-json\/wp\/v2\/comments?post=18"}],"version-history":[{"count":1,"href":"https:\/\/istopmotion.com\/ja\/wp-json\/wp\/v2\/pages\/18\/revisions"}],"predecessor-version":[{"id":2558,"href":"https:\/\/istopmotion.com\/ja\/wp-json\/wp\/v2\/pages\/18\/revisions\/2558"}],"wp:attachment":[{"href":"https:\/\/istopmotion.com\/ja\/wp-json\/wp\/v2\/media?parent=18"}],"curies":[{"name":"wp","href":"https:\/\/api.w.org\/{rel}","templated":true}]}}