{"id":2192,"date":"2023-05-11T13:24:49","date_gmt":"2023-05-11T13:24:49","guid":{"rendered":"https:\/\/istopmotion.com\/impressum-impressum\/"},"modified":"2024-11-14T10:25:16","modified_gmt":"2024-11-14T10:25:16","slug":"impressum-impressum","status":"publish","type":"page","link":"https:\/\/istopmotion.com\/fr\/impressum-impressum\/","title":{"rendered":"Impressum \/ Impressum"},"content":{"rendered":"<h2 class=\"wp-block-heading\">Boinx Software International GmbH<\/h2>\n\n<p>Josef-Kistler Str. 12<br\/>82110 Germering<br\/>Allemagne<br\/>Telefon &amp; Technische Hotline :<br\/>+1 855 264 6979 (anglais)<br\/>Fax :<br\/>+49 89 84 00 55 55<br\/>Fax US :<br\/>1-866-GOBOINX (geb\u00fchrenfrei) <\/p>\n\n<h2 class=\"wp-block-heading\">Contactez nous<\/h2>\n\n<p>Nous sommes l\u00e0 pour vous aider. Veuillez utiliser les liens de courrier \u00e9lectronique de ce site pour prendre contact avec nous. Boinx Software est pr\u00e9sent en Allemagne. Veuillez vous renseigner sur la fa\u00e7on de proc\u00e9der pour \u00e9viter les erreurs. Dans ce cas, vous pouvez recevoir une r\u00e9ponse de notre part au cours d'une phase de travail.   <\/p>\n\n<p>Direction g\u00e9n\u00e9rale de l'agriculture et de la p\u00eache<br\/><a href=\"mailto:sales@boinx.com\">Pour des questions et des demandes sp\u00e9cifiques concernant les licences, les serveurs et les retours d'information.<\/a><\/p>\n\n<p>D\u00e9partement des ventes de l'\u00e9ducation<br\/><a href=\"mailto:sales@boinx.com\">Pour la demande d'abonnements \u00e0 des produits volumineux destin\u00e9s \u00e0 \u00eatre utilis\u00e9s dans le domaine de l'\u00e9ducation et de la formation.<\/a><\/p>\n\n<p>Support-Abteilung<br\/><a href=\"https:\/\/boinx.com\/support\/\" target=\"_blank\" rel=\"noopener\">Pour toute assistance technique, veuillez consulter le site d'assistance.<\/a><\/p>\n\n<p>PR-Abteilung<br\/><a href=\"mailto:pr@boinx.com\">Pour les journalistes, les repr\u00e9sentants et les partenaires de travail.<\/a><\/p>\n\n<h2 class=\"wp-block-heading\">Juridique<\/h2>\n\n<h3 class=\"wp-block-heading\">Handelsregister \/ Registre du commerce<\/h3>\n\n<p>Gesch\u00e4ftsf\u00fchrer (PDG) : Oliver Breidenbach<br\/>Registergericht M\u00fcnchen, HRB 247307<\/p>\n\n<h3 class=\"wp-block-heading\">Droit d'auteur<\/h3>\n\n<p>L'ensemble du contenu de ce site Web est prot\u00e9g\u00e9 par le droit d'auteur \u00a9 2023 de Boinx Software International GmbH.<br\/>Tous les droits sont r\u00e9serv\u00e9s.<\/p>\n\n<h3 class=\"wp-block-heading\">Mentions l\u00e9gales<\/h3>\n\n<p>Boinx Software et le logo Boinx Software sont des marques de Boinx Software International GmbH. Mac et le logo Mac sont des marques d'Apple Computer, Inc. et sont utilis\u00e9es aux \u00c9tats-Unis et dans d'autres pays. Apple et le logo Apple sont, aux \u00c9tats-Unis et dans d'autres pays, des marques d\u00e9pos\u00e9es d'Apple Computer, Inc. et sont utilis\u00e9es avec autorisation.  <\/p>\n\n<h2 class=\"wp-block-heading\">R\u00e9alisation et concept<\/h2>\n\n<h3 class=\"wp-block-heading\">Site web<\/h3>\n\n<p>Steffen Skopp bei <a href=\"https:\/\/klartext-tacheles.de\/\" target=\"_blank\" rel=\"noopener\">klartext-tacheles.de<\/a><\/p>","protected":false},"excerpt":{"rendered":"<p>Boinx Software International GmbH Josef-Kistler Str. 1282110 GermeringDeutschlandTelefon &amp; Technische Hotline:+1 855 264 6979 (Englisch)Fax:+49 89 84 00 55 55Fax US:1-866-GOBOINX (geb\u00fchrenfrei) Kontaktieren Sie uns Wir sind hier, um Ihnen zu helfen. Bitte verwenden Sie die E-Mail-Links auf dieser Seite, um mit uns in Kontakt zu treten. Boinx Software ist in Deutschland ans\u00e4ssig. Bitte ber\u00fccksichtigen [&hellip;]<\/p>\n","protected":false},"author":1,"featured_media":0,"parent":0,"menu_order":0,"comment_status":"closed","ping_status":"closed","template":"","meta":{"footnotes":""},"class_list":["post-2192","page","type-page","status-publish","hentry"],"_links":{"self":[{"href":"https:\/\/istopmotion.com\/fr\/wp-json\/wp\/v2\/pages\/2192","targetHints":{"allow":["GET"]}}],"collection":[{"href":"https:\/\/istopmotion.com\/fr\/wp-json\/wp\/v2\/pages"}],"about":[{"href":"https:\/\/istopmotion.com\/fr\/wp-json\/wp\/v2\/types\/page"}],"author":[{"embeddable":true,"href":"https:\/\/istopmotion.com\/fr\/wp-json\/wp\/v2\/users\/1"}],"replies":[{"embeddable":true,"href":"https:\/\/istopmotion.com\/fr\/wp-json\/wp\/v2\/comments?post=2192"}],"version-history":[{"count":1,"href":"https:\/\/istopmotion.com\/fr\/wp-json\/wp\/v2\/pages\/2192\/revisions"}],"predecessor-version":[{"id":2194,"href":"https:\/\/istopmotion.com\/fr\/wp-json\/wp\/v2\/pages\/2192\/revisions\/2194"}],"wp:attachment":[{"href":"https:\/\/istopmotion.com\/fr\/wp-json\/wp\/v2\/media?parent=2192"}],"curies":[{"name":"wp","href":"https:\/\/api.w.org\/{rel}","templated":true}]}}