{"id":2186,"date":"2023-05-11T13:24:49","date_gmt":"2023-05-11T13:24:49","guid":{"rendered":"https:\/\/istopmotion.com\/impressao-impressum\/"},"modified":"2024-11-14T10:25:15","modified_gmt":"2024-11-14T10:25:15","slug":"impressao-impressum","status":"publish","type":"page","link":"https:\/\/istopmotion.com\/fr\/impressao-impressum\/","title":{"rendered":"Impress\u00e3o \/ Impressum"},"content":{"rendered":"<h2 class=\"wp-block-heading\">Boinx Software International GmbH<\/h2>\n\n<p>Josef-Kistler Str. 12<br\/>82110 Germering<br\/>Alemanha<br\/>T\u00e9l\u00e9phone et ligne d'assistance technique :<br\/>+1 855 264 6979 (ingl\u00eas)<br\/>Fax :<br\/>+49 89 84 00 55 55<br\/>Fax US :<br\/>1-866-GOBOINX (gratuito) <\/p>\n\n<h2 class=\"wp-block-heading\">Contacta-nos<\/h2>\n\n<p>Nous sommes l\u00e0 pour vous aider. Utilisez les liens d'e-mail de cette page pour entrer en contact avec nous. Boinx Software est bas\u00e9 en Allemagne. Veuillez tenir compte d'un \u00e9ventuel changement d'horaire. Normalement, nous attendons une r\u00e9ponse de notre part avant un jour ouvrable.   <\/p>\n\n<p>D\u00e9partement des ventes<br\/><a href=\"mailto:sales@boinx.com\">Pour les besoins et les questions sp\u00e9cifiques concernant les licences, les r\u00e9visions et le retour d'information.<\/a><\/p>\n\n<p>D\u00e9partement des ventes pour l'\u00e9ducation<br\/><a href=\"mailto:sales@boinx.com\">Pour demander une licence en volume \u00e0 des fins \u00e9ducatives.<\/a><\/p>\n\n<p>D\u00e9partement d'appui<br\/><a href=\"https:\/\/boinx.com\/support\/\" target=\"_blank\" rel=\"noopener\">Pour obtenir une aide technique, consultez le site d'aide.<\/a><\/p>\n\n<p>Departamento de RP<br\/><a href=\"mailto:pr@boinx.com\">Pour les journalistes, les r\u00e9viseurs et les annonceurs.<\/a><\/p>\n\n<h2 class=\"wp-block-heading\">Juridique<\/h2>\n\n<h3 class=\"wp-block-heading\">Registo comercial \/ Handelsregister (registre du commerce)<\/h3>\n\n<p>Gesch\u00e4ftsf\u00fchrer (Diretor Executivo) : Oliver Breidenbach<br\/>Registergericht M\u00fcnchen, HRB 247307<\/p>\n\n<h3 class=\"wp-block-heading\">Droits de l'auteur<\/h3>\n\n<p>L'ensemble du mat\u00e9riel de ce site est prot\u00e9g\u00e9 par les droits d'auteur \u00a9 2023 de Boinx Software International GmbH.<br\/>Tous les droits sont r\u00e9serv\u00e9s.<\/p>\n\n<h3 class=\"wp-block-heading\">Marques enregistr\u00e9es<\/h3>\n\n<p>Boinx Software et le logo Boinx Software sont des marques commerciales de Boinx Software International GmbH. Mac et le logo Mac sont des marques commerciales d'Apple Computer, Inc. enregistr\u00e9es dans l'Union europ\u00e9enne et dans d'autres pays. Apple et le logo Apple sont des marques commerciales d'Apple Computer, Inc. enregistr\u00e9es dans l'Union europ\u00e9enne et dans d'autres pays et utilis\u00e9es avec autorisation.  <\/p>\n\n<h2 class=\"wp-block-heading\">R\u00e9alisation et conception<\/h2>\n\n<h3 class=\"wp-block-heading\">S\u00edtio Web<\/h3>\n\n<p>Steffen Skopp por <a href=\"https:\/\/klartext-tacheles.de\/\" target=\"_blank\" rel=\"noopener\">klartext-tacheles.de<\/a><\/p>","protected":false},"excerpt":{"rendered":"<p>Boinx Software International GmbH Josef-Kistler Str. 1282110 GermeringAlemanhaTelefone e linha de apoio t\u00e9cnico:+1 855 264 6979 (ingl\u00eas)Fax:+49 89 84 00 55 55Fax US:1-866-GOBOINX (gratuito) Contacta-nos Estamos aqui para te ajudar. Utiliza as liga\u00e7\u00f5es de e-mail nesta p\u00e1gina para entrares em contacto connosco. A Boinx Software est\u00e1 sediada na Alemanha. Por favor, tem em considera\u00e7\u00e3o uma [&hellip;]<\/p>\n","protected":false},"author":1,"featured_media":0,"parent":0,"menu_order":0,"comment_status":"closed","ping_status":"closed","template":"","meta":{"footnotes":""},"class_list":["post-2186","page","type-page","status-publish","hentry"],"_links":{"self":[{"href":"https:\/\/istopmotion.com\/fr\/wp-json\/wp\/v2\/pages\/2186","targetHints":{"allow":["GET"]}}],"collection":[{"href":"https:\/\/istopmotion.com\/fr\/wp-json\/wp\/v2\/pages"}],"about":[{"href":"https:\/\/istopmotion.com\/fr\/wp-json\/wp\/v2\/types\/page"}],"author":[{"embeddable":true,"href":"https:\/\/istopmotion.com\/fr\/wp-json\/wp\/v2\/users\/1"}],"replies":[{"embeddable":true,"href":"https:\/\/istopmotion.com\/fr\/wp-json\/wp\/v2\/comments?post=2186"}],"version-history":[{"count":1,"href":"https:\/\/istopmotion.com\/fr\/wp-json\/wp\/v2\/pages\/2186\/revisions"}],"predecessor-version":[{"id":2189,"href":"https:\/\/istopmotion.com\/fr\/wp-json\/wp\/v2\/pages\/2186\/revisions\/2189"}],"wp:attachment":[{"href":"https:\/\/istopmotion.com\/fr\/wp-json\/wp\/v2\/media?parent=2186"}],"curies":[{"name":"wp","href":"https:\/\/api.w.org\/{rel}","templated":true}]}}