{"id":2180,"date":"2023-05-11T13:24:49","date_gmt":"2023-05-11T13:24:49","guid":{"rendered":"https:\/\/istopmotion.com\/afdruk-impressum\/"},"modified":"2024-11-14T10:25:12","modified_gmt":"2024-11-14T10:25:12","slug":"afdruk-impressum","status":"publish","type":"page","link":"https:\/\/istopmotion.com\/fr\/afdruk-impressum\/","title":{"rendered":"Afdruk \/ Impressum"},"content":{"rendered":"<h2 class=\"wp-block-heading\">Boinx Software GmbH<\/h2>\n\n<p>Josef-Kistler Str. 12<br\/>82110 Germering<br\/>Duitsland<br\/>Telefoon &amp; Technische hotline :<br\/>+1 855 264 6979 (Engels)<br\/>Fax :<br\/>+49 89 84 00 55<br\/>Fax VS :<br\/>1-866-GOBOINX (gratuit) <\/p>\n\n<h2 class=\"wp-block-heading\">Neem contact met ons op<\/h2>\n\n<p>Nous sommes l\u00e0 pour vous aider. Utilisez les liens e-mail de cette page pour nous contacter. Boinx Software est situ\u00e9 au Royaume-Uni. Si vous avez des questions sur les d\u00e9lais de livraison, vous pouvez nous contacter au plus tard un jour ouvrable apr\u00e8s avoir re\u00e7u une r\u00e9ponse.   <\/p>\n\n<p>Verkoopafdeling<br\/><a href=\"mailto:sales@boinx.com\">Pour les demandes de licences sp\u00e9ciales, les demandes d'information et les retours d'exp\u00e9rience.<\/a><\/p>\n\n<p>Afdeling Verkoop Onderwijs (en anglais)<br\/><a href=\"mailto:sales@boinx.com\">Pour l'offre de produits volumineux \u00e0 des fins \u00e9ducatives.<\/a><\/p>\n\n<p>Afdeling Ondersteuning<br\/><a href=\"https:\/\/boinx.com\/support\/\" target=\"_blank\" rel=\"noopener\">Raadpleeg voor technische ondersteuning de ondersteuningssite.<\/a><\/p>\n\n<p>L'affichage de la RP<br\/><a href=\"mailto:pr@boinx.com\">Pour les journalistes, les avocats et les partenaires de reclassement.<\/a><\/p>\n\n<h2 class=\"wp-block-heading\">Wettelijk<\/h2>\n\n<h3 class=\"wp-block-heading\">Registre du commerce<\/h3>\n\n<p>Gesch\u00e4ftsf\u00fchrer (PDG) : Oliver Breidenbach<br\/>Registergericht M\u00fcnchen, HRB 247307<\/p>\n\n<h3 class=\"wp-block-heading\">Droit d'auteur<\/h3>\n\n<p>Tout le mat\u00e9riel de ce site est prot\u00e9g\u00e9 par le Copyright \u00a9 2023 de Boinx Software International GmbH.<br\/>Tous les angles sont arrondis.<\/p>\n\n<h3 class=\"wp-block-heading\">March\u00e9s publics<\/h3>\n\n<p>Boinx Software et le logo Boinx Software sont des marques d\u00e9pos\u00e9es de Boinx Software International GmbH. Mac et le logo Mac sont des marques d\u00e9pos\u00e9es d'Apple Computer, Inc. enregistr\u00e9es aux \u00c9tats-Unis et dans d'autres pays. Apple et le logo Apple sont des marques d\u00e9pos\u00e9es d'Apple Computer, Inc. enregistr\u00e9es dans le VS et dans d'autres pays et utilis\u00e9es avec des outils.  <\/p>\n\n<h2 class=\"wp-block-heading\">R\u00e9alit\u00e9 et concept<\/h2>\n\n<h3 class=\"wp-block-heading\">Site web<\/h3>\n\n<p>Porte Steffen Skopp <a href=\"https:\/\/klartext-tacheles.de\/\" target=\"_blank\" rel=\"noopener\">klartext-tacheles.de<\/a><\/p>","protected":false},"excerpt":{"rendered":"<p>Boinx Software GmbH Josef-Kistler Str. 1282110 GermeringDuitslandTelefoon &amp; Technische hotline:+1 855 264 6979 (Engels)Fax:+49 89 84 00 55Fax VS:1-866-GOBOINX (gratis) Neem contact met ons op We zijn er om je te helpen. Gebruik de e-mail links op deze pagina om contact met ons op te nemen. Boinx Software is gevestigd in Duitsland. Houd rekening met [&hellip;]<\/p>\n","protected":false},"author":1,"featured_media":0,"parent":0,"menu_order":0,"comment_status":"closed","ping_status":"closed","template":"","meta":{"footnotes":""},"class_list":["post-2180","page","type-page","status-publish","hentry"],"_links":{"self":[{"href":"https:\/\/istopmotion.com\/fr\/wp-json\/wp\/v2\/pages\/2180","targetHints":{"allow":["GET"]}}],"collection":[{"href":"https:\/\/istopmotion.com\/fr\/wp-json\/wp\/v2\/pages"}],"about":[{"href":"https:\/\/istopmotion.com\/fr\/wp-json\/wp\/v2\/types\/page"}],"author":[{"embeddable":true,"href":"https:\/\/istopmotion.com\/fr\/wp-json\/wp\/v2\/users\/1"}],"replies":[{"embeddable":true,"href":"https:\/\/istopmotion.com\/fr\/wp-json\/wp\/v2\/comments?post=2180"}],"version-history":[{"count":1,"href":"https:\/\/istopmotion.com\/fr\/wp-json\/wp\/v2\/pages\/2180\/revisions"}],"predecessor-version":[{"id":2183,"href":"https:\/\/istopmotion.com\/fr\/wp-json\/wp\/v2\/pages\/2180\/revisions\/2183"}],"wp:attachment":[{"href":"https:\/\/istopmotion.com\/fr\/wp-json\/wp\/v2\/media?parent=2180"}],"curies":[{"name":"wp","href":"https:\/\/api.w.org\/{rel}","templated":true}]}}