{"id":18,"date":"2023-05-11T13:24:49","date_gmt":"2023-05-11T13:24:49","guid":{"rendered":"https:\/\/istopmotion.com\/?page_id=18"},"modified":"2025-06-27T11:03:51","modified_gmt":"2025-06-27T11:03:51","slug":"impression","status":"publish","type":"page","link":"https:\/\/istopmotion.com\/fr\/impression\/","title":{"rendered":"Mentions l\u00e9gales \/ Impressum"},"content":{"rendered":"<h2 class=\"wp-block-heading\">Boinx Software International GmbH<\/h2>\n\n\n\n<p>Industriestr. 9<br>82110 Germering<br>Allemagne<\/p>\n\n\n\n<p>T\u00e9l\u00e9phone : +49 89 84 00 55 0 +49 89 84 00 55 0<br>Fax : +49 89 84 00 55 55<br>Fax US : 1-866-GOBOINX (gratuit)<\/p>\n\n\n\n<h2 class=\"wp-block-heading\">Contactez nous<\/h2>\n\n\n\n<p>Nous sommes l\u00e0 pour vous aider. Veuillez utiliser les liens d'email sur cette page pour nous contacter. Boinx Software est bas\u00e9 en Allemagne. Veuillez tenir compte d'un \u00e9ventuel d\u00e9calage horaire. Vous pouvez g\u00e9n\u00e9ralement attendre une r\u00e9ponse de notre part dans un d\u00e9lai d'un jour ouvrable.<\/p>\n\n\n\n<p>Soutien et questions g\u00e9n\u00e9rales : support@boinx.com<\/p>\n\n\n\n<p>Ventes : sales@boinx.com<\/p>\n\n\n\n<p>Ventes dans le secteur de l'\u00e9ducation : edu@boinx.com<\/p>\n\n\n\n<p><\/p>\n\n\n\n<h2 class=\"wp-block-heading\">Juridique<\/h2>\n\n\n\n<h3 class=\"wp-block-heading\">Registre du commerce \/ Handelsregister<\/h3>\n\n\n\n<p>Gesch\u00e4ftsf\u00fchrer (PDG) : Oliver Breidenbach<br>Registergericht M\u00fcnchen, HRB 247307<\/p>\n\n\n\n<h3 class=\"wp-block-heading\">Droit d'auteur<\/h3>\n\n\n\n<p>Tous les \u00e9l\u00e9ments de ce site sont prot\u00e9g\u00e9s par le droit d'auteur \u00a9 2023 de Boinx Software International GmbH.<br>Tous droits r\u00e9serv\u00e9s.<\/p>\n\n\n\n<h3 class=\"wp-block-heading\">Marques d\u00e9pos\u00e9es<\/h3>\n\n\n\n<p>Boinx Software et le logo Boinx Software sont des marques d\u00e9pos\u00e9es de Boinx Software International GmbH. Mac et le logo Mac sont des marques d'Apple Computer, Inc. d\u00e9pos\u00e9es aux \u00c9tats-Unis et dans d'autres pays. Apple et le logo Apple sont des marques commerciales d'Apple Computer, Inc. d\u00e9pos\u00e9es aux \u00c9tats-Unis et dans d'autres pays, utilis\u00e9es avec autorisation.<\/p>\n\n\n\n<h2 class=\"wp-block-heading\">R\u00e9alisation et concept<\/h2>\n\n\n\n<h3 class=\"wp-block-heading\">Site web<\/h3>\n\n\n\n<p>Steffen Skopp par&nbsp;<a href=\"https:\/\/klartext-tacheles.de\/\" target=\"_blank\" rel=\"noopener\">klartext-tacheles.de<\/a><\/p>","protected":false},"excerpt":{"rendered":"<p>Boinx Software International GmbH Industriestr. 982110 GermeringGermany Phone: +49 89 84 00 55 0Fax: +49 89 84 00 55 55Fax US: 1-866-GOBOINX (toll free) Contact us We are here to help you. Please use the email links on this page to get in contact with us. Boinx Software is based in Germany. Please take a [&hellip;]<\/p>\n","protected":false},"author":1,"featured_media":0,"parent":0,"menu_order":0,"comment_status":"closed","ping_status":"closed","template":"","meta":{"footnotes":""},"class_list":["post-18","page","type-page","status-publish","hentry"],"_links":{"self":[{"href":"https:\/\/istopmotion.com\/fr\/wp-json\/wp\/v2\/pages\/18","targetHints":{"allow":["GET"]}}],"collection":[{"href":"https:\/\/istopmotion.com\/fr\/wp-json\/wp\/v2\/pages"}],"about":[{"href":"https:\/\/istopmotion.com\/fr\/wp-json\/wp\/v2\/types\/page"}],"author":[{"embeddable":true,"href":"https:\/\/istopmotion.com\/fr\/wp-json\/wp\/v2\/users\/1"}],"replies":[{"embeddable":true,"href":"https:\/\/istopmotion.com\/fr\/wp-json\/wp\/v2\/comments?post=18"}],"version-history":[{"count":1,"href":"https:\/\/istopmotion.com\/fr\/wp-json\/wp\/v2\/pages\/18\/revisions"}],"predecessor-version":[{"id":2558,"href":"https:\/\/istopmotion.com\/fr\/wp-json\/wp\/v2\/pages\/18\/revisions\/2558"}],"wp:attachment":[{"href":"https:\/\/istopmotion.com\/fr\/wp-json\/wp\/v2\/media?parent=18"}],"curies":[{"name":"wp","href":"https:\/\/api.w.org\/{rel}","templated":true}]}}