{"id":2195,"date":"2023-05-11T13:24:49","date_gmt":"2023-05-11T13:24:49","guid":{"rendered":"https:\/\/istopmotion.com\/pie-de-imprenta-impressum\/"},"modified":"2024-11-14T10:25:18","modified_gmt":"2024-11-14T10:25:18","slug":"pie-de-imprenta-impressum","status":"publish","type":"page","link":"https:\/\/istopmotion.com\/es\/pie-de-imprenta-impressum\/","title":{"rendered":"Pie de imprenta \/ Impressum"},"content":{"rendered":"<h2 class=\"wp-block-heading\">Boinx Software International GmbH<\/h2>\n\n<p>Josef-Kistler Str. 12<br\/>82110 Germering<br\/>Alemania<br\/>Tel\u00e9fono y l\u00ednea directa t\u00e9cnica:<br\/>+1 855 264 6979 (ingl\u00e9s)<br\/>Fax:<br\/>+49 89 84 00 55 55<br\/>Fax EE.UU.:<br\/>1-866-GOBOINX (gratuito)<\/p>\n\n<h2 class=\"wp-block-heading\">Contacta con nosotros<\/h2>\n\n<p>Estamos aqu\u00ed para ayudarte. Utiliza los enlaces de correo electr\u00f3nico de esta p\u00e1gina para ponerte en contacto con nosotros. Boinx Software tiene su sede en Alemania. Por favor, ten en cuenta un posible cambio de zona horaria, normalmente puedes esperar una respuesta nuestra en el plazo de un d\u00eda laborable.<\/p>\n\n<p>Departamento de Ventas<br\/><a href=\"mailto:sales@boinx.com\">Para necesidades y preguntas especiales sobre licencias, revendedores y Comentarios.<\/a><\/p>\n\n<p>Departamento de Ventas Educativas<br\/><a href=\"mailto:sales@boinx.com\">Para solicitar presupuestos de licencias por volumen para uso educativo.<\/a><\/p>\n\n<p>Departamento de asistencia<br\/><a href=\"https:\/\/boinx.com\/support\/\" target=\"_blank\" rel=\"noopener\">Para obtener asistencia t\u00e9cnica, consulte el sitio de asistencia.<\/a><\/p>\n\n<p>Departamento de Relaciones P\u00fablicas<br\/><a href=\"mailto:pr@boinx.com\">Para periodistas, cr\u00edticos y socios publicitarios.<\/a><\/p>\n\n<h2 class=\"wp-block-heading\">Legal<\/h2>\n\n<h3 class=\"wp-block-heading\">Registro Mercantil \/ Handelsregister<\/h3>\n\n<p>Gesch\u00e4ftsf\u00fchrer (Director General): Oliver Breidenbach<br\/>Registergericht M\u00fcnchen, HRB 247307<\/p>\n\n<h3 class=\"wp-block-heading\">Derechos de autor<\/h3>\n\n<p>Todo el material de este sitio es Copyright \u00a9 2023 de Boinx Software International GmbH.<br\/>Todos los derechos reservados.<\/p>\n\n<h3 class=\"wp-block-heading\">Marcas<\/h3>\n\n<p>Boinx Software y el logotipo de Boinx Software son marcas registradas de Boinx Software International GmbH. Mac y el logotipo Mac son marcas comerciales de Apple Computer, Inc. registradas en EE.UU. y otros pa\u00edses. Apple y el logotipo de Apple son marcas comerciales de Apple Computer, Inc. registradas en EE.UU. y otros pa\u00edses, utilizadas con permiso.<\/p>\n\n<h2 class=\"wp-block-heading\">Realization and concept<\/h2>\n\n<h3 class=\"wp-block-heading\">P\u00e1gina web<\/h3>\n\n<p>Steffen Skopp por <a href=\"https:\/\/klartext-tacheles.de\/\" target=\"_blank\" rel=\"noopener\">klartext-tacheles.de<\/a><\/p>","protected":false},"excerpt":{"rendered":"<p>Boinx Software International GmbH Josef-Kistler Str. 1282110 GermeringAlemaniaTel\u00e9fono y l\u00ednea directa t\u00e9cnica:+1 855 264 6979 (ingl\u00e9s)Fax:+49 89 84 00 55 55Fax EE.UU.:1-866-GOBOINX (gratuito) Contacta con nosotros Estamos aqu\u00ed para ayudarte. Utiliza los enlaces de correo electr\u00f3nico de esta p\u00e1gina para ponerte en contacto con nosotros. Boinx Software tiene su sede en Alemania. Por favor, ten [&hellip;]<\/p>\n","protected":false},"author":1,"featured_media":0,"parent":0,"menu_order":0,"comment_status":"closed","ping_status":"closed","template":"","meta":{"footnotes":""},"class_list":["post-2195","page","type-page","status-publish","hentry"],"_links":{"self":[{"href":"https:\/\/istopmotion.com\/es\/wp-json\/wp\/v2\/pages\/2195","targetHints":{"allow":["GET"]}}],"collection":[{"href":"https:\/\/istopmotion.com\/es\/wp-json\/wp\/v2\/pages"}],"about":[{"href":"https:\/\/istopmotion.com\/es\/wp-json\/wp\/v2\/types\/page"}],"author":[{"embeddable":true,"href":"https:\/\/istopmotion.com\/es\/wp-json\/wp\/v2\/users\/1"}],"replies":[{"embeddable":true,"href":"https:\/\/istopmotion.com\/es\/wp-json\/wp\/v2\/comments?post=2195"}],"version-history":[{"count":1,"href":"https:\/\/istopmotion.com\/es\/wp-json\/wp\/v2\/pages\/2195\/revisions"}],"predecessor-version":[{"id":2196,"href":"https:\/\/istopmotion.com\/es\/wp-json\/wp\/v2\/pages\/2195\/revisions\/2196"}],"wp:attachment":[{"href":"https:\/\/istopmotion.com\/es\/wp-json\/wp\/v2\/media?parent=2195"}],"curies":[{"name":"wp","href":"https:\/\/api.w.org\/{rel}","templated":true}]}}