{"id":2192,"date":"2023-05-11T13:24:49","date_gmt":"2023-05-11T13:24:49","guid":{"rendered":"https:\/\/istopmotion.com\/impressum-impressum\/"},"modified":"2024-11-14T10:25:16","modified_gmt":"2024-11-14T10:25:16","slug":"impressum-impressum","status":"publish","type":"page","link":"https:\/\/istopmotion.com\/es\/impressum-impressum\/","title":{"rendered":"Impressum \/ Impressum"},"content":{"rendered":"<h2 class=\"wp-block-heading\">Boinx Software International GmbH<\/h2>\n\n<p>Josef-Kistler Str. 12<br\/>82110 Germering<br\/>Deutschland<br\/>Tel\u00e9fono y l\u00ednea directa t\u00e9cnica:<br\/>+1 855 264 6979 (ingl\u00e9s)<br\/>Fax:<br\/>+49 89 84 00 55 55<br\/>Env\u00edenos un fax:<br\/>1-866-GOBOINX (geb\u00fchrenfrei) <\/p>\n\n<h2 class=\"wp-block-heading\">Contacte con nosotros<\/h2>\n\n<p>Estamos aqu\u00ed para ayudarle. Utilice los enlaces de correo electr\u00f3nico de esta p\u00e1gina para ponerse en contacto con nosotros. Boinx Software is in Deutschland ans\u00e4ssig. Bitte ber\u00fccksichtigen Sie eine m\u00f6gliche Zeitzonenverschiebung. En este caso, puede enviar una respuesta dentro de una de nuestras etapas de trabajo.   <\/p>\n\n<p>Vertriebsabteilung<br\/><a href=\"mailto:sales@boinx.com\">Para consultas y necesidades especiales de personalizaci\u00f3n, consultas y comentarios.<\/a><\/p>\n\n<p>Departamento de Ventas de Educaci\u00f3n<br\/><a href=\"mailto:sales@boinx.com\">Para la solicitud de ofertas de vol\u00famenes para su utilizaci\u00f3n en el sector educativo.<\/a><\/p>\n\n<p>Support-Abteilung<br\/><a href=\"https:\/\/boinx.com\/support\/\" target=\"_blank\" rel=\"noopener\">Si necesita asistencia t\u00e9cnica, p\u00f3ngase en contacto con el sitio de asistencia.<\/a><\/p>\n\n<p>PR-Abteilung<br\/><a href=\"mailto:pr@boinx.com\">Para periodistas, corresponsales y compa\u00f1eros de trabajo.<\/a><\/p>\n\n<h2 class=\"wp-block-heading\">Legal<\/h2>\n\n<h3 class=\"wp-block-heading\">Handelsregister \/ Registro Mercantil<\/h3>\n\n<p>Gesch\u00e4ftsf\u00fchrer (Director General): Oliver Breidenbach<br\/>Registergericht M\u00fcnchen, HRB 247307<\/p>\n\n<h3 class=\"wp-block-heading\">Copyright<\/h3>\n\n<p>Todo el material de este sitio web es Copyright \u00a9 2023 de Boinx Software International GmbH.<br\/>Todos los derechos reservados.<\/p>\n\n<h3 class=\"wp-block-heading\">Markenzeichen<\/h3>\n\n<p>Boinx Software y el logotipo de Boinx Software son marcas de Boinx Software International GmbH. Mac y el logotipo de Mac son marcas de Apple Computer, Inc. y est\u00e1n registradas en EE.UU. y otros pa\u00edses. Apple y el logotipo de Apple son marcas registradas de Apple Computer, Inc. en EE.UU. y otros pa\u00edses, y se utilizan con autorizaci\u00f3n.  <\/p>\n\n<h2 class=\"wp-block-heading\">Realizaci\u00f3n y concepto<\/h2>\n\n<h3 class=\"wp-block-heading\">P\u00e1gina web<\/h3>\n\n<p>Steffen Skopp bei <a href=\"https:\/\/klartext-tacheles.de\/\" target=\"_blank\" rel=\"noopener\">klartext-tacheles.de<\/a><\/p>","protected":false},"excerpt":{"rendered":"<p>Boinx Software International GmbH Josef-Kistler Str. 1282110 GermeringDeutschlandTelefon &amp; Technische Hotline:+1 855 264 6979 (Englisch)Fax:+49 89 84 00 55 55Fax US:1-866-GOBOINX (geb\u00fchrenfrei) Kontaktieren Sie uns Wir sind hier, um Ihnen zu helfen. Bitte verwenden Sie die E-Mail-Links auf dieser Seite, um mit uns in Kontakt zu treten. Boinx Software ist in Deutschland ans\u00e4ssig. Bitte ber\u00fccksichtigen [&hellip;]<\/p>\n","protected":false},"author":1,"featured_media":0,"parent":0,"menu_order":0,"comment_status":"closed","ping_status":"closed","template":"","meta":{"footnotes":""},"class_list":["post-2192","page","type-page","status-publish","hentry"],"_links":{"self":[{"href":"https:\/\/istopmotion.com\/es\/wp-json\/wp\/v2\/pages\/2192","targetHints":{"allow":["GET"]}}],"collection":[{"href":"https:\/\/istopmotion.com\/es\/wp-json\/wp\/v2\/pages"}],"about":[{"href":"https:\/\/istopmotion.com\/es\/wp-json\/wp\/v2\/types\/page"}],"author":[{"embeddable":true,"href":"https:\/\/istopmotion.com\/es\/wp-json\/wp\/v2\/users\/1"}],"replies":[{"embeddable":true,"href":"https:\/\/istopmotion.com\/es\/wp-json\/wp\/v2\/comments?post=2192"}],"version-history":[{"count":1,"href":"https:\/\/istopmotion.com\/es\/wp-json\/wp\/v2\/pages\/2192\/revisions"}],"predecessor-version":[{"id":2194,"href":"https:\/\/istopmotion.com\/es\/wp-json\/wp\/v2\/pages\/2192\/revisions\/2194"}],"wp:attachment":[{"href":"https:\/\/istopmotion.com\/es\/wp-json\/wp\/v2\/media?parent=2192"}],"curies":[{"name":"wp","href":"https:\/\/api.w.org\/{rel}","templated":true}]}}