{"id":2188,"date":"2023-05-11T13:24:49","date_gmt":"2023-05-11T13:24:49","guid":{"rendered":"https:\/\/istopmotion.com\/mentions-legales-impressum\/"},"modified":"2024-11-14T10:25:15","modified_gmt":"2024-11-14T10:25:15","slug":"mentions-legales-impressum","status":"publish","type":"page","link":"https:\/\/istopmotion.com\/es\/mentions-legales-impressum\/","title":{"rendered":"Mentions l\u00e9gales \/ Impressum"},"content":{"rendered":"<h2 class=\"wp-block-heading\">Boinx Software International GmbH<\/h2>\n\n<p>Josef-Kistler Str. 12<br\/>82110 Germering<br\/>Alemania<br\/>Tel\u00e9fono y l\u00ednea directa t\u00e9cnica :<br\/>+1 855 264 6979 (ingl\u00e9s)<br\/>Fax :<br\/>+49 89 84 00 55 55<br\/>Env\u00edenos un fax :<br\/>1-866-GOBOINX (gratuito)<\/p>\n\n<h2 class=\"wp-block-heading\">Contacte con nosotros<\/h2>\n\n<p>Estamos aqu\u00ed para ayudarle. Utilice los enlaces de correo electr\u00f3nico de esta p\u00e1gina para ponerse en contacto con nosotros. Boinx Software tiene su sede en Alemania. Por favor, tenga en cuenta una posible reducci\u00f3n horaria. Por lo general, recibir\u00e1 nuestra respuesta en un plazo de un d\u00eda laborable.<\/p>\n\n<p>Departamento de Ventas<br\/><a href=\"mailto:sales@boinx.com\">Para preguntas y necesidades particulares en materia de licencias, revendedores y devoluciones de informaci\u00f3n.<\/a><\/p>\n\n<p>Departamento de ventas para la educaci\u00f3n<br\/><a href=\"mailto:sales@boinx.com\">Para solicitar licencias por volumen con fines educativos.<\/a><\/p>\n\n<p>Servicio de asistencia<br\/><a href=\"https:\/\/boinx.com\/support\/\" target=\"_blank\" rel=\"noopener\">Para obtener asistencia t\u00e9cnica, consulte el sitio de asistencia.<\/a><\/p>\n\n<p>Departamento de Relaciones P\u00fablicas<br\/><a href=\"mailto:pr@boinx.com\">Para periodistas, cr\u00edticos y colaboradores publicitarios.<\/a><\/p>\n\n<h2 class=\"wp-block-heading\">Juridique<\/h2>\n\n<h3 class=\"wp-block-heading\">Registre du commerce \/ Handelsregister<\/h3>\n\n<p>Gesch\u00e4ftsf\u00fchrer (Director General) : Oliver Breidenbach<br\/>Registergericht M\u00fcnchen, HRB 247307<\/p>\n\n<h3 class=\"wp-block-heading\">Derecho de autor<\/h3>\n\n<p>Todos los elementos de este sitio est\u00e1n protegidos por el derecho de autor \u00a9 2023 de Boinx Software International GmbH.<br\/>Reservados todos los derechos.<\/p>\n\n<h3 class=\"wp-block-heading\">Marcas depositadas<\/h3>\n\n<p>Boinx Software y el logo Boinx Software son marcas registradas de Boinx Software International GmbH. Mac y el logotipo Mac son marcas registradas de Apple Computer, Inc. en los Estados Unidos y en otros pa\u00edses. Apple y el logotipo de Apple son marcas de Apple Computer, Inc. en los Estados Unidos y en otros pa\u00edses, y se utilizan con autorizaci\u00f3n.<\/p>\n\n<h2 class=\"wp-block-heading\">Realizaci\u00f3n y concepto<\/h2>\n\n<h3 class=\"wp-block-heading\">Sitio web<\/h3>\n\n<p>Steffen Skopp par <a href=\"https:\/\/klartext-tacheles.de\/\" target=\"_blank\" rel=\"noopener\">klartext-tacheles.de<\/a><\/p>","protected":false},"excerpt":{"rendered":"<p>Boinx Software International GmbH Josef-Kistler Str. 1282110 GermeringAllemagneT\u00e9l\u00e9phone et hotline technique :+1 855 264 6979 (anglais)Fax :+49 89 84 00 55 55Fax US :1-866-GOBOINX (gratuit) Contactez nous Nous sommes l\u00e0 pour vous aider. Veuillez utiliser les liens e-mail de cette page pour nous contacter. Boinx Software est bas\u00e9 en Allemagne. Veuillez tenir compte d&#8217;un \u00e9ventuel [&hellip;]<\/p>\n","protected":false},"author":1,"featured_media":0,"parent":0,"menu_order":0,"comment_status":"closed","ping_status":"closed","template":"","meta":{"footnotes":""},"class_list":["post-2188","page","type-page","status-publish","hentry"],"_links":{"self":[{"href":"https:\/\/istopmotion.com\/es\/wp-json\/wp\/v2\/pages\/2188","targetHints":{"allow":["GET"]}}],"collection":[{"href":"https:\/\/istopmotion.com\/es\/wp-json\/wp\/v2\/pages"}],"about":[{"href":"https:\/\/istopmotion.com\/es\/wp-json\/wp\/v2\/types\/page"}],"author":[{"embeddable":true,"href":"https:\/\/istopmotion.com\/es\/wp-json\/wp\/v2\/users\/1"}],"replies":[{"embeddable":true,"href":"https:\/\/istopmotion.com\/es\/wp-json\/wp\/v2\/comments?post=2188"}],"version-history":[{"count":1,"href":"https:\/\/istopmotion.com\/es\/wp-json\/wp\/v2\/pages\/2188\/revisions"}],"predecessor-version":[{"id":2190,"href":"https:\/\/istopmotion.com\/es\/wp-json\/wp\/v2\/pages\/2188\/revisions\/2190"}],"wp:attachment":[{"href":"https:\/\/istopmotion.com\/es\/wp-json\/wp\/v2\/media?parent=2188"}],"curies":[{"name":"wp","href":"https:\/\/api.w.org\/{rel}","templated":true}]}}