{"id":2186,"date":"2023-05-11T13:24:49","date_gmt":"2023-05-11T13:24:49","guid":{"rendered":"https:\/\/istopmotion.com\/impressao-impressum\/"},"modified":"2024-11-14T10:25:15","modified_gmt":"2024-11-14T10:25:15","slug":"impressao-impressum","status":"publish","type":"page","link":"https:\/\/istopmotion.com\/es\/impressao-impressum\/","title":{"rendered":"Impress\u00e3o \/ Impressum"},"content":{"rendered":"<h2 class=\"wp-block-heading\">Boinx Software International GmbH<\/h2>\n\n<p>Josef-Kistler Str. 12<br\/>82110 Germering<br\/>Alemanha<br\/>Tel\u00e9fono y l\u00ednea de asistencia t\u00e9cnica:<br\/>+1 855 264 6979 (ingl\u00eas)<br\/>Fax:<br\/>+49 89 84 00 55 55<br\/>Env\u00edenos un fax:<br\/>1-866-GOBOINX (gratuito) <\/p>\n\n<h2 class=\"wp-block-heading\">Contacta-nos<\/h2>\n\n<p>Estamos aqu\u00ed para ayudarte. Utilice los enlaces de correo electr\u00f3nico de esta p\u00e1gina para ponerse en contacto con nosotros. Boinx Software tiene su sede en Alemania. Por favor, tenga en cuenta un posible cambio de horario. Normalmente, puede esperar una respuesta nuestra en el plazo de un d\u00eda laborable.   <\/p>\n\n<p>Departamento de Ventas<br\/><a href=\"mailto:sales@boinx.com\">Para necesidades y consultas espec\u00edficas de licencias, revisores y Feedback.<\/a><\/p>\n\n<p>Departamento de Vendas para a Educa\u00e7\u00e3o<br\/><a href=\"mailto:sales@boinx.com\">Para solicitar or\u00e7amentos de licenciamento por volume para utiliza\u00e7\u00e3o educativa.<\/a><\/p>\n\n<p>Departamento de ayuda<br\/><a href=\"https:\/\/boinx.com\/support\/\" target=\"_blank\" rel=\"noopener\">Para obtener ayuda t\u00e9cnica, consulte la secci\u00f3n de ayuda.<\/a><\/p>\n\n<p>Departamento de RP<br\/><a href=\"mailto:pr@boinx.com\">Para periodistas, revisores y parceiros publicit\u00e1rios.<\/a><\/p>\n\n<h2 class=\"wp-block-heading\">Legal<\/h2>\n\n<h3 class=\"wp-block-heading\">Registo comercial \/ Handelsregister<\/h3>\n\n<p>Gesch\u00e4ftsf\u00fchrer (Diretor Executivo): Oliver Breidenbach<br\/>Registergericht M\u00fcnchen, HRB 247307<\/p>\n\n<h3 class=\"wp-block-heading\">Derechos de autor<\/h3>\n\n<p>Todo el material de este sitio est\u00e1 protegido por derechos de autor \u00a9 2023 de Boinx Software International GmbH.<br\/>Todos los derechos reservados.<\/p>\n\n<h3 class=\"wp-block-heading\">Marcas registradas<\/h3>\n\n<p>Boinx Software y el logotipo Boinx Software son marcas comerciales de Boinx Software International GmbH. Mac y el logotipo Mac son marcas comerciales de Apple Computer, Inc. registradas en los EE.UU. y en otros pa\u00edses. Apple y el logotipo Apple son marcas comerciales de Apple Computer, Inc. registradas en los EE.UU. y en otros pa\u00edses, utilizadas con autorizaci\u00f3n.  <\/p>\n\n<h2 class=\"wp-block-heading\">Realizaci\u00f3n y concepci\u00f3n<\/h2>\n\n<h3 class=\"wp-block-heading\">S\u00edtio Web<\/h3>\n\n<p>Steffen Skopp por <a href=\"https:\/\/klartext-tacheles.de\/\" target=\"_blank\" rel=\"noopener\">klartext-tacheles.de<\/a><\/p>","protected":false},"excerpt":{"rendered":"<p>Boinx Software International GmbH Josef-Kistler Str. 1282110 GermeringAlemanhaTelefone e linha de apoio t\u00e9cnico:+1 855 264 6979 (ingl\u00eas)Fax:+49 89 84 00 55 55Fax US:1-866-GOBOINX (gratuito) Contacta-nos Estamos aqui para te ajudar. Utiliza as liga\u00e7\u00f5es de e-mail nesta p\u00e1gina para entrares em contacto connosco. A Boinx Software est\u00e1 sediada na Alemanha. Por favor, tem em considera\u00e7\u00e3o uma [&hellip;]<\/p>\n","protected":false},"author":1,"featured_media":0,"parent":0,"menu_order":0,"comment_status":"closed","ping_status":"closed","template":"","meta":{"footnotes":""},"class_list":["post-2186","page","type-page","status-publish","hentry"],"_links":{"self":[{"href":"https:\/\/istopmotion.com\/es\/wp-json\/wp\/v2\/pages\/2186","targetHints":{"allow":["GET"]}}],"collection":[{"href":"https:\/\/istopmotion.com\/es\/wp-json\/wp\/v2\/pages"}],"about":[{"href":"https:\/\/istopmotion.com\/es\/wp-json\/wp\/v2\/types\/page"}],"author":[{"embeddable":true,"href":"https:\/\/istopmotion.com\/es\/wp-json\/wp\/v2\/users\/1"}],"replies":[{"embeddable":true,"href":"https:\/\/istopmotion.com\/es\/wp-json\/wp\/v2\/comments?post=2186"}],"version-history":[{"count":1,"href":"https:\/\/istopmotion.com\/es\/wp-json\/wp\/v2\/pages\/2186\/revisions"}],"predecessor-version":[{"id":2189,"href":"https:\/\/istopmotion.com\/es\/wp-json\/wp\/v2\/pages\/2186\/revisions\/2189"}],"wp:attachment":[{"href":"https:\/\/istopmotion.com\/es\/wp-json\/wp\/v2\/media?parent=2186"}],"curies":[{"name":"wp","href":"https:\/\/api.w.org\/{rel}","templated":true}]}}