{"id":2180,"date":"2023-05-11T13:24:49","date_gmt":"2023-05-11T13:24:49","guid":{"rendered":"https:\/\/istopmotion.com\/afdruk-impressum\/"},"modified":"2024-11-14T10:25:12","modified_gmt":"2024-11-14T10:25:12","slug":"afdruk-impressum","status":"publish","type":"page","link":"https:\/\/istopmotion.com\/es\/afdruk-impressum\/","title":{"rendered":"Afdruk \/ Impressum"},"content":{"rendered":"<h2 class=\"wp-block-heading\">Boinx Software GmbH<\/h2>\n\n<p>Josef-Kistler Str. 12<br\/>82110 Germering<br\/>Duitsland<br\/>Tel\u00e9fono y l\u00ednea directa t\u00e9cnica:<br\/>+1 855 264 6979 (ingl\u00e9s)<br\/>Fax:<br\/>+49 89 84 00 55<br\/>Fax VS:<br\/>1-866-GOBOINX (gratis) <\/p>\n\n<h2 class=\"wp-block-heading\">Neem contact met ons op<\/h2>\n\n<p>Estamos aqu\u00ed para ayudarte. Utilice los enlaces de correo electr\u00f3nico de esta p\u00e1gina para ponerse en contacto con nosotros. Boinx Software se encuentra en Holanda. Houd rekening met mogelijke tijdsverschuivingen, meestal kun je binnen een werkdag een antwoord van ons verwachten.   <\/p>\n\n<p>Verkoopafdeling<br\/><a href=\"mailto:sales@boinx.com\">Para obtener licencias y vales especiales, para compras a distancia y comentarios.<\/a><\/p>\n\n<p>Afdeling Verkoop Onderwijs<br\/><a href=\"mailto:sales@boinx.com\">Para la distribuci\u00f3n de ofertas de volumelicenties para uso educativo.<\/a><\/p>\n\n<p>Afdeling Ondersteuning<br\/><a href=\"https:\/\/boinx.com\/support\/\" target=\"_blank\" rel=\"noopener\">Raadpleeg voor technische ondersteuning de ondersteuningssite.<\/a><\/p>\n\n<p>PR-afdeling<br\/><a href=\"mailto:pr@boinx.com\">Para periodistas, periodistas y colaboradores.<\/a><\/p>\n\n<h2 class=\"wp-block-heading\">Wettelijk<\/h2>\n\n<h3 class=\"wp-block-heading\">Handelsregister<\/h3>\n\n<p>Gesch\u00e4ftsf\u00fchrer (Director General): Oliver Breidenbach<br\/>Registergericht M\u00fcnchen, HRB 247307<\/p>\n\n<h3 class=\"wp-block-heading\">Copyright<\/h3>\n\n<p>Todo el material de este sitio es Copyright \u00a9 2023 de Boinx Software International GmbH.<br\/>Todos los derechos reservados.<\/p>\n\n<h3 class=\"wp-block-heading\">Handelsmerken<\/h3>\n\n<p>Boinx Software y el logo de Boinx Software son marcas registradas de Boinx Software International GmbH. Mac y el logotipo de Mac son marcas registradas de Apple Computer, Inc. en EE.UU. y otros pa\u00edses. Apple y el logotipo de Apple son marcas registradas de Apple Computer, Inc. en EE.UU. y otros pa\u00edses, y se utilizan con fines comerciales.  <\/p>\n\n<h2 class=\"wp-block-heading\">Realidad y concepto<\/h2>\n\n<h3 class=\"wp-block-heading\">P\u00e1gina web<\/h3>\n\n<p>Steffen Skopp puerta <a href=\"https:\/\/klartext-tacheles.de\/\" target=\"_blank\" rel=\"noopener\">klartext-tacheles.de<\/a><\/p>","protected":false},"excerpt":{"rendered":"<p>Boinx Software GmbH Josef-Kistler Str. 1282110 GermeringDuitslandTelefoon &amp; Technische hotline:+1 855 264 6979 (Engels)Fax:+49 89 84 00 55Fax VS:1-866-GOBOINX (gratis) Neem contact met ons op We zijn er om je te helpen. Gebruik de e-mail links op deze pagina om contact met ons op te nemen. Boinx Software is gevestigd in Duitsland. Houd rekening met [&hellip;]<\/p>\n","protected":false},"author":1,"featured_media":0,"parent":0,"menu_order":0,"comment_status":"closed","ping_status":"closed","template":"","meta":{"footnotes":""},"class_list":["post-2180","page","type-page","status-publish","hentry"],"_links":{"self":[{"href":"https:\/\/istopmotion.com\/es\/wp-json\/wp\/v2\/pages\/2180","targetHints":{"allow":["GET"]}}],"collection":[{"href":"https:\/\/istopmotion.com\/es\/wp-json\/wp\/v2\/pages"}],"about":[{"href":"https:\/\/istopmotion.com\/es\/wp-json\/wp\/v2\/types\/page"}],"author":[{"embeddable":true,"href":"https:\/\/istopmotion.com\/es\/wp-json\/wp\/v2\/users\/1"}],"replies":[{"embeddable":true,"href":"https:\/\/istopmotion.com\/es\/wp-json\/wp\/v2\/comments?post=2180"}],"version-history":[{"count":1,"href":"https:\/\/istopmotion.com\/es\/wp-json\/wp\/v2\/pages\/2180\/revisions"}],"predecessor-version":[{"id":2183,"href":"https:\/\/istopmotion.com\/es\/wp-json\/wp\/v2\/pages\/2180\/revisions\/2183"}],"wp:attachment":[{"href":"https:\/\/istopmotion.com\/es\/wp-json\/wp\/v2\/media?parent=2180"}],"curies":[{"name":"wp","href":"https:\/\/api.w.org\/{rel}","templated":true}]}}