{"id":18,"date":"2023-05-11T13:24:49","date_gmt":"2023-05-11T13:24:49","guid":{"rendered":"https:\/\/istopmotion.com\/?page_id=18"},"modified":"2025-06-27T11:03:51","modified_gmt":"2025-06-27T11:03:51","slug":"imprimir","status":"publish","type":"page","link":"https:\/\/istopmotion.com\/es\/imprimir\/","title":{"rendered":"Pie de imprenta \/ Impressum"},"content":{"rendered":"<h2 class=\"wp-block-heading\">Boinx Software International GmbH<\/h2>\n\n\n\n<p>Industriestr. 9<br>82110 Germering<br>Alemania<\/p>\n\n\n\n<p>Tel: +49 89 84 00 55 0<br>Fax: +49 89 84 00 55 55<br>Env\u00edenos un fax 1-866-GOBOINX (llamada gratuita)<\/p>\n\n\n\n<h2 class=\"wp-block-heading\">P\u00f3ngase en contacto con nosotros<\/h2>\n\n\n\n<p>Estamos aqu\u00ed para ayudarle. Utilice los enlaces de correo electr\u00f3nico de esta p\u00e1gina para ponerse en contacto con nosotros. Boinx Software tiene su sede en Alemania. Por favor, tenga en cuenta un posible cambio de zona horaria, por lo general puede esperar una respuesta de nosotros dentro de un d\u00eda de trabajo.<\/p>\n\n\n\n<p>Apoyo y consultas generales: support@boinx.com<\/p>\n\n\n\n<p>Ventas: sales@boinx.com<\/p>\n\n\n\n<p>Ventas de educaci\u00f3n: edu@boinx.com<\/p>\n\n\n\n<p><\/p>\n\n\n\n<h2 class=\"wp-block-heading\">Legal<\/h2>\n\n\n\n<h3 class=\"wp-block-heading\">Registro Mercantil \/ Handelsregister<\/h3>\n\n\n\n<p>Gesch\u00e4ftsf\u00fchrer (Director General): Oliver Breidenbach<br>Registergericht M\u00fcnchen, HRB 247307<\/p>\n\n\n\n<h3 class=\"wp-block-heading\">Copyright<\/h3>\n\n\n\n<p>Todo el material de este sitio es Copyright \u00a9 2023 de Boinx Software International GmbH.<br>Todos los derechos reservados.<\/p>\n\n\n\n<h3 class=\"wp-block-heading\">Marcas<\/h3>\n\n\n\n<p>Boinx Software y el logotipo de Boinx Software son marcas comerciales de Boinx Software International GmbH. Mac y el logotipo de Mac son marcas comerciales de Apple Computer, Inc. registradas en EE.UU. y otros pa\u00edses. Apple y el logotipo de Apple son marcas comerciales de Apple Computer, Inc. registradas en EE.UU. y otros pa\u00edses, utilizadas con autorizaci\u00f3n.<\/p>\n\n\n\n<h2 class=\"wp-block-heading\">Realizaci\u00f3n y concepto<\/h2>\n\n\n\n<h3 class=\"wp-block-heading\">P\u00e1gina web<\/h3>\n\n\n\n<p>Steffen Skopp por&nbsp;<a href=\"https:\/\/klartext-tacheles.de\/\" target=\"_blank\" rel=\"noopener\">klartext-tacheles.de<\/a><\/p>","protected":false},"excerpt":{"rendered":"<p>Boinx Software International GmbH Industriestr. 982110 GermeringGermany Phone: +49 89 84 00 55 0Fax: +49 89 84 00 55 55Fax US: 1-866-GOBOINX (toll free) Contact us We are here to help you. Please use the email links on this page to get in contact with us. Boinx Software is based in Germany. Please take a [&hellip;]<\/p>\n","protected":false},"author":1,"featured_media":0,"parent":0,"menu_order":0,"comment_status":"closed","ping_status":"closed","template":"","meta":{"footnotes":""},"class_list":["post-18","page","type-page","status-publish","hentry"],"_links":{"self":[{"href":"https:\/\/istopmotion.com\/es\/wp-json\/wp\/v2\/pages\/18","targetHints":{"allow":["GET"]}}],"collection":[{"href":"https:\/\/istopmotion.com\/es\/wp-json\/wp\/v2\/pages"}],"about":[{"href":"https:\/\/istopmotion.com\/es\/wp-json\/wp\/v2\/types\/page"}],"author":[{"embeddable":true,"href":"https:\/\/istopmotion.com\/es\/wp-json\/wp\/v2\/users\/1"}],"replies":[{"embeddable":true,"href":"https:\/\/istopmotion.com\/es\/wp-json\/wp\/v2\/comments?post=18"}],"version-history":[{"count":1,"href":"https:\/\/istopmotion.com\/es\/wp-json\/wp\/v2\/pages\/18\/revisions"}],"predecessor-version":[{"id":2558,"href":"https:\/\/istopmotion.com\/es\/wp-json\/wp\/v2\/pages\/18\/revisions\/2558"}],"wp:attachment":[{"href":"https:\/\/istopmotion.com\/es\/wp-json\/wp\/v2\/media?parent=18"}],"curies":[{"name":"wp","href":"https:\/\/api.w.org\/{rel}","templated":true}]}}