{"id":2192,"date":"2023-05-11T13:24:49","date_gmt":"2023-05-11T13:24:49","guid":{"rendered":"https:\/\/istopmotion.com\/impressum-impressum\/"},"modified":"2024-11-14T10:25:16","modified_gmt":"2024-11-14T10:25:16","slug":"impressum-impressum","status":"publish","type":"page","link":"https:\/\/istopmotion.com\/de\/impressum-impressum\/","title":{"rendered":"Impressum \/ Impressum"},"content":{"rendered":"<h2 class=\"wp-block-heading\">Boinx Software International GmbH<\/h2>\n\n<p>Josef-Kistler-Str. 12<br\/>82110 Germering<br\/>Deutschland<br\/>Telefon &amp; Technische Hotline:<br\/>+1 855 264 6979 (Englisch)<br\/>Fax:<br\/>+49 89 84 00 55 55<br\/>Fax US:<br\/>1-866-GOBOINX (geb\u00fchrenfrei) <\/p>\n\n<h2 class=\"wp-block-heading\">Kontaktieren Sie uns<\/h2>\n\n<p>Wir sind hier, um Ihnen zu helfen. Bitte verwenden Sie die E-Mail-Links auf dieser Seite, um mit uns in Kontakt zu treten. Boinx Software ist in Deutschland ans\u00e4ssig. Bitte ber\u00fccksichtigen Sie eine m\u00f6gliche Zeitzonenverschiebung. In der Regel k\u00f6nnen Sie innerhalb eines Arbeitstages eine Antwort von uns erwarten.   <\/p>\n\n<p>Vertriebsabteilung<br\/><a href=\"mailto:sales@boinx.com\">F\u00fcr spezielle Lizenzierungsanforderungen und Fragen, Wiederverk\u00e4ufer und Feedback.<\/a><\/p>\n\n<p>Verkaufsabteilung Bildung<br\/><a href=\"mailto:sales@boinx.com\">F\u00fcr die Anforderung von Angeboten f\u00fcr Volumenlizenzen f\u00fcr den Einsatz im Bildungsbereich.<\/a><\/p>\n\n<p>Support-Abteilung<br\/><a href=\"https:\/\/boinx.com\/support\/\" target=\"_blank\" rel=\"noopener\">F\u00fcr technische Unterst\u00fctzung besuchen Sie bitte die Support-Site.<\/a><\/p>\n\n<p>PR-Abteilung<br\/><a href=\"mailto:pr@boinx.com\">F\u00fcr Journalisten, Rezensenten und Werbepartner.<\/a><\/p>\n\n<h2 class=\"wp-block-heading\">Rechtliches<\/h2>\n\n<h3 class=\"wp-block-heading\">Handelsregister \/ Trade Register<\/h3>\n\n<p>Gesch\u00e4ftsf\u00fchrer (CEO): Oliver Breidenbach<br\/>Registergericht M\u00fcnchen, HRB 247307<\/p>\n\n<h3 class=\"wp-block-heading\">Urheberrecht<\/h3>\n\n<p>Das gesamte Material auf dieser Website ist Copyright \u00a9 2023 by Boinx Software International GmbH.<br\/>Alle Rechte vorbehalten.<\/p>\n\n<h3 class=\"wp-block-heading\">Markenzeichen<\/h3>\n\n<p>Boinx Software und das Boinx Software Logo sind Marken der Boinx Software International GmbH. Mac und das Mac-Logo sind Marken von Apple Computer, Inc. und in den USA und anderen L\u00e4ndern eingetragen. Apple und das Apple-Logo sind in den USA und anderen L\u00e4ndern eingetragene Marken von Apple Computer, Inc. und werden mit Genehmigung verwendet.  <\/p>\n\n<h2 class=\"wp-block-heading\">Realisierung und Konzept<\/h2>\n\n<h3 class=\"wp-block-heading\">Website<\/h3>\n\n<p>Steffen Skopp bei <a href=\"https:\/\/klartext-tacheles.de\/\" target=\"_blank\" rel=\"noopener\">klartext-tacheles.de<\/a><\/p>","protected":false},"excerpt":{"rendered":"<p>Boinx Software International GmbH Josef-Kistler Str. 1282110 GermeringDeutschlandTelefon &amp; Technische Hotline:+1 855 264 6979 (Englisch)Fax:+49 89 84 00 55 55Fax US:1-866-GOBOINX (geb\u00fchrenfrei) Kontaktieren Sie uns Wir sind hier, um Ihnen zu helfen. Bitte verwenden Sie die E-Mail-Links auf dieser Seite, um mit uns in Kontakt zu treten. Boinx Software ist in Deutschland ans\u00e4ssig. Bitte ber\u00fccksichtigen [&hellip;]<\/p>\n","protected":false},"author":1,"featured_media":0,"parent":0,"menu_order":0,"comment_status":"closed","ping_status":"closed","template":"","meta":{"footnotes":""},"class_list":["post-2192","page","type-page","status-publish","hentry"],"_links":{"self":[{"href":"https:\/\/istopmotion.com\/de\/wp-json\/wp\/v2\/pages\/2192","targetHints":{"allow":["GET"]}}],"collection":[{"href":"https:\/\/istopmotion.com\/de\/wp-json\/wp\/v2\/pages"}],"about":[{"href":"https:\/\/istopmotion.com\/de\/wp-json\/wp\/v2\/types\/page"}],"author":[{"embeddable":true,"href":"https:\/\/istopmotion.com\/de\/wp-json\/wp\/v2\/users\/1"}],"replies":[{"embeddable":true,"href":"https:\/\/istopmotion.com\/de\/wp-json\/wp\/v2\/comments?post=2192"}],"version-history":[{"count":1,"href":"https:\/\/istopmotion.com\/de\/wp-json\/wp\/v2\/pages\/2192\/revisions"}],"predecessor-version":[{"id":2194,"href":"https:\/\/istopmotion.com\/de\/wp-json\/wp\/v2\/pages\/2192\/revisions\/2194"}],"wp:attachment":[{"href":"https:\/\/istopmotion.com\/de\/wp-json\/wp\/v2\/media?parent=2192"}],"curies":[{"name":"wp","href":"https:\/\/api.w.org\/{rel}","templated":true}]}}