{"id":2188,"date":"2023-05-11T13:24:49","date_gmt":"2023-05-11T13:24:49","guid":{"rendered":"https:\/\/istopmotion.com\/mentions-legales-impressum\/"},"modified":"2024-11-14T10:25:15","modified_gmt":"2024-11-14T10:25:15","slug":"erwahnt-legales-impressum","status":"publish","type":"page","link":"https:\/\/istopmotion.com\/de\/erwahnt-legales-impressum\/","title":{"rendered":"Allgemeine Erw\u00e4hnungen \/ Impressum"},"content":{"rendered":"<h2 class=\"wp-block-heading\">Boinx Software International GmbH<\/h2>\n\n<p>Josef-Kistler-Str. 12<br\/>82110 Germering<br\/>Allemagne<br\/>Telefon und Hotline Technik :<br\/>+1 855 264 6979 (franz\u00f6sisch)<br\/>Fax :<br\/>+49 89 84 00 55 55<br\/>Fax US :<br\/>1-866-GOBOINX (kostenlos)<\/p>\n\n<h2 class=\"wp-block-heading\">Kontaktieren Sie uns<\/h2>\n\n<p>Nous sommes l\u00e0 pour vous aider. Benutzen Sie die E-Mail-Links auf dieser Seite, um mit uns Kontakt aufzunehmen. Boinx Software ist in Deutschland ans\u00e4ssig. Veuillez tenir compte d'un \u00e9ventuel d\u00e9calage horaire. Sie k\u00f6nnen in der Regel innerhalb einer Frist von einem Tag eine Antwort von uns erwarten.<\/p>\n\n<p>D\u00e9partement des ventes<br\/><a href=\"mailto:sales@boinx.com\">F\u00fcr Fragen und besondere Bed\u00fcrfnisse im Bereich der Lizenzen, der Abnehmer und der R\u00fcckgabe von Informationen.<\/a><\/p>\n\n<p>D\u00e9partement des ventes pour l'\u00e9ducation<br\/><a href=\"mailto:sales@boinx.com\">F\u00fcr die Beantragung von Mengenlizenzen zu p\u00e4dagogischen Zwecken.<\/a><\/p>\n\n<p>Hilfsdienst<br\/><a href=\"https:\/\/boinx.com\/support\/\" target=\"_blank\" rel=\"noopener\">Pour l'assistance technique, veuillez consulter le site d'assistance.<\/a><\/p>\n\n<p>Departement f\u00fcr \u00f6ffentliche Beziehungen<br\/><a href=\"mailto:pr@boinx.com\">F\u00fcr Journalisten, Kritiker und Partner in der \u00d6ffentlichkeit.<\/a><\/p>\n\n<h2 class=\"wp-block-heading\">Juridique<\/h2>\n\n<h3 class=\"wp-block-heading\">Handelsregister (Registre du commerce)<\/h3>\n\n<p>Gesch\u00e4ftsf\u00fchrer (CEO) : Oliver Breidenbach<br\/>Registergericht M\u00fcnchen, HRB 247307<\/p>\n\n<h3 class=\"wp-block-heading\">Urheberrecht<\/h3>\n\n<p>Alle Elemente dieser Website sind durch das Urheberrecht gesch\u00fctzt \u00a9 2023 de Boinx Software International GmbH.<br\/>Alle Rechte bleiben vorbehalten.<\/p>\n\n<h3 class=\"wp-block-heading\">Abgelegte Marken<\/h3>\n\n<p>Boinx Software und das Logo Boinx Software sind Marken der Boinx Software International GmbH. Mac und das Mac-Logo sind Marken von Apple Computer, Inc. in den Vereinigten Staaten und anderen L\u00e4ndern. Apple und das Apple-Logo sind Marken von Apple Computer, Inc. in den USA und in anderen L\u00e4ndern, die mit Genehmigung verwendet werden.<\/p>\n\n<h2 class=\"wp-block-heading\">Realisation und Konzept<\/h2>\n\n<h3 class=\"wp-block-heading\">Website<\/h3>\n\n<p>Steffen Skopp par <a href=\"https:\/\/klartext-tacheles.de\/\" target=\"_blank\" rel=\"noopener\">klartext-tacheles.de<\/a><\/p>","protected":false},"excerpt":{"rendered":"<p>Boinx Software International GmbH Josef-Kistler Str. 1282110 GermeringAllemagneT\u00e9l\u00e9phone et hotline technique :+1 855 264 6979 (anglais)Fax :+49 89 84 00 55 55Fax US :1-866-GOBOINX (gratuit) Contactez nous Nous sommes l\u00e0 pour vous aider. Veuillez utiliser les liens e-mail de cette page pour nous contacter. Boinx Software est bas\u00e9 en Allemagne. Veuillez tenir compte d&#8217;un \u00e9ventuel [&hellip;]<\/p>\n","protected":false},"author":1,"featured_media":0,"parent":0,"menu_order":0,"comment_status":"closed","ping_status":"closed","template":"","meta":{"footnotes":""},"class_list":["post-2188","page","type-page","status-publish","hentry"],"_links":{"self":[{"href":"https:\/\/istopmotion.com\/de\/wp-json\/wp\/v2\/pages\/2188","targetHints":{"allow":["GET"]}}],"collection":[{"href":"https:\/\/istopmotion.com\/de\/wp-json\/wp\/v2\/pages"}],"about":[{"href":"https:\/\/istopmotion.com\/de\/wp-json\/wp\/v2\/types\/page"}],"author":[{"embeddable":true,"href":"https:\/\/istopmotion.com\/de\/wp-json\/wp\/v2\/users\/1"}],"replies":[{"embeddable":true,"href":"https:\/\/istopmotion.com\/de\/wp-json\/wp\/v2\/comments?post=2188"}],"version-history":[{"count":1,"href":"https:\/\/istopmotion.com\/de\/wp-json\/wp\/v2\/pages\/2188\/revisions"}],"predecessor-version":[{"id":2190,"href":"https:\/\/istopmotion.com\/de\/wp-json\/wp\/v2\/pages\/2188\/revisions\/2190"}],"wp:attachment":[{"href":"https:\/\/istopmotion.com\/de\/wp-json\/wp\/v2\/media?parent=2188"}],"curies":[{"name":"wp","href":"https:\/\/api.w.org\/{rel}","templated":true}]}}