{"id":2180,"date":"2023-05-11T13:24:49","date_gmt":"2023-05-11T13:24:49","guid":{"rendered":"https:\/\/istopmotion.com\/afdruk-impressum\/"},"modified":"2024-11-14T10:25:12","modified_gmt":"2024-11-14T10:25:12","slug":"afdruk-impressum","status":"publish","type":"page","link":"https:\/\/istopmotion.com\/de\/afdruk-impressum\/","title":{"rendered":"Afdruk \/ Impressum"},"content":{"rendered":"<h2 class=\"wp-block-heading\">Boinx Software GmbH<\/h2>\n\n<p>Josef-Kistler-Str. 12<br\/>82110 Germering<br\/>Duitsland<br\/>Telefoon &amp; Technische Hotline:<br\/>+1 855 264 6979 (Engels)<br\/>Fax:<br\/>+49 89 84 00 55<br\/>Fax VS:<br\/>1-866-GOBOINX (kostenlos) <\/p>\n\n<h2 class=\"wp-block-heading\">Neem Kontakt mit ons op<\/h2>\n\n<p>Wir sind da, um Ihnen zu helfen. Benutzen Sie die E-Mail-Links auf dieser Seite, um mit uns in Kontakt zu treten. Boinx Software ist in Duitsland ans\u00e4ssig. Sie k\u00f6nnen sich an uns wenden, wenn Sie etwas brauchen, meistens k\u00f6nnen Sie innerhalb eines Werktages eine Antwort von uns erhalten.   <\/p>\n\n<p>Verkoopafdeling<br\/><a href=\"mailto:sales@boinx.com\">F\u00fcr spezielle Lizenzen und Antr\u00e4ge, Wederverkopers und Feedback.<\/a><\/p>\n\n<p>Afdeling Verkoop Onderwijs<br\/><a href=\"mailto:sales@boinx.com\">Voor het aanvragen van offertes voor volumelicenties voor educatief gebruik.<\/a><\/p>\n\n<p>Afdeling Ondersteuning<br\/><a href=\"https:\/\/boinx.com\/support\/\" target=\"_blank\" rel=\"noopener\">Raadpleeg voor technische ondersteuning de ondersteuningssite.<\/a><\/p>\n\n<p>PR-afdeling<br\/><a href=\"mailto:pr@boinx.com\">Voor journalisten, recensenten en reclamepartners.<\/a><\/p>\n\n<h2 class=\"wp-block-heading\">Wettelijk<\/h2>\n\n<h3 class=\"wp-block-heading\">Handelsregister<\/h3>\n\n<p>Gesch\u00e4ftsf\u00fchrer (CEO): Oliver Breidenbach<br\/>Registergericht M\u00fcnchen, HRB 247307<\/p>\n\n<h3 class=\"wp-block-heading\">Urheberrecht<\/h3>\n\n<p>Al het materiaal op deze site is Copyright \u00a9 2023 door Boinx Software International GmbH.<br\/>Alle rechten voorbehouden.<\/p>\n\n<h3 class=\"wp-block-heading\">Handelsmerken<\/h3>\n\n<p>Boinx Software und das Boinx Software-Logo sind Handelsmarken der Boinx Software International GmbH. Mac en het Mac-logo zijn handelsmerken van Apple Computer, Inc., geregistreerd in de VS en andere landen. Apple en het Apple logo zijn handelsmerken van Apple Computer, Inc., geregistreerd in de VS en andere landen, gebruikt met toestemming.  <\/p>\n\n<h2 class=\"wp-block-heading\">Realisierbarkeit und Konzept<\/h2>\n\n<h3 class=\"wp-block-heading\">Website<\/h3>\n\n<p>Steffen Skopp T\u00fcr <a href=\"https:\/\/klartext-tacheles.de\/\" target=\"_blank\" rel=\"noopener\">klartext-tacheles.de<\/a><\/p>","protected":false},"excerpt":{"rendered":"<p>Boinx Software GmbH Josef-Kistler Str. 1282110 GermeringDuitslandTelefoon &amp; Technische hotline:+1 855 264 6979 (Engels)Fax:+49 89 84 00 55Fax VS:1-866-GOBOINX (gratis) Neem contact met ons op We zijn er om je te helpen. Gebruik de e-mail links op deze pagina om contact met ons op te nemen. Boinx Software is gevestigd in Duitsland. Houd rekening met [&hellip;]<\/p>\n","protected":false},"author":1,"featured_media":0,"parent":0,"menu_order":0,"comment_status":"closed","ping_status":"closed","template":"","meta":{"footnotes":""},"class_list":["post-2180","page","type-page","status-publish","hentry"],"_links":{"self":[{"href":"https:\/\/istopmotion.com\/de\/wp-json\/wp\/v2\/pages\/2180","targetHints":{"allow":["GET"]}}],"collection":[{"href":"https:\/\/istopmotion.com\/de\/wp-json\/wp\/v2\/pages"}],"about":[{"href":"https:\/\/istopmotion.com\/de\/wp-json\/wp\/v2\/types\/page"}],"author":[{"embeddable":true,"href":"https:\/\/istopmotion.com\/de\/wp-json\/wp\/v2\/users\/1"}],"replies":[{"embeddable":true,"href":"https:\/\/istopmotion.com\/de\/wp-json\/wp\/v2\/comments?post=2180"}],"version-history":[{"count":1,"href":"https:\/\/istopmotion.com\/de\/wp-json\/wp\/v2\/pages\/2180\/revisions"}],"predecessor-version":[{"id":2183,"href":"https:\/\/istopmotion.com\/de\/wp-json\/wp\/v2\/pages\/2180\/revisions\/2183"}],"wp:attachment":[{"href":"https:\/\/istopmotion.com\/de\/wp-json\/wp\/v2\/media?parent=2180"}],"curies":[{"name":"wp","href":"https:\/\/api.w.org\/{rel}","templated":true}]}}