{"id":18,"date":"2023-05-11T13:24:49","date_gmt":"2023-05-11T13:24:49","guid":{"rendered":"https:\/\/istopmotion.com\/?page_id=18"},"modified":"2025-06-27T11:03:51","modified_gmt":"2025-06-27T11:03:51","slug":"impressum","status":"publish","type":"page","link":"https:\/\/istopmotion.com\/de\/impressum\/","title":{"rendered":"Impressum \/ Impressum"},"content":{"rendered":"<h2 class=\"wp-block-heading\">Boinx Software International GmbH<\/h2>\n\n\n\n<p>Industriestr. 9<br>82110 Germering<br>Deutschland<\/p>\n\n\n\n<p>Telefon: +49 89 84 00 55 0<br>Fax: +49 89 84 00 55 55<br>Fax US: 1-866-GOBOINX (geb\u00fchrenfrei)<\/p>\n\n\n\n<h2 class=\"wp-block-heading\">Kontakt<\/h2>\n\n\n\n<p>Wir sind hier, um Ihnen zu helfen. Bitte benutzen Sie die E-Mail-Links auf dieser Seite, um mit uns in Kontakt zu treten. Boinx Software ist in Deutschland ans\u00e4ssig. Bitte ber\u00fccksichtigen Sie eine m\u00f6gliche Zeitzonenverschiebung, Sie k\u00f6nnen in der Regel innerhalb eines Arbeitstages eine Antwort von uns erwarten.<\/p>\n\n\n\n<p>Support und allgemeine Anfragen: support@boinx.com<\/p>\n\n\n\n<p>Verk\u00e4ufe: sales@boinx.com<\/p>\n\n\n\n<p>Bildung Vertrieb: edu@boinx.com<\/p>\n\n\n\n<p><\/p>\n\n\n\n<h2 class=\"wp-block-heading\">Rechtliches<\/h2>\n\n\n\n<h3 class=\"wp-block-heading\">Handelsregister \/ Trade Register<\/h3>\n\n\n\n<p>Gesch\u00e4ftsf\u00fchrer (CEO): Oliver Breidenbach<br>Registergericht M\u00fcnchen, HRB 247307<\/p>\n\n\n\n<h3 class=\"wp-block-heading\">Urheberrecht<\/h3>\n\n\n\n<p>Das gesamte Material auf dieser Website ist Copyright \u00a9 2023 von Boinx Software International GmbH.<br>Alle Rechte vorbehalten.<\/p>\n\n\n\n<h3 class=\"wp-block-heading\">Markenzeichen<\/h3>\n\n\n\n<p>Boinx Software und das Boinx Software Logo sind Warenzeichen der Boinx Software International GmbH. Mac und das Mac-Logo sind Marken von Apple Computer, Inc. und in den USA und anderen L\u00e4ndern eingetragen. Apple und das Apple-Logo sind in den USA und anderen L\u00e4ndern eingetragene Warenzeichen von Apple Computer, Inc. und werden mit Genehmigung verwendet.<\/p>\n\n\n\n<h2 class=\"wp-block-heading\">Realisierung und Konzept<\/h2>\n\n\n\n<h3 class=\"wp-block-heading\">Website<\/h3>\n\n\n\n<p>Steffen Skopp von&nbsp;<a href=\"https:\/\/klartext-tacheles.de\/\" target=\"_blank\" rel=\"noopener\">klartext-tacheles.de<\/a><\/p>","protected":false},"excerpt":{"rendered":"<p>Boinx Software International GmbH Industriestr. 982110 GermeringGermany Phone: +49 89 84 00 55 0Fax: +49 89 84 00 55 55Fax US: 1-866-GOBOINX (toll free) Contact us We are here to help you. Please use the email links on this page to get in contact with us. Boinx Software is based in Germany. Please take a [&hellip;]<\/p>\n","protected":false},"author":1,"featured_media":0,"parent":0,"menu_order":0,"comment_status":"closed","ping_status":"closed","template":"","meta":{"footnotes":""},"class_list":["post-18","page","type-page","status-publish","hentry"],"_links":{"self":[{"href":"https:\/\/istopmotion.com\/de\/wp-json\/wp\/v2\/pages\/18","targetHints":{"allow":["GET"]}}],"collection":[{"href":"https:\/\/istopmotion.com\/de\/wp-json\/wp\/v2\/pages"}],"about":[{"href":"https:\/\/istopmotion.com\/de\/wp-json\/wp\/v2\/types\/page"}],"author":[{"embeddable":true,"href":"https:\/\/istopmotion.com\/de\/wp-json\/wp\/v2\/users\/1"}],"replies":[{"embeddable":true,"href":"https:\/\/istopmotion.com\/de\/wp-json\/wp\/v2\/comments?post=18"}],"version-history":[{"count":1,"href":"https:\/\/istopmotion.com\/de\/wp-json\/wp\/v2\/pages\/18\/revisions"}],"predecessor-version":[{"id":2558,"href":"https:\/\/istopmotion.com\/de\/wp-json\/wp\/v2\/pages\/18\/revisions\/2558"}],"wp:attachment":[{"href":"https:\/\/istopmotion.com\/de\/wp-json\/wp\/v2\/media?parent=18"}],"curies":[{"name":"wp","href":"https:\/\/api.w.org\/{rel}","templated":true}]}}